{"id":121296,"date":"2022-06-01T19:01:58","date_gmt":"2022-06-01T17:01:58","guid":{"rendered":"https:\/\/www.fabioferro.eu\/festina-herren-stahltaschenuhr-mm-42.html"},"modified":"2022-06-01T19:01:58","modified_gmt":"2022-06-01T17:01:58","slug":"festina-herren-stahltaschenuhr-mm-42","status":"publish","type":"product","link":"https:\/\/www.fabioferro.eu\/de\/festina-herren-stahltaschenuhr-mm-42.html","title":{"rendered":"Festina Herren Stahltaschenuhr MM. 42"},"content":{"rendered":"<p>Festina Herren-Taschenuhr aus Edelstahl Modell Classic.<\/p>\n<p>Analoges Quarzwerk.<\/p>\n<p>Hergestellt aus poliertem Edelstahl mit Zwiebeloptik, Durchmesser 42,00 mm und einer Dicke von 12,00 mm. Ger\u00e4ndelte Einstellkrone aus Stahl.<\/p>\n<p>Leicht gew\u00f6lbtes Mineralglas.<\/p>\n<p>Wei\u00dfes Zifferblatt mit polierten schwarzen Metallzeigern f\u00fcr Stunden, Minuten und Sekunden. Gl\u00e4nzende schwarze arabische Ziffern. Datumsfeld auf drei Uhr.<\/p>\n<p>Auf dem polierten Edelstahlboden kann die Uhr mit einer Gravur personalisiert werden: ein Erinnerungsdatum, eine kurze Widmung, ein gesch\u00e4tzter Name, ein Jahrestag&#8230;<\/p>\n<p>Abnehmbare Stahlkette, Modell Rattenschwanz, Durchmesser 3 mm, L\u00e4nge 35,50 cm. Zum Anbringen der Uhr ist die Kette mit zwei kleinen Karabinerhaken ausgestattet.<\/p>\n<p>Die Uhr hat ein Gesamtgewicht von gr. 48.00 inklusive Kette.<\/p>\n<p>Neue Uhr mit original Festina Geh\u00e4use und Garantie.<\/p>\n<p>&nbsp;<\/p>\n<p>&nbsp;<\/p>\n<p>&nbsp;<\/p>\n<p>&nbsp;<\/p>\n","protected":false},"excerpt":{"rendered":"<p>Festina Herren-Taschenuhr klassisches Modell Durchmesser 42 mm mit wei\u00dfem Zifferblatt.<\/p>\n","protected":false},"featured_media":121303,"comment_status":"open","ping_status":"closed","template":"","meta":[],"product_brand":[171],"product_cat":[5998],"product_tag":[7442],"class_list":{"0":"post-121296","1":"product","2":"type-product","3":"status-publish","4":"has-post-thumbnail","6":"product_brand-festina","7":"product_cat-festina-herrenuhren","8":"product_tag-verfugbar","10":"first","11":"outofstock","12":"sale","13":"taxable","14":"shipping-taxable","15":"purchasable","16":"product-type-simple"},"exclude_global_add_ons":[],"addons":[],"df_price":80,"df_sale_price":80,"df_regular_price":100,"df_image_link":"https:\/\/cdn02.fabioferro.eu\/wp-content\/uploads\/virtuemart\/product\/orologio_da_taschino_festina_uomo_bianco__1506093822_855.jpg","_links":{"self":[{"href":"https:\/\/www.fabioferro.eu\/de\/wp-json\/wp\/v2\/product\/121296","targetHints":{"allow":["GET"]}}],"collection":[{"href":"https:\/\/www.fabioferro.eu\/de\/wp-json\/wp\/v2\/product"}],"about":[{"href":"https:\/\/www.fabioferro.eu\/de\/wp-json\/wp\/v2\/types\/product"}],"replies":[{"embeddable":true,"href":"https:\/\/www.fabioferro.eu\/de\/wp-json\/wp\/v2\/comments?post=121296"}],"version-history":[{"count":0,"href":"https:\/\/www.fabioferro.eu\/de\/wp-json\/wp\/v2\/product\/121296\/revisions"}],"wp:featuredmedia":[{"embeddable":true,"href":"https:\/\/www.fabioferro.eu\/de\/wp-json\/wp\/v2\/media\/121303"}],"wp:attachment":[{"href":"https:\/\/www.fabioferro.eu\/de\/wp-json\/wp\/v2\/media?parent=121296"}],"wp:term":[{"taxonomy":"product_brand","embeddable":true,"href":"https:\/\/www.fabioferro.eu\/de\/wp-json\/wp\/v2\/product_brand?post=121296"},{"taxonomy":"product_cat","embeddable":true,"href":"https:\/\/www.fabioferro.eu\/de\/wp-json\/wp\/v2\/product_cat?post=121296"},{"taxonomy":"product_tag","embeddable":true,"href":"https:\/\/www.fabioferro.eu\/de\/wp-json\/wp\/v2\/product_tag?post=121296"}],"curies":[{"name":"wp","href":"https:\/\/api.w.org\/{rel}","templated":true}]}}