{"id":121302,"date":"2022-06-01T19:04:58","date_gmt":"2022-06-01T17:04:58","guid":{"rendered":"https:\/\/www.fabioferro.eu\/ti-sento-milano-925-sterling-silber-gelbgold-vergoldet-ohrstecker-mit-kubischen-zirkonia-pave.html"},"modified":"2024-09-18T17:15:59","modified_gmt":"2024-09-18T15:15:59","slug":"ti-sento-milano-925-sterling-silber-gelbgold-vergoldet-ohrstecker-mit-kubischen-zirkonia-pave","status":"publish","type":"product","link":"https:\/\/www.fabioferro.eu\/de\/ti-sento-milano-925-sterling-silber-gelbgold-vergoldet-ohrstecker-mit-kubischen-zirkonia-pave.html","title":{"rendered":"Ti Sento Milano 925 Sterling Silber Gelbgold vergoldet Ohrstecker mit kubischen Zirkonia Pave."},"content":{"rendered":"<p>Damenohrringe Ti Sento Milano aus rhodiniertem 925\/1000 Sterlingsilber mit Gelbgoldplattierung und Zirkoniumdioxid. Modell Lappenringe mit Druckkn\u00f6pfen. Der Ohrring hat einen Durchmesser von 13,60 mm und eine Breite von 6,00 mm. Hergestellt aus poliertem Sterlingsilber, zur H\u00e4lfte mit Gelbgold beschichtet und zur anderen H\u00e4lfte mit einem funkelnden Pflaster aus wei\u00dfen Zirkonia. Der neue Artikel wird von einer eleganten Satinverpackung und der entsprechenden Ti Sento Milano Garantie begleitet.<\/p>\n","protected":false},"excerpt":{"rendered":"<p>Ti Sento Milano Ohrringe in Sterling Silber 925 Ring Modell mit wei\u00dfen Zirkonia Pav\u00e8.<\/p>\n","protected":false},"featured_media":121330,"comment_status":"open","ping_status":"closed","template":"","meta":[],"product_brand":[158],"product_cat":[6060],"product_tag":[],"class_list":{"0":"post-121302","1":"product","2":"type-product","3":"status-publish","4":"has-post-thumbnail","6":"product_brand-ti-sento-milano","7":"product_cat-ti-sento-milano-ohrringe","9":"first","10":"outofstock","11":"taxable","12":"shipping-taxable","13":"purchasable","14":"product-type-simple"},"exclude_global_add_ons":[],"addons":[],"df_price":149,"df_sale_price":"","df_regular_price":149,"df_image_link":"https:\/\/cdn02.fabioferro.eu\/wp-content\/uploads\/virtuemart\/product\/orecchini-ti-sento-milano-argento-76433zy-argento-placcato-oro-giallo.jpg1_.jpg","_links":{"self":[{"href":"https:\/\/www.fabioferro.eu\/de\/wp-json\/wp\/v2\/product\/121302","targetHints":{"allow":["GET"]}}],"collection":[{"href":"https:\/\/www.fabioferro.eu\/de\/wp-json\/wp\/v2\/product"}],"about":[{"href":"https:\/\/www.fabioferro.eu\/de\/wp-json\/wp\/v2\/types\/product"}],"replies":[{"embeddable":true,"href":"https:\/\/www.fabioferro.eu\/de\/wp-json\/wp\/v2\/comments?post=121302"}],"version-history":[{"count":0,"href":"https:\/\/www.fabioferro.eu\/de\/wp-json\/wp\/v2\/product\/121302\/revisions"}],"wp:featuredmedia":[{"embeddable":true,"href":"https:\/\/www.fabioferro.eu\/de\/wp-json\/wp\/v2\/media\/121330"}],"wp:attachment":[{"href":"https:\/\/www.fabioferro.eu\/de\/wp-json\/wp\/v2\/media?parent=121302"}],"wp:term":[{"taxonomy":"product_brand","embeddable":true,"href":"https:\/\/www.fabioferro.eu\/de\/wp-json\/wp\/v2\/product_brand?post=121302"},{"taxonomy":"product_cat","embeddable":true,"href":"https:\/\/www.fabioferro.eu\/de\/wp-json\/wp\/v2\/product_cat?post=121302"},{"taxonomy":"product_tag","embeddable":true,"href":"https:\/\/www.fabioferro.eu\/de\/wp-json\/wp\/v2\/product_tag?post=121302"}],"curies":[{"name":"wp","href":"https:\/\/api.w.org\/{rel}","templated":true}]}}