{"id":121328,"date":"2022-06-01T19:03:15","date_gmt":"2022-06-01T17:03:15","guid":{"rendered":"https:\/\/www.fabioferro.eu\/giovanni-raspini-karte-gaensebluemchen-glas-und-silber-rahmen-cm-13x9.html"},"modified":"2026-02-28T10:27:43","modified_gmt":"2026-02-28T09:27:43","slug":"giovanni-raspini-karte-gaensebluemchen-glas-und-silber-rahmen-cm-13x9","status":"publish","type":"product","link":"https:\/\/www.fabioferro.eu\/de\/giovanni-raspini-karte-gaensebluemchen-glas-und-silber-rahmen-cm-13x9.html","title":{"rendered":"Giovanni Raspini Karte G\u00e4nsebl\u00fcmchen Glas und Silber Rahmen Cm. 13&#215;9"},"content":{"rendered":"<p>Giovanni Raspini neue Card Margherite Kollektion Rahmen aus Glas und 800 Silber. Hergestellt aus transparentem Glas mit geschliffenen Kanten. Die Au\u00dfenma\u00dfe sind 13,00&#215;9,00 cm und die Dicke betr\u00e4gt 2,00 cm. Das empfohlene Fotoformat ist 13&#215;8 cm. Der Rahmen hat keine St\u00fctze, da seine Dicke f\u00fcr eine perfekte Stabilit\u00e4t sorgt, sobald er gest\u00fctzt wird. Vorderseitenapplikation mit G\u00e4nsebl\u00fcmchenstrau\u00df aus 925er Silber. Neuer Artikel mit original Giovanni Raspini Box und Garantie.  &nbsp;<\/p>\n<p>&nbsp;<\/p>\n","protected":false},"excerpt":{"rendered":"<p>Giovanni Raspini G\u00e4nsebl\u00fcmchen Kartenrahmen aus Glas und 925er Silber.<\/p>\n","protected":false},"featured_media":121350,"comment_status":"open","ping_status":"closed","template":"","meta":[],"product_brand":[],"product_cat":[7620],"product_tag":[7442],"class_list":{"0":"post-121328","1":"product","2":"type-product","3":"status-publish","4":"has-post-thumbnail","6":"product_cat-outlet-schmuck","7":"product_tag-verfugbar","9":"first","10":"instock","11":"sale","12":"taxable","13":"shipping-taxable","14":"purchasable","15":"product-type-simple"},"exclude_global_add_ons":[],"addons":[],"df_price":144,"df_sale_price":144,"df_regular_price":160,"df_image_link":"https:\/\/cdn02.fabioferro.eu\/wp-content\/uploads\/virtuemart\/product\/cornice-giovanni-raspini-card-cristallo-argento-margherite-2286.jpg","_links":{"self":[{"href":"https:\/\/www.fabioferro.eu\/de\/wp-json\/wp\/v2\/product\/121328","targetHints":{"allow":["GET"]}}],"collection":[{"href":"https:\/\/www.fabioferro.eu\/de\/wp-json\/wp\/v2\/product"}],"about":[{"href":"https:\/\/www.fabioferro.eu\/de\/wp-json\/wp\/v2\/types\/product"}],"replies":[{"embeddable":true,"href":"https:\/\/www.fabioferro.eu\/de\/wp-json\/wp\/v2\/comments?post=121328"}],"version-history":[{"count":1,"href":"https:\/\/www.fabioferro.eu\/de\/wp-json\/wp\/v2\/product\/121328\/revisions"}],"predecessor-version":[{"id":212087,"href":"https:\/\/www.fabioferro.eu\/de\/wp-json\/wp\/v2\/product\/121328\/revisions\/212087"}],"wp:featuredmedia":[{"embeddable":true,"href":"https:\/\/www.fabioferro.eu\/de\/wp-json\/wp\/v2\/media\/121350"}],"wp:attachment":[{"href":"https:\/\/www.fabioferro.eu\/de\/wp-json\/wp\/v2\/media?parent=121328"}],"wp:term":[{"taxonomy":"product_brand","embeddable":true,"href":"https:\/\/www.fabioferro.eu\/de\/wp-json\/wp\/v2\/product_brand?post=121328"},{"taxonomy":"product_cat","embeddable":true,"href":"https:\/\/www.fabioferro.eu\/de\/wp-json\/wp\/v2\/product_cat?post=121328"},{"taxonomy":"product_tag","embeddable":true,"href":"https:\/\/www.fabioferro.eu\/de\/wp-json\/wp\/v2\/product_tag?post=121328"}],"curies":[{"name":"wp","href":"https:\/\/api.w.org\/{rel}","templated":true}]}}