{"id":121344,"date":"2022-06-01T19:05:44","date_gmt":"2022-06-01T17:05:44","guid":{"rendered":"https:\/\/www.fabioferro.eu\/fabio-ferro-ring-aus-weissgold-mit-meeres-zuchtperle-und-023-karat-diamanten.html"},"modified":"2024-10-30T09:55:44","modified_gmt":"2024-10-30T08:55:44","slug":"fabio-ferro-ring-aus-weissgold-mit-meeres-zuchtperle-und-023-karat-diamanten","status":"publish","type":"product","link":"https:\/\/www.fabioferro.eu\/de\/fabio-ferro-ring-aus-weissgold-mit-meeres-zuchtperle-und-023-karat-diamanten.html","title":{"rendered":"Fabio Ferro Ring aus Wei\u00dfgold mit Meeres-Zuchtperle und 0,23 Karat Diamanten"},"content":{"rendered":"<p>Fabio Ferro Ring aus 750\/1000 Wei\u00dfgold mit einer 8\u00bd-9 mm gro\u00dfen japanischen Zuchtperle, besetzt mit Diamanten im Brillantschliff. Er wurde in unserer Goldschmiedewerkstatt aus Wei\u00dfgold mit polierter Oberfl\u00e4che handgefertigt und wiegt 3,50 Gramm. In seinem Zentrum befindet sich eine wertvolle japanische Akoya-Zuchtperle mit einem Durchmesser von 8\u00bd-9 mm.<\/p>\n<p>Um die Sch\u00f6nheit der Perle zu unterstreichen, sind die beiden Seiten mit Diamanten im Brillantschliff von insgesamt 0,23 Karat, Farbe G, Reinheit VVS, besetzt. Das neue Schmuckst\u00fcck wird von einem eleganten Etui, der Echtheitsgarantie von Fabio Ferro i Gioielli und einer kostenlosen Geschenkbox begleitet.<\/p>\n<p>&nbsp;<\/p>\n","protected":false},"excerpt":{"rendered":"<p>Handgefertigter Damenring aus Wei\u00dfgold mit 8,5\/9,0 mm gro\u00dfer japanischer Zuchtperle und Diamanten im Brillantschliff.<\/p>\n","protected":false},"featured_media":121352,"comment_status":"open","ping_status":"closed","template":"","meta":[],"product_brand":[152],"product_cat":[6425,5934],"product_tag":[],"class_list":{"0":"post-121344","1":"product","2":"type-product","3":"status-publish","4":"has-post-thumbnail","6":"product_brand-fabio-ferro-i-gioielli","7":"product_cat-armbander-und-perlenringe","8":"product_cat-ringe","10":"first","11":"instock","12":"sale","13":"taxable","14":"shipping-taxable","15":"purchasable","16":"product-type-variable","17":"has-default-attributes"},"exclude_global_add_ons":[],"addons":[],"df_price":1280,"df_sale_price":"","df_regular_price":1280,"df_image_link":"https:\/\/cdn02.fabioferro.eu\/wp-content\/uploads\/virtuemart\/product\/IMG_7716.jpg","_links":{"self":[{"href":"https:\/\/www.fabioferro.eu\/de\/wp-json\/wp\/v2\/product\/121344","targetHints":{"allow":["GET"]}}],"collection":[{"href":"https:\/\/www.fabioferro.eu\/de\/wp-json\/wp\/v2\/product"}],"about":[{"href":"https:\/\/www.fabioferro.eu\/de\/wp-json\/wp\/v2\/types\/product"}],"replies":[{"embeddable":true,"href":"https:\/\/www.fabioferro.eu\/de\/wp-json\/wp\/v2\/comments?post=121344"}],"version-history":[{"count":0,"href":"https:\/\/www.fabioferro.eu\/de\/wp-json\/wp\/v2\/product\/121344\/revisions"}],"wp:featuredmedia":[{"embeddable":true,"href":"https:\/\/www.fabioferro.eu\/de\/wp-json\/wp\/v2\/media\/121352"}],"wp:attachment":[{"href":"https:\/\/www.fabioferro.eu\/de\/wp-json\/wp\/v2\/media?parent=121344"}],"wp:term":[{"taxonomy":"product_brand","embeddable":true,"href":"https:\/\/www.fabioferro.eu\/de\/wp-json\/wp\/v2\/product_brand?post=121344"},{"taxonomy":"product_cat","embeddable":true,"href":"https:\/\/www.fabioferro.eu\/de\/wp-json\/wp\/v2\/product_cat?post=121344"},{"taxonomy":"product_tag","embeddable":true,"href":"https:\/\/www.fabioferro.eu\/de\/wp-json\/wp\/v2\/product_tag?post=121344"}],"curies":[{"name":"wp","href":"https:\/\/api.w.org\/{rel}","templated":true}]}}