{"id":121345,"date":"2022-06-01T19:02:59","date_gmt":"2022-06-01T17:02:59","guid":{"rendered":"https:\/\/www.fabioferro.eu\/giovanni-raspini-925-sterling-silber-armreif-mit-labradorit-neue-milchstrasse-kollektion.html"},"modified":"2024-09-18T15:33:37","modified_gmt":"2024-09-18T13:33:37","slug":"giovanni-raspini-925-sterling-silber-armreif-mit-labradorit-neue-milchstrasse-kollektion","status":"publish","type":"product","link":"https:\/\/www.fabioferro.eu\/de\/giovanni-raspini-925-sterling-silber-armreif-mit-labradorit-neue-milchstrasse-kollektion.html","title":{"rendered":"Giovanni Raspini 925 Sterling Silber Armreif mit Labradorit Neue Milchstra\u00dfe Kollektion"},"content":{"rendered":"<div class=\"description\">\n<div class=\"description\">\n<div class=\"description\">\n<div class=\"description\">  Damenarmband Giovanni Raspini New Milky Way Collection Aus 925\/1000 Silber mit Labradorit. Gesamtgewicht gr. 60.00. Handgefertigter Schmuck, ausschlie\u00dflich in Italien hergestellt. Eine Kollektion, die von einem Sternenhimmel mit Mondlichtreflexen inspiriert ist. Der f\u00fcr dieses Schmuckst\u00fcck verwendete Labradorit ist ein Silikatmineral aus Aluminium, Kalzium und Natrium mit schillernden Graut\u00f6nen, die in Blau und Silbergrau \u00fcbergehen. Besteht aus 2 starren Elementen mit einer R\u00fcckholfeder, die daf\u00fcr sorgt, dass sich das Armband oben kreuzt und schlie\u00dft. Die maximale Breite, die das Armband erreichen kann, betr\u00e4gt mm. 30,00. In die Oberfl\u00e4che sind f\u00fcnf Kugeln aus nat\u00fcrlichem Labradorit in mondgrauen Farbt\u00f6nen mit silberblauen Reflexen eingelassen. Das Armband hat einen Innendurchmesser von 5,50 cm. Neues Schmuckst\u00fcck mit schwarzem Krokodil-Etui und offizieller Giovanni Raspini Garantie.  &nbsp;<\/p>\n<p>&nbsp;<\/p>\n<\/div>\n<\/div>\n<\/div>\n<\/div>\n","protected":false},"excerpt":{"rendered":"<p>Starres Damenarmband Giovanni Raspini neue Kollektion Via Lattea aus 925\/1000 Silber und nat\u00fcrlichem Labradorit.<\/p>\n","protected":false},"featured_media":121351,"comment_status":"open","ping_status":"closed","template":"","meta":[],"product_brand":[155],"product_cat":[7569],"product_tag":[],"class_list":{"0":"post-121345","1":"product","2":"type-product","3":"status-publish","4":"has-post-thumbnail","6":"product_brand-raspini","7":"product_cat-armbander-giovanni-raspini","9":"first","10":"instock","11":"sale","12":"taxable","13":"shipping-taxable","14":"purchasable","15":"product-type-simple"},"exclude_global_add_ons":[],"addons":[],"df_price":693,"df_sale_price":693,"df_regular_price":770,"df_image_link":"https:\/\/cdn02.fabioferro.eu\/wp-content\/uploads\/virtuemart\/product\/bracciale-giovanni-raspini-via-lattea-9964.jpg2_.jpg","_links":{"self":[{"href":"https:\/\/www.fabioferro.eu\/de\/wp-json\/wp\/v2\/product\/121345","targetHints":{"allow":["GET"]}}],"collection":[{"href":"https:\/\/www.fabioferro.eu\/de\/wp-json\/wp\/v2\/product"}],"about":[{"href":"https:\/\/www.fabioferro.eu\/de\/wp-json\/wp\/v2\/types\/product"}],"replies":[{"embeddable":true,"href":"https:\/\/www.fabioferro.eu\/de\/wp-json\/wp\/v2\/comments?post=121345"}],"version-history":[{"count":0,"href":"https:\/\/www.fabioferro.eu\/de\/wp-json\/wp\/v2\/product\/121345\/revisions"}],"wp:featuredmedia":[{"embeddable":true,"href":"https:\/\/www.fabioferro.eu\/de\/wp-json\/wp\/v2\/media\/121351"}],"wp:attachment":[{"href":"https:\/\/www.fabioferro.eu\/de\/wp-json\/wp\/v2\/media?parent=121345"}],"wp:term":[{"taxonomy":"product_brand","embeddable":true,"href":"https:\/\/www.fabioferro.eu\/de\/wp-json\/wp\/v2\/product_brand?post=121345"},{"taxonomy":"product_cat","embeddable":true,"href":"https:\/\/www.fabioferro.eu\/de\/wp-json\/wp\/v2\/product_cat?post=121345"},{"taxonomy":"product_tag","embeddable":true,"href":"https:\/\/www.fabioferro.eu\/de\/wp-json\/wp\/v2\/product_tag?post=121345"}],"curies":[{"name":"wp","href":"https:\/\/api.w.org\/{rel}","templated":true}]}}