{"id":121390,"date":"2022-06-01T19:00:01","date_gmt":"2022-06-01T17:00:01","guid":{"rendered":"https:\/\/www.fabioferro.eu\/fabio-ferro-weissgold-ohrringe-mit-7-75-mm-grossen-suesswasser-zuchtperlen.html"},"modified":"2024-09-18T15:33:41","modified_gmt":"2024-09-18T13:33:41","slug":"fabio-ferro-weissgold-ohrringe-mit-7-75-mm-grossen-suesswasser-zuchtperlen","status":"publish","type":"product","link":"https:\/\/www.fabioferro.eu\/de\/fabio-ferro-weissgold-ohrringe-mit-7-75-mm-grossen-suesswasser-zuchtperlen.html","title":{"rendered":"Fabio Ferro Wei\u00dfgold-Ohrringe mit 7-7,5 mm gro\u00dfen S\u00fc\u00dfwasser-Zuchtperlen."},"content":{"rendered":"<p>In unserer Goldschmiedewerkstatt handgefertigte Ohrringe aus 750\/1000 Wei\u00dfgold mit einem Gewicht von 2,70 Gramm. Ein Ohrring-Anh\u00e4nger mit einem Verschluss und zwei nat\u00fcrlichen wei\u00dfen S\u00fc\u00dfwasserperlen mit einem Durchmesser von 7-7,50 mm. Der H\u00e4ngeohrring hat eine Gesamtl\u00e4nge von 14 mm. Die Farbe der Perlen kann leicht vom Foto abweichen, da es sich um nat\u00fcrliche Perlen handelt und eine Perle von der anderen verschieden ist. Der Ohrring wird mit einem Echtheitszertifikat von Fabio Ferro i Gioielli und einer sch\u00f6nen kostenlosen Geschenkbox geliefert.  &nbsp;<\/p>\n<div class=\"custom\">\n<p>&nbsp;<\/p>\n<\/div>\n","protected":false},"excerpt":{"rendered":"<p>Wei\u00dfgold Halskette Ohrringe mit nat\u00fcrlichen S\u00fc\u00dfwasser-Zuchtperlen Durchmesser 7-7,50 mm<\/p>\n","protected":false},"featured_media":121400,"comment_status":"open","ping_status":"closed","template":"","meta":[],"product_brand":[152],"product_cat":[6022],"product_tag":[],"class_list":{"0":"post-121390","1":"product","2":"type-product","3":"status-publish","4":"has-post-thumbnail","6":"product_brand-fabio-ferro-i-gioielli","7":"product_cat-perlen-ohrringe","9":"first","10":"instock","11":"sale","12":"taxable","13":"shipping-taxable","14":"purchasable","15":"product-type-simple"},"exclude_global_add_ons":[],"addons":[],"df_price":384,"df_sale_price":384,"df_regular_price":480,"df_image_link":"https:\/\/cdn02.fabioferro.eu\/wp-content\/uploads\/orecchini-monachella-perla-fabio-ferro-in-oro-acqua-dolce-34-14orp.jpg","_links":{"self":[{"href":"https:\/\/www.fabioferro.eu\/de\/wp-json\/wp\/v2\/product\/121390","targetHints":{"allow":["GET"]}}],"collection":[{"href":"https:\/\/www.fabioferro.eu\/de\/wp-json\/wp\/v2\/product"}],"about":[{"href":"https:\/\/www.fabioferro.eu\/de\/wp-json\/wp\/v2\/types\/product"}],"replies":[{"embeddable":true,"href":"https:\/\/www.fabioferro.eu\/de\/wp-json\/wp\/v2\/comments?post=121390"}],"version-history":[{"count":0,"href":"https:\/\/www.fabioferro.eu\/de\/wp-json\/wp\/v2\/product\/121390\/revisions"}],"wp:featuredmedia":[{"embeddable":true,"href":"https:\/\/www.fabioferro.eu\/de\/wp-json\/wp\/v2\/media\/121400"}],"wp:attachment":[{"href":"https:\/\/www.fabioferro.eu\/de\/wp-json\/wp\/v2\/media?parent=121390"}],"wp:term":[{"taxonomy":"product_brand","embeddable":true,"href":"https:\/\/www.fabioferro.eu\/de\/wp-json\/wp\/v2\/product_brand?post=121390"},{"taxonomy":"product_cat","embeddable":true,"href":"https:\/\/www.fabioferro.eu\/de\/wp-json\/wp\/v2\/product_cat?post=121390"},{"taxonomy":"product_tag","embeddable":true,"href":"https:\/\/www.fabioferro.eu\/de\/wp-json\/wp\/v2\/product_tag?post=121390"}],"curies":[{"name":"wp","href":"https:\/\/api.w.org\/{rel}","templated":true}]}}