{"id":121391,"date":"2022-06-01T19:00:40","date_gmt":"2022-06-01T17:00:40","guid":{"rendered":"https:\/\/www.fabioferro.eu\/fope-prima-flex-it-collection-armband-in-rose-gold-mit-diamanten.html"},"modified":"2026-01-09T16:26:49","modified_gmt":"2026-01-09T15:26:49","slug":"fope-prima-flex-it-collection-armband-in-rose-gold-mit-diamanten","status":"publish","type":"product","link":"https:\/\/www.fabioferro.eu\/de\/fope-prima-flex-it-collection-armband-in-rose-gold-mit-diamanten.html","title":{"rendered":"Fope Prima Flex It Collection Armband in Rose Gold mit Diamanten"},"content":{"rendered":"<p>Prima ist einer der Stars in der flex&#8217;it-Familie und zeichnet sich durch seine Raffinesse, Eleganz und Leichtigkeit aus.<\/p>\n<p>Hinter der Gliederkette verbergen sich Dutzende von winzigen Federn aus 18 Karat Gold, die die Armb\u00e4nder und Ringe geschmeidig und flexibel machen. Eine n\u00fcchterne und heitere Bewegung, dargestellt durch kleine Ringe aus Wei\u00dfgold mit Diamanten, ein zartes und raffiniertes Spiel von Licht und Reflexen.<\/p>\n<p>Jedes Fope-Schmuckst\u00fcck ist perfekt, um einzeln getragen zu werden, aber noch fantastischer, wenn es zusammen mit anderen Fope-Kreationen getragen wird.<\/p>\n<p>Das Armband ist vollst\u00e4ndig in Italien handgefertigt.<\/p>\n<p>Das zentrale Motiv besteht aus feststehenden Ringen aus Wei\u00dfgold, die mit Brillanten besetzt sind. Die Gesamtzahl der verwendeten Diamanten betr\u00e4gt 0,07 Karat, Farbe G und Reinheit VS1.<\/p>\n<p>Das Juwel wird von einem eleganten Etui und einer internationalen Garantie von Fope begleitet.<\/p>\n<p><img decoding=\"async\" class=\"alignnone size-full wp-image-205465\" src=\"http:\/\/cdn02.fabioferro.eu\/wp-content\/uploads\/tabelle-misure-bracciali.jpg\" alt=\"\" width=\"1900\" height=\"153\" title=\"\" srcset=\"https:\/\/cdn02.fabioferro.eu\/wp-content\/uploads\/tabelle-misure-bracciali.jpg 1900w, https:\/\/cdn02.fabioferro.eu\/wp-content\/uploads\/tabelle-misure-bracciali-768x62.jpg 768w, https:\/\/cdn02.fabioferro.eu\/wp-content\/uploads\/tabelle-misure-bracciali-1536x124.jpg 1536w, https:\/\/cdn02.fabioferro.eu\/wp-content\/uploads\/tabelle-misure-bracciali-990x80.jpg 990w, https:\/\/cdn02.fabioferro.eu\/wp-content\/uploads\/tabelle-misure-bracciali-441x36.jpg 441w, https:\/\/cdn02.fabioferro.eu\/wp-content\/uploads\/tabelle-misure-bracciali-600x48.jpg 600w, https:\/\/cdn02.fabioferro.eu\/wp-content\/uploads\/tabelle-misure-bracciali-150x12.jpg 150w\" sizes=\"(max-width: 1900px) 100vw, 1900px\" \/><\/p>\n","protected":false},"excerpt":{"rendered":"<p>Eine handgefertigte Kreation, die sich wie von Zauberhand an Ihr Handgelenk anpasst.<\/p>\n","protected":false},"featured_media":121404,"comment_status":"open","ping_status":"closed","template":"","meta":[],"product_brand":[],"product_cat":[6161],"product_tag":[],"class_list":{"0":"post-121391","1":"product","2":"type-product","3":"status-publish","4":"has-post-thumbnail","6":"product_cat-fope-armbander","8":"first","9":"instock","10":"taxable","11":"shipping-taxable","12":"purchasable","13":"product-type-variable","14":"has-default-attributes"},"exclude_global_add_ons":[],"addons":[],"df_price":2970,"df_sale_price":"","df_regular_price":2970,"df_image_link":"https:\/\/cdn02.fabioferro.eu\/wp-content\/uploads\/virtuemart\/product\/bracciale_fope_collezione_prima_in_oro_rosa_746B_BBR_BR__1594370346_22.jpg","_links":{"self":[{"href":"https:\/\/www.fabioferro.eu\/de\/wp-json\/wp\/v2\/product\/121391","targetHints":{"allow":["GET"]}}],"collection":[{"href":"https:\/\/www.fabioferro.eu\/de\/wp-json\/wp\/v2\/product"}],"about":[{"href":"https:\/\/www.fabioferro.eu\/de\/wp-json\/wp\/v2\/types\/product"}],"replies":[{"embeddable":true,"href":"https:\/\/www.fabioferro.eu\/de\/wp-json\/wp\/v2\/comments?post=121391"}],"version-history":[{"count":1,"href":"https:\/\/www.fabioferro.eu\/de\/wp-json\/wp\/v2\/product\/121391\/revisions"}],"predecessor-version":[{"id":206588,"href":"https:\/\/www.fabioferro.eu\/de\/wp-json\/wp\/v2\/product\/121391\/revisions\/206588"}],"wp:featuredmedia":[{"embeddable":true,"href":"https:\/\/www.fabioferro.eu\/de\/wp-json\/wp\/v2\/media\/121404"}],"wp:attachment":[{"href":"https:\/\/www.fabioferro.eu\/de\/wp-json\/wp\/v2\/media?parent=121391"}],"wp:term":[{"taxonomy":"product_brand","embeddable":true,"href":"https:\/\/www.fabioferro.eu\/de\/wp-json\/wp\/v2\/product_brand?post=121391"},{"taxonomy":"product_cat","embeddable":true,"href":"https:\/\/www.fabioferro.eu\/de\/wp-json\/wp\/v2\/product_cat?post=121391"},{"taxonomy":"product_tag","embeddable":true,"href":"https:\/\/www.fabioferro.eu\/de\/wp-json\/wp\/v2\/product_tag?post=121391"}],"curies":[{"name":"wp","href":"https:\/\/api.w.org\/{rel}","templated":true}]}}