{"id":121403,"date":"2022-06-01T18:57:38","date_gmt":"2022-06-01T16:57:38","guid":{"rendered":"https:\/\/www.fabioferro.eu\/charme-giovanni-raspini-kaetzchen-minu.html"},"modified":"2024-09-18T15:33:45","modified_gmt":"2024-09-18T13:33:45","slug":"charme-giovanni-raspini-kaetzchen-minu","status":"publish","type":"product","link":"https:\/\/www.fabioferro.eu\/de\/charme-giovanni-raspini-kaetzchen-minu.html","title":{"rendered":"Charme Giovanni Raspini K\u00e4tzchen Min\u00f9"},"content":{"rendered":"<div class=\"description\">\n<div class=\"description\">  Giovanni Raspini Min\u00f9 Charm aus 925\/1000 Silber Hergestellt in Italien. Der Anh\u00e4nger ist 13 mm lang und die Verbindungsperle hat einen Durchmesser von 9 mm. Der Anh\u00e4nger hat eine offene Perle, die es erm\u00f6glicht, ihn an einem Armband oder als Anh\u00e4nger an einer Halskette anzubringen. Das Produkt wird von einer eleganten, personalisierten Schachtel und der Giovanni Raspini Garantie begleitet.  <\/div>\n<\/div>\n","protected":false},"excerpt":{"rendered":"<p>Giovanni Raspini Min\u00f9 K\u00e4tzchen Anh\u00e4nger aus 925\/1000 Silber.<\/p>\n","protected":false},"featured_media":121419,"comment_status":"open","ping_status":"closed","template":"","meta":[],"product_brand":[155],"product_cat":[7575,7576,7578],"product_tag":[],"class_list":{"0":"post-121403","1":"product","2":"type-product","3":"status-publish","4":"has-post-thumbnail","6":"product_brand-raspini","7":"product_cat-do-it-yourself-schmuck-giovanni-raspini","8":"product_cat-giovanni-raspini-reize","9":"product_cat-raspini-charms-fur-veranstaltung-de","11":"first","12":"instock","13":"sale","14":"taxable","15":"shipping-taxable","16":"purchasable","17":"product-type-simple"},"exclude_global_add_ons":[],"addons":[],"df_price":36,"df_sale_price":36,"df_regular_price":40,"df_image_link":"https:\/\/cdn02.fabioferro.eu\/wp-content\/uploads\/virtuemart\/product\/charm-giovanni-raspini-gatto-93421.jpg","_links":{"self":[{"href":"https:\/\/www.fabioferro.eu\/de\/wp-json\/wp\/v2\/product\/121403","targetHints":{"allow":["GET"]}}],"collection":[{"href":"https:\/\/www.fabioferro.eu\/de\/wp-json\/wp\/v2\/product"}],"about":[{"href":"https:\/\/www.fabioferro.eu\/de\/wp-json\/wp\/v2\/types\/product"}],"replies":[{"embeddable":true,"href":"https:\/\/www.fabioferro.eu\/de\/wp-json\/wp\/v2\/comments?post=121403"}],"version-history":[{"count":0,"href":"https:\/\/www.fabioferro.eu\/de\/wp-json\/wp\/v2\/product\/121403\/revisions"}],"wp:featuredmedia":[{"embeddable":true,"href":"https:\/\/www.fabioferro.eu\/de\/wp-json\/wp\/v2\/media\/121419"}],"wp:attachment":[{"href":"https:\/\/www.fabioferro.eu\/de\/wp-json\/wp\/v2\/media?parent=121403"}],"wp:term":[{"taxonomy":"product_brand","embeddable":true,"href":"https:\/\/www.fabioferro.eu\/de\/wp-json\/wp\/v2\/product_brand?post=121403"},{"taxonomy":"product_cat","embeddable":true,"href":"https:\/\/www.fabioferro.eu\/de\/wp-json\/wp\/v2\/product_cat?post=121403"},{"taxonomy":"product_tag","embeddable":true,"href":"https:\/\/www.fabioferro.eu\/de\/wp-json\/wp\/v2\/product_tag?post=121403"}],"curies":[{"name":"wp","href":"https:\/\/api.w.org\/{rel}","templated":true}]}}