{"id":121408,"date":"2022-06-01T18:56:01","date_gmt":"2022-06-01T16:56:01","guid":{"rendered":"https:\/\/www.fabioferro.eu\/paar-polello-weiss-und-rotgold-geflochtene-eheringe-mit-brillantschliff-diamant-karat-002.html"},"modified":"2024-09-18T17:25:25","modified_gmt":"2024-09-18T15:25:25","slug":"paar-polello-weiss-und-rotgold-geflochtene-eheringe-mit-brillantschliff-diamant-karat-002","status":"publish","type":"product","link":"https:\/\/www.fabioferro.eu\/de\/paar-polello-weiss-und-rotgold-geflochtene-eheringe-mit-brillantschliff-diamant-karat-002.html","title":{"rendered":"Paar Polello Wei\u00df- und Ros\u00e9gold geflochtene Diamant-Trauringe"},"content":{"rendered":"<div class=\"description\">\n<div class=\"description\">\n<div class=\"description\">\n<div class=\"description\">  Paar Trauringe Polello neue zweifarbige Kollektion in Wei\u00df- und Ros\u00e9gold mit Diamant. Das Produkt wurde in Italien hergestellt. Poliertes 750\/1000er Wei\u00df- und Ros\u00e9gold mit einem Solit\u00e4r-Diamanten. Das charakteristische Merkmal der Polello-Ringe ist die bequeme Passform, die dank der abgerundeten Innenseite eine wirklich einzigartige Geschmeidigkeit bietet. Die Ringe haben eine Breite von 3,00 mm und eine Dicke von 2,00 mm. Der Ehering der Braut ist mit einem Diamanten im Brillantschliff von insgesamt 0,02 Karat besetzt. Farbe G und Reinheit VS1. Interne Lasergravuren sind kostenlos. Das Paar Eheringe wird mit einer eleganten, personalisierten Polello-Box und einem entsprechenden Echtheitszertifikat geliefert.  <\/div>\n<\/div>\n<\/div>\n<\/div>\n","protected":false},"excerpt":{"rendered":"<p>Paar Polello-Trauringe aus Wei\u00dfgold mit Quersteg aus Ros\u00e9gold und Brillant Ct. 0,02.<\/p>\n","protected":false},"featured_media":121420,"comment_status":"open","ping_status":"closed","template":"","meta":[],"product_brand":[198],"product_cat":[6376],"product_tag":[],"class_list":{"0":"post-121408","1":"product","2":"type-product","3":"status-publish","4":"has-post-thumbnail","6":"product_brand-polello","7":"product_cat-trauringe-und-trauringe-nach-mas","9":"first","10":"instock","11":"taxable","12":"shipping-taxable","13":"product-type-simple"},"exclude_global_add_ons":[],"addons":[],"df_price":"","df_sale_price":"","df_regular_price":"","df_image_link":"https:\/\/cdn02.fabioferro.eu\/wp-content\/uploads\/virtuemart\/product\/coppia_fedi_in_oro_bianco_e_oro_rosa_con_brillante_0_02_carati_2838__1596811827_21.jpg","_links":{"self":[{"href":"https:\/\/www.fabioferro.eu\/de\/wp-json\/wp\/v2\/product\/121408","targetHints":{"allow":["GET"]}}],"collection":[{"href":"https:\/\/www.fabioferro.eu\/de\/wp-json\/wp\/v2\/product"}],"about":[{"href":"https:\/\/www.fabioferro.eu\/de\/wp-json\/wp\/v2\/types\/product"}],"replies":[{"embeddable":true,"href":"https:\/\/www.fabioferro.eu\/de\/wp-json\/wp\/v2\/comments?post=121408"}],"version-history":[{"count":0,"href":"https:\/\/www.fabioferro.eu\/de\/wp-json\/wp\/v2\/product\/121408\/revisions"}],"wp:featuredmedia":[{"embeddable":true,"href":"https:\/\/www.fabioferro.eu\/de\/wp-json\/wp\/v2\/media\/121420"}],"wp:attachment":[{"href":"https:\/\/www.fabioferro.eu\/de\/wp-json\/wp\/v2\/media?parent=121408"}],"wp:term":[{"taxonomy":"product_brand","embeddable":true,"href":"https:\/\/www.fabioferro.eu\/de\/wp-json\/wp\/v2\/product_brand?post=121408"},{"taxonomy":"product_cat","embeddable":true,"href":"https:\/\/www.fabioferro.eu\/de\/wp-json\/wp\/v2\/product_cat?post=121408"},{"taxonomy":"product_tag","embeddable":true,"href":"https:\/\/www.fabioferro.eu\/de\/wp-json\/wp\/v2\/product_tag?post=121408"}],"curies":[{"name":"wp","href":"https:\/\/api.w.org\/{rel}","templated":true}]}}