{"id":121461,"date":"2022-06-01T18:55:59","date_gmt":"2022-06-01T16:55:59","guid":{"rendered":"https:\/\/www.fabioferro.eu\/paar-polello-rose-gold-eheringe-mit-weissgold-welle-und-brillantschliff-diamanten-karat-003.html"},"modified":"2024-09-18T17:25:23","modified_gmt":"2024-09-18T15:25:23","slug":"paar-polello-rose-gold-eheringe-mit-weissgold-welle-und-brillantschliff-diamanten-karat-003","status":"publish","type":"product","link":"https:\/\/www.fabioferro.eu\/de\/paar-polello-rose-gold-eheringe-mit-weissgold-welle-und-brillantschliff-diamanten-karat-003.html","title":{"rendered":"Paar Polello Trauringe aus Ros\u00e9gold mit Wei\u00dfgoldwelle und Diamanten"},"content":{"rendered":"<div class=\"description\">\n<div class=\"description\">\n<div class=\"description\">\n<div class=\"description\">  Ein traditioneller Ehering aus Rotgold, gekreuzt mit einer Welle aus 750\/1000 Wei\u00dfgold mit polierter Oberfl\u00e4che. Bequemer Sitz durch Abrundung der Innen- und Au\u00dfenseite des Eherings. Eine einzigartige Geschmeidigkeit, die das Tragen angenehm und fast unmerklich macht. Der Ehering der Braut ist mit Diamanten im Brillantschliff von insgesamt 0,03 Karat besetzt. Farbe G und Reinheit VS1. Interne Lasergravuren sind kostenlos. Das Paar Eheringe wird von einer eleganten Original-Polello-Box und einem entsprechenden Echtheitszertifikat begleitet.  <\/div>\n<\/div>\n<\/div>\n<\/div>\n","protected":false},"excerpt":{"rendered":"<p>Ein Paar Polello-Trauringe aus 750\/1000er Rot- und Wei\u00dfgold, besetzt mit Brillanten von 0,03 Karat.<\/p>\n","protected":false},"featured_media":121473,"comment_status":"open","ping_status":"closed","template":"","meta":[],"product_brand":[198],"product_cat":[6376],"product_tag":[],"class_list":{"0":"post-121461","1":"product","2":"type-product","3":"status-publish","4":"has-post-thumbnail","6":"product_brand-polello","7":"product_cat-trauringe-und-trauringe-nach-mas","9":"first","10":"instock","11":"featured","12":"taxable","13":"shipping-taxable","14":"product-type-simple"},"exclude_global_add_ons":[],"addons":[],"df_price":"","df_sale_price":"","df_regular_price":"","df_image_link":"https:\/\/cdn02.fabioferro.eu\/wp-content\/uploads\/virtuemart\/product\/coppia_fedi_polello_onda_in_oro_rosa_e_bianco_con_diamanti_2892__1596876472_474.jpg","_links":{"self":[{"href":"https:\/\/www.fabioferro.eu\/de\/wp-json\/wp\/v2\/product\/121461","targetHints":{"allow":["GET"]}}],"collection":[{"href":"https:\/\/www.fabioferro.eu\/de\/wp-json\/wp\/v2\/product"}],"about":[{"href":"https:\/\/www.fabioferro.eu\/de\/wp-json\/wp\/v2\/types\/product"}],"replies":[{"embeddable":true,"href":"https:\/\/www.fabioferro.eu\/de\/wp-json\/wp\/v2\/comments?post=121461"}],"version-history":[{"count":0,"href":"https:\/\/www.fabioferro.eu\/de\/wp-json\/wp\/v2\/product\/121461\/revisions"}],"wp:featuredmedia":[{"embeddable":true,"href":"https:\/\/www.fabioferro.eu\/de\/wp-json\/wp\/v2\/media\/121473"}],"wp:attachment":[{"href":"https:\/\/www.fabioferro.eu\/de\/wp-json\/wp\/v2\/media?parent=121461"}],"wp:term":[{"taxonomy":"product_brand","embeddable":true,"href":"https:\/\/www.fabioferro.eu\/de\/wp-json\/wp\/v2\/product_brand?post=121461"},{"taxonomy":"product_cat","embeddable":true,"href":"https:\/\/www.fabioferro.eu\/de\/wp-json\/wp\/v2\/product_cat?post=121461"},{"taxonomy":"product_tag","embeddable":true,"href":"https:\/\/www.fabioferro.eu\/de\/wp-json\/wp\/v2\/product_tag?post=121461"}],"curies":[{"name":"wp","href":"https:\/\/api.w.org\/{rel}","templated":true}]}}