{"id":121464,"date":"2022-06-01T19:00:04","date_gmt":"2022-06-01T17:00:04","guid":{"rendered":"https:\/\/www.fabioferro.eu\/fabio-ferro-weissgold-ohrringe-mit-weissmeer-zuchtperlen-6-65-mm.html"},"modified":"2024-09-18T15:33:35","modified_gmt":"2024-09-18T13:33:35","slug":"fabio-ferro-weissgold-ohrringe-mit-weissmeer-zuchtperlen-6-65-mm","status":"publish","type":"product","link":"https:\/\/www.fabioferro.eu\/de\/fabio-ferro-weissgold-ohrringe-mit-weissmeer-zuchtperlen-6-65-mm.html","title":{"rendered":"Fabio Ferro Wei\u00dfgold-Ohrringe mit Wei\u00dfmeer-Zuchtperlen 6-6,5 mm"},"content":{"rendered":"<div class=\"description\">\n<div class=\"description\">\n<div class=\"description\">\n<div class=\"description\">\n<div class=\"description\">\n<div class=\"description\">\n<div class=\"description\">\n<div class=\"description\">  In unserer Goldschmiedewerkstatt handgefertigte Ohrringe aus 750\/1000 g Wei\u00dfgold. Ein Modell mit festem B\u00fcgel, Stiftschlie\u00dfe und r\u00fcckseitigem Schmetterling mit wei\u00dfen japanischen Zuchtperlen. Alle unsere Perlen werden sorgf\u00e4ltig ausgew\u00e4hlt. Die wei\u00dfe Farbe dieses Paares hat einen Durchmesser von 6-6,5 mm. Die Farbe der Perlen kann leicht vom Foto abweichen, da es sich um nat\u00fcrliche Perlen handelt, von denen sich eine von der anderen unterscheidet. Zusammen mit einer eleganten Geschenkbox und einer von Fabio Ferro I Gioielli unterzeichneten Qualit\u00e4tsgarantie.  <\/div>\n<\/div>\n<\/div>\n<\/div>\n<\/div>\n<\/div>\n<\/div>\n<\/div>\n","protected":false},"excerpt":{"rendered":"<p>Ein Paar elegante Perlen, die das Geheimnis des Meeres bergen.<\/p>\n","protected":false},"featured_media":108084,"comment_status":"open","ping_status":"closed","template":"","meta":[],"product_brand":[],"product_cat":[6022],"product_tag":[7442],"class_list":{"0":"post-121464","1":"product","2":"type-product","3":"status-publish","4":"has-post-thumbnail","6":"product_cat-perlen-ohrringe","7":"product_tag-verfugbar","9":"first","10":"instock","11":"sale","12":"taxable","13":"shipping-taxable","14":"purchasable","15":"product-type-simple"},"exclude_global_add_ons":[],"addons":[],"df_price":396,"df_sale_price":396,"df_regular_price":495,"df_image_link":"https:\/\/cdn02.fabioferro.eu\/wp-content\/uploads\/orecchini-di-perle-in-oro-bianco-con-perla-ff4925-2.jpg","_links":{"self":[{"href":"https:\/\/www.fabioferro.eu\/de\/wp-json\/wp\/v2\/product\/121464","targetHints":{"allow":["GET"]}}],"collection":[{"href":"https:\/\/www.fabioferro.eu\/de\/wp-json\/wp\/v2\/product"}],"about":[{"href":"https:\/\/www.fabioferro.eu\/de\/wp-json\/wp\/v2\/types\/product"}],"replies":[{"embeddable":true,"href":"https:\/\/www.fabioferro.eu\/de\/wp-json\/wp\/v2\/comments?post=121464"}],"version-history":[{"count":0,"href":"https:\/\/www.fabioferro.eu\/de\/wp-json\/wp\/v2\/product\/121464\/revisions"}],"wp:featuredmedia":[{"embeddable":true,"href":"https:\/\/www.fabioferro.eu\/de\/wp-json\/wp\/v2\/media\/108084"}],"wp:attachment":[{"href":"https:\/\/www.fabioferro.eu\/de\/wp-json\/wp\/v2\/media?parent=121464"}],"wp:term":[{"taxonomy":"product_brand","embeddable":true,"href":"https:\/\/www.fabioferro.eu\/de\/wp-json\/wp\/v2\/product_brand?post=121464"},{"taxonomy":"product_cat","embeddable":true,"href":"https:\/\/www.fabioferro.eu\/de\/wp-json\/wp\/v2\/product_cat?post=121464"},{"taxonomy":"product_tag","embeddable":true,"href":"https:\/\/www.fabioferro.eu\/de\/wp-json\/wp\/v2\/product_tag?post=121464"}],"curies":[{"name":"wp","href":"https:\/\/api.w.org\/{rel}","templated":true}]}}