{"id":121481,"date":"2022-06-01T18:55:58","date_gmt":"2022-06-01T16:55:58","guid":{"rendered":"https:\/\/www.fabioferro.eu\/paar-polello-trauringe-aus-weiss-und-rosegold-mit-5-diamanten-im-brillantschliff-karat-005.html"},"modified":"2024-09-18T17:25:24","modified_gmt":"2024-09-18T15:25:24","slug":"paar-polello-trauringe-aus-weiss-und-rosegold-mit-5-diamanten-im-brillantschliff-karat-005","status":"publish","type":"product","link":"https:\/\/www.fabioferro.eu\/de\/paar-polello-trauringe-aus-weiss-und-rosegold-mit-5-diamanten-im-brillantschliff-karat-005.html","title":{"rendered":"Paar Polello Trauringe aus Wei\u00df- und Ros\u00e9gold mit 5 Diamanten"},"content":{"rendered":"<div class=\"description\">\n<div class=\"description\">\n<div class=\"description\">  Paar Trauringe Polello Bicolour Kollektion mit 5 Diamanten. Das Produkt wurde in Italien hergestellt. Ein traditioneller Ehering, der sich durch eine Diagonale zwischen poliertem 750\/1000er Wei\u00df- und Ros\u00e9gold auszeichnet. 5 Diamanten sind ebenfalls diagonal gefasst. Bequemer Sitz durch Abrundung der Innen- und Au\u00dfenseite des Traurings, die eine einzigartige Geschmeidigkeit im Vergleich zu klassischen Trauringen garantiert. Der Ehering der Braut ist diagonal mit f\u00fcnf Diamanten im Brillantschliff von insgesamt 0,05 Karat besetzt. Farbe G und Reinheit VS1. Interne Lasergravuren sind kostenlos. Das Paar Eheringe wird mit einer eleganten, personalisierten Polello-Box und einem entsprechenden Echtheitszertifikat geliefert.  <\/div>\n<\/div>\n<\/div>\n","protected":false},"excerpt":{"rendered":"<p>Paar Polello-Trauringe aus 750\/1000 Wei\u00df- und Ros\u00e9gold, diagonal mit 5 Brillanten (0,05 ct) besetzt.<\/p>\n","protected":false},"featured_media":121488,"comment_status":"open","ping_status":"closed","template":"","meta":[],"product_brand":[198],"product_cat":[6376],"product_tag":[],"class_list":{"0":"post-121481","1":"product","2":"type-product","3":"status-publish","4":"has-post-thumbnail","6":"product_brand-polello","7":"product_cat-trauringe-und-trauringe-nach-mas","9":"first","10":"instock","11":"taxable","12":"shipping-taxable","13":"product-type-simple"},"exclude_global_add_ons":[],"addons":[],"df_price":"","df_sale_price":"","df_regular_price":"","df_image_link":"https:\/\/cdn02.fabioferro.eu\/wp-content\/uploads\/virtuemart\/product\/anelli_fedi_coppia_fascia_in_oro_rosa_e_bianco_con_diamanti_2893__1596876838_661.jpg","_links":{"self":[{"href":"https:\/\/www.fabioferro.eu\/de\/wp-json\/wp\/v2\/product\/121481","targetHints":{"allow":["GET"]}}],"collection":[{"href":"https:\/\/www.fabioferro.eu\/de\/wp-json\/wp\/v2\/product"}],"about":[{"href":"https:\/\/www.fabioferro.eu\/de\/wp-json\/wp\/v2\/types\/product"}],"replies":[{"embeddable":true,"href":"https:\/\/www.fabioferro.eu\/de\/wp-json\/wp\/v2\/comments?post=121481"}],"version-history":[{"count":0,"href":"https:\/\/www.fabioferro.eu\/de\/wp-json\/wp\/v2\/product\/121481\/revisions"}],"wp:featuredmedia":[{"embeddable":true,"href":"https:\/\/www.fabioferro.eu\/de\/wp-json\/wp\/v2\/media\/121488"}],"wp:attachment":[{"href":"https:\/\/www.fabioferro.eu\/de\/wp-json\/wp\/v2\/media?parent=121481"}],"wp:term":[{"taxonomy":"product_brand","embeddable":true,"href":"https:\/\/www.fabioferro.eu\/de\/wp-json\/wp\/v2\/product_brand?post=121481"},{"taxonomy":"product_cat","embeddable":true,"href":"https:\/\/www.fabioferro.eu\/de\/wp-json\/wp\/v2\/product_cat?post=121481"},{"taxonomy":"product_tag","embeddable":true,"href":"https:\/\/www.fabioferro.eu\/de\/wp-json\/wp\/v2\/product_tag?post=121481"}],"curies":[{"name":"wp","href":"https:\/\/api.w.org\/{rel}","templated":true}]}}