{"id":121527,"date":"2022-06-01T18:54:26","date_gmt":"2022-06-01T16:54:26","guid":{"rendered":"https:\/\/www.fabioferro.eu\/giovanni-raspini-schmetterlingshalskette-2.html"},"modified":"2024-09-16T08:55:40","modified_gmt":"2024-09-16T06:55:40","slug":"giovanni-raspini-schmetterlingshalskette-2","status":"publish","type":"product","link":"https:\/\/www.fabioferro.eu\/de\/giovanni-raspini-schmetterlingshalskette-2.html","title":{"rendered":"Giovanni Raspini Schmetterlingshalskette"},"content":{"rendered":"<div class=\"description\">\n<div class=\"description\">  Damenhalskette Giovanni Raspini aus 925er Silber, neue Farfalle Kollektion. Vollst\u00e4ndig handgefertigt Made in Italy. Die Halskette hat eine Gesamtl\u00e4nge von 46,00 cm. Die Schmetterlinge sind gegliedert und asymmetrisch angeordnet, wobei sie in der Mitte gr\u00f6\u00dfer sind und nach au\u00dfen hin abnehmen. Die Halskette endet mit einer weichen Gliederkette und wird mit einem praktischen Karabinerhaken geschlossen. Neuer Artikel mit original Giovanni Raspini Box und Garantie.  <\/div>\n<\/div>\n","protected":false},"excerpt":{"rendered":"<p>Damenhalskette Giovanni Raspini Farfalle Kollektion in 925\/1000 Silber.<\/p>\n","protected":false},"featured_media":121535,"comment_status":"open","ping_status":"closed","template":"","meta":[],"product_brand":[155],"product_cat":[7568],"product_tag":[],"class_list":{"0":"post-121527","1":"product","2":"type-product","3":"status-publish","4":"has-post-thumbnail","6":"product_brand-raspini","7":"product_cat-giovanni-raspini-halsketten","9":"first","10":"instock","11":"sale","12":"taxable","13":"shipping-taxable","14":"purchasable","15":"product-type-simple"},"exclude_global_add_ons":[],"addons":[],"df_price":643.5,"df_sale_price":643.5,"df_regular_price":715,"df_image_link":"https:\/\/cdn02.fabioferro.eu\/wp-content\/uploads\/virtuemart\/product\/9797-COLLANA-GIOVANNI-RASPINI-FARFALLE.jpg","_links":{"self":[{"href":"https:\/\/www.fabioferro.eu\/de\/wp-json\/wp\/v2\/product\/121527","targetHints":{"allow":["GET"]}}],"collection":[{"href":"https:\/\/www.fabioferro.eu\/de\/wp-json\/wp\/v2\/product"}],"about":[{"href":"https:\/\/www.fabioferro.eu\/de\/wp-json\/wp\/v2\/types\/product"}],"replies":[{"embeddable":true,"href":"https:\/\/www.fabioferro.eu\/de\/wp-json\/wp\/v2\/comments?post=121527"}],"version-history":[{"count":0,"href":"https:\/\/www.fabioferro.eu\/de\/wp-json\/wp\/v2\/product\/121527\/revisions"}],"wp:featuredmedia":[{"embeddable":true,"href":"https:\/\/www.fabioferro.eu\/de\/wp-json\/wp\/v2\/media\/121535"}],"wp:attachment":[{"href":"https:\/\/www.fabioferro.eu\/de\/wp-json\/wp\/v2\/media?parent=121527"}],"wp:term":[{"taxonomy":"product_brand","embeddable":true,"href":"https:\/\/www.fabioferro.eu\/de\/wp-json\/wp\/v2\/product_brand?post=121527"},{"taxonomy":"product_cat","embeddable":true,"href":"https:\/\/www.fabioferro.eu\/de\/wp-json\/wp\/v2\/product_cat?post=121527"},{"taxonomy":"product_tag","embeddable":true,"href":"https:\/\/www.fabioferro.eu\/de\/wp-json\/wp\/v2\/product_tag?post=121527"}],"curies":[{"name":"wp","href":"https:\/\/api.w.org\/{rel}","templated":true}]}}