{"id":121538,"date":"2022-06-01T18:54:29","date_gmt":"2022-06-01T16:54:29","guid":{"rendered":"https:\/\/www.fabioferro.eu\/militaergruenes-leder-und-segeltuchband.html"},"modified":"2025-05-02T17:53:18","modified_gmt":"2025-05-02T15:53:18","slug":"militaergruenes-leder-und-segeltuchband","status":"publish","type":"product","link":"https:\/\/www.fabioferro.eu\/de\/militaergruenes-leder-und-segeltuchband.html","title":{"rendered":"Milit\u00e4rischer gr\u00fcner Leinen- und Lederriemen"},"content":{"rendered":"<p>Armband aus echtem Leder und technischem Canvas-Gewebe in Milit\u00e4rgr\u00fcn.<\/p>\n<p>Handgefertigt, Made in Italy.<\/p>\n<p>Standardgr\u00f6\u00dfe, der kurze Teil misst 75 mm und der lange Teil 115 mm.<\/p>\n<p>Verst\u00e4rktes Armband mit sichtbaren N\u00e4hten, doppelten festen Schlaufen und hypoallergener Edelstahlschnalle mit geb\u00fcrstetem Finish.<\/p>\n<p>Die Fotos k\u00f6nnen leicht vom Produkt abweichen, da sie handgefertigt sind.<\/p>\n","protected":false},"excerpt":{"rendered":"<p>Ein Armband aus technischem Gewebe, das praktisch f\u00fcr den Alltag ist, bequem und gut zu Ihrer Uhr passt.<\/p>\n","protected":false},"featured_media":144757,"comment_status":"open","ping_status":"closed","template":"","meta":[],"product_brand":[197],"product_cat":[7291],"product_tag":[],"class_list":{"0":"post-121538","1":"product","2":"type-product","3":"status-publish","4":"has-post-thumbnail","6":"product_brand-campagnolo","7":"product_cat-cinturini-canvas-de","9":"first","10":"instock","11":"sale","12":"taxable","13":"shipping-taxable","14":"purchasable","15":"product-type-variable","16":"has-default-attributes"},"exclude_global_add_ons":true,"addons":[{"name":"Farbe der Schnalle","type":"multiple_choice","position":0,"required":true,"title_format":"label","default":"","description_enable":false,"description":null,"placeholder_enable":false,"placeholder":null,"display":"select","restrictions_type":"any_text","adjust_price":false,"price":"","price_type":"flat_fee","restrictions":false,"min":"0","max":"0","options":[{"label":"Silber","price":"","price_type":"flat_fee","image":0,"visibility":true},{"label":"Vergoldet","price":"","price_type":"flat_fee","image":0,"visibility":true}],"id":1737569098}],"df_price":35,"df_sale_price":"","df_regular_price":35,"df_image_link":"https:\/\/cdn02.fabioferro.eu\/wp-content\/uploads\/cinturino-in-tessuto-canvas-verde-335610-v.jpg","_links":{"self":[{"href":"https:\/\/www.fabioferro.eu\/de\/wp-json\/wp\/v2\/product\/121538","targetHints":{"allow":["GET"]}}],"collection":[{"href":"https:\/\/www.fabioferro.eu\/de\/wp-json\/wp\/v2\/product"}],"about":[{"href":"https:\/\/www.fabioferro.eu\/de\/wp-json\/wp\/v2\/types\/product"}],"replies":[{"embeddable":true,"href":"https:\/\/www.fabioferro.eu\/de\/wp-json\/wp\/v2\/comments?post=121538"}],"version-history":[{"count":0,"href":"https:\/\/www.fabioferro.eu\/de\/wp-json\/wp\/v2\/product\/121538\/revisions"}],"wp:featuredmedia":[{"embeddable":true,"href":"https:\/\/www.fabioferro.eu\/de\/wp-json\/wp\/v2\/media\/144757"}],"wp:attachment":[{"href":"https:\/\/www.fabioferro.eu\/de\/wp-json\/wp\/v2\/media?parent=121538"}],"wp:term":[{"taxonomy":"product_brand","embeddable":true,"href":"https:\/\/www.fabioferro.eu\/de\/wp-json\/wp\/v2\/product_brand?post=121538"},{"taxonomy":"product_cat","embeddable":true,"href":"https:\/\/www.fabioferro.eu\/de\/wp-json\/wp\/v2\/product_cat?post=121538"},{"taxonomy":"product_tag","embeddable":true,"href":"https:\/\/www.fabioferro.eu\/de\/wp-json\/wp\/v2\/product_tag?post=121538"}],"curies":[{"name":"wp","href":"https:\/\/api.w.org\/{rel}","templated":true}]}}