{"id":121553,"date":"2022-06-01T18:51:41","date_gmt":"2022-06-01T16:51:41","guid":{"rendered":"https:\/\/www.fabioferro.eu\/bliss-reflections-ring-aus-weissgold-mit-diamanten-im-brillantschliff-006-karat.html"},"modified":"2024-10-30T09:58:12","modified_gmt":"2024-10-30T08:58:12","slug":"bliss-reflections-ring-aus-weissgold-mit-diamanten-im-brillantschliff-006-karat","status":"publish","type":"product","link":"https:\/\/www.fabioferro.eu\/de\/bliss-reflections-ring-aus-weissgold-mit-diamanten-im-brillantschliff-006-karat.html","title":{"rendered":"Bliss Reflections Ring aus Wei\u00dfgold mit Diamanten im Brillantschliff 0,06 Karat"},"content":{"rendered":"<div class=\"description\">\n<div class=\"description\">\n<div class=\"description\">\n<div class=\"description\">\n<p>Bliss Gioielli Damenring New Collection Reflections aus 750\/1000 Wei\u00dfgold mit Pav\u00e9-Diamanten. Polierte Wei\u00dfgoldfassung mit einem Gewicht von 3,30 Gramm und einem zentralen Sonnenstrahlmotiv mit einem Durchmesser von 8,00 Millimetern. Das Zentrum ist mit 11 Diamanten im Brillantschliff von insgesamt 0,06 Karat in der Farbe H und der Reinheit VVS1 besetzt.<\/p>\n<p>&nbsp;<\/p>\n<p><img decoding=\"async\" class=\"alignnone size-full wp-image-68675\" src=\"https:\/\/cdn02.fabioferro.eu\/wp-content\/uploads\/IGI-4cs-chart-IT-scaled.jpg\" alt=\"\" width=\"1864\" height=\"2560\" title=\"\" srcset=\"https:\/\/cdn02.fabioferro.eu\/wp-content\/uploads\/IGI-4cs-chart-IT-scaled.jpg 1864w, https:\/\/cdn02.fabioferro.eu\/wp-content\/uploads\/IGI-4cs-chart-IT-768x1055.jpg 768w, https:\/\/cdn02.fabioferro.eu\/wp-content\/uploads\/IGI-4cs-chart-IT-1119x1536.jpg 1119w, https:\/\/cdn02.fabioferro.eu\/wp-content\/uploads\/IGI-4cs-chart-IT-1491x2048.jpg 1491w, https:\/\/cdn02.fabioferro.eu\/wp-content\/uploads\/IGI-4cs-chart-IT-990x1359.jpg 990w, https:\/\/cdn02.fabioferro.eu\/wp-content\/uploads\/IGI-4cs-chart-IT-441x606.jpg 441w, https:\/\/cdn02.fabioferro.eu\/wp-content\/uploads\/IGI-4cs-chart-IT-600x824.jpg 600w, https:\/\/cdn02.fabioferro.eu\/wp-content\/uploads\/IGI-4cs-chart-IT-150x206.jpg 150w\" sizes=\"(max-width: 1864px) 100vw, 1864px\" \/><\/p>\n<p>&nbsp;<\/p>\n<\/div>\n<\/div>\n<\/div>\n<\/div>\n","protected":false},"excerpt":{"rendered":"<p>Ein Ring, der die Sch\u00f6nheit auf sich selbst zur\u00fcckwirft und nie dagewesene Reflexe erzeugt.<\/p>\n","protected":false},"featured_media":121562,"comment_status":"open","ping_status":"closed","template":"","meta":[],"product_brand":[],"product_cat":[6021],"product_tag":[],"class_list":{"0":"post-121553","1":"product","2":"type-product","3":"status-publish","4":"has-post-thumbnail","6":"product_cat-verlobungsringe","8":"first","9":"instock","10":"sale","11":"taxable","12":"shipping-taxable","13":"purchasable","14":"product-type-variable","15":"has-default-attributes"},"exclude_global_add_ons":[],"addons":[],"df_price":1280,"df_sale_price":"","df_regular_price":1280,"df_image_link":"https:\/\/cdn02.fabioferro.eu\/wp-content\/uploads\/anello-di-fidanzamento-fabio-ferro-in-oro-e-diamanti-20070942.jpg","_links":{"self":[{"href":"https:\/\/www.fabioferro.eu\/de\/wp-json\/wp\/v2\/product\/121553","targetHints":{"allow":["GET"]}}],"collection":[{"href":"https:\/\/www.fabioferro.eu\/de\/wp-json\/wp\/v2\/product"}],"about":[{"href":"https:\/\/www.fabioferro.eu\/de\/wp-json\/wp\/v2\/types\/product"}],"replies":[{"embeddable":true,"href":"https:\/\/www.fabioferro.eu\/de\/wp-json\/wp\/v2\/comments?post=121553"}],"version-history":[{"count":0,"href":"https:\/\/www.fabioferro.eu\/de\/wp-json\/wp\/v2\/product\/121553\/revisions"}],"wp:featuredmedia":[{"embeddable":true,"href":"https:\/\/www.fabioferro.eu\/de\/wp-json\/wp\/v2\/media\/121562"}],"wp:attachment":[{"href":"https:\/\/www.fabioferro.eu\/de\/wp-json\/wp\/v2\/media?parent=121553"}],"wp:term":[{"taxonomy":"product_brand","embeddable":true,"href":"https:\/\/www.fabioferro.eu\/de\/wp-json\/wp\/v2\/product_brand?post=121553"},{"taxonomy":"product_cat","embeddable":true,"href":"https:\/\/www.fabioferro.eu\/de\/wp-json\/wp\/v2\/product_cat?post=121553"},{"taxonomy":"product_tag","embeddable":true,"href":"https:\/\/www.fabioferro.eu\/de\/wp-json\/wp\/v2\/product_tag?post=121553"}],"curies":[{"name":"wp","href":"https:\/\/api.w.org\/{rel}","templated":true}]}}