{"id":121556,"date":"2022-06-01T18:49:10","date_gmt":"2022-06-01T16:49:10","guid":{"rendered":"https:\/\/www.fabioferro.eu\/giovanni-raspini-swing-gaensebluemchen-armband.html"},"modified":"2025-06-06T16:14:09","modified_gmt":"2025-06-06T14:14:09","slug":"giovanni-raspini-swing-gaensebluemchen-armband","status":"publish","type":"product","link":"https:\/\/www.fabioferro.eu\/de\/giovanni-raspini-swing-gaensebluemchen-armband.html","title":{"rendered":"Giovanni Raspini Swing G\u00e4nsebl\u00fcmchen Armband"},"content":{"rendered":"<div class=\"description\">\n<div class=\"description\">\n<div class=\"description\">  Damenarmband aus 925\/1000 Silber Giovanni Raspini Swing Daisies Kollektion. Handgefertigtes Made in Italy Armband aus weichen St\u00e4bchen mit 4 G\u00e4nsebl\u00fcmchen in der Mitte und einem 4,30 cm langen Karabinerverschluss mit einem Charm in Form einer Chilischote am Ende. Gesamtl\u00e4nge des Armbands 19,5 cm. Neuer Artikel mit original Giovanni Raspini Box und Garantie.  <\/div>\n<\/div>\n<\/div>\n","protected":false},"excerpt":{"rendered":"<p>Damenarmband Giovanni Raspini Swing Daisies Kollektion in 925 Silber.<\/p>\n","protected":false},"featured_media":121588,"comment_status":"open","ping_status":"closed","template":"","meta":[],"product_brand":[155],"product_cat":[7569],"product_tag":[7442],"class_list":{"0":"post-121556","1":"product","2":"type-product","3":"status-publish","4":"has-post-thumbnail","6":"product_brand-raspini","7":"product_cat-armbander-giovanni-raspini","8":"product_tag-verfugbar","10":"first","11":"instock","12":"sale","13":"taxable","14":"shipping-taxable","15":"purchasable","16":"product-type-simple"},"exclude_global_add_ons":[],"addons":[],"df_price":148.5,"df_sale_price":148.5,"df_regular_price":165,"df_image_link":"https:\/\/cdn02.fabioferro.eu\/wp-content\/uploads\/virtuemart\/product\/9545-bracciale-argento-giovanni-raspini-swing-margherite1.jpg","_links":{"self":[{"href":"https:\/\/www.fabioferro.eu\/de\/wp-json\/wp\/v2\/product\/121556","targetHints":{"allow":["GET"]}}],"collection":[{"href":"https:\/\/www.fabioferro.eu\/de\/wp-json\/wp\/v2\/product"}],"about":[{"href":"https:\/\/www.fabioferro.eu\/de\/wp-json\/wp\/v2\/types\/product"}],"replies":[{"embeddable":true,"href":"https:\/\/www.fabioferro.eu\/de\/wp-json\/wp\/v2\/comments?post=121556"}],"version-history":[{"count":0,"href":"https:\/\/www.fabioferro.eu\/de\/wp-json\/wp\/v2\/product\/121556\/revisions"}],"wp:featuredmedia":[{"embeddable":true,"href":"https:\/\/www.fabioferro.eu\/de\/wp-json\/wp\/v2\/media\/121588"}],"wp:attachment":[{"href":"https:\/\/www.fabioferro.eu\/de\/wp-json\/wp\/v2\/media?parent=121556"}],"wp:term":[{"taxonomy":"product_brand","embeddable":true,"href":"https:\/\/www.fabioferro.eu\/de\/wp-json\/wp\/v2\/product_brand?post=121556"},{"taxonomy":"product_cat","embeddable":true,"href":"https:\/\/www.fabioferro.eu\/de\/wp-json\/wp\/v2\/product_cat?post=121556"},{"taxonomy":"product_tag","embeddable":true,"href":"https:\/\/www.fabioferro.eu\/de\/wp-json\/wp\/v2\/product_tag?post=121556"}],"curies":[{"name":"wp","href":"https:\/\/api.w.org\/{rel}","templated":true}]}}