{"id":121586,"date":"2022-06-01T18:51:26","date_gmt":"2022-06-01T16:51:26","guid":{"rendered":"https:\/\/www.fabioferro.eu\/baby-halskette-mit-brillantschliff-und-weissgold.html"},"modified":"2024-09-18T17:25:38","modified_gmt":"2024-09-18T15:25:38","slug":"baby-halskette-mit-brillantschliff-und-weissgold","status":"publish","type":"product","link":"https:\/\/www.fabioferro.eu\/de\/baby-halskette-mit-brillantschliff-und-weissgold.html","title":{"rendered":"Baby-Halskette mit Brillantschliff und Wei\u00dfgold"},"content":{"rendered":"<div class=\"description\">\n<div class=\"description\">  Fabio Ferro Damenhalskette, handgefertigt in unserer Goldschmiedewerkstatt aus 750\/1000 Wei\u00dfgold mit einem Gewicht von 2,50 Gramm. Ein Schmuckst\u00fcck, um einen der aufregendsten Momente zu feiern: die Geburt eines Babys oder seine Taufe. 42,00 cm lange Wei\u00dfgoldkette im venezianischen Stil mit Karabinerverschlu\u00df. Gleitender Anh\u00e4nger mit einer L\u00e4nge von 15,50 mm, einer Breite von 8,00 mm und einer Dicke von 1,50 mm. Die Vorderseite des Anh\u00e4ngers ist mit Diamanten im Brillantschliff von 0,15 Karat, Farbe G, Reinheit VVS, besetzt. Das Schmuckst\u00fcck wird mit einer eleganten Box und dem Fabio Ferro I Gioielli Garantie- und Qualit\u00e4tszertifikat geliefert.  &nbsp;<\/p>\n<\/div>\n<\/div>\n","protected":false},"excerpt":{"rendered":"<p>Damenhalskette aus 750\/1000 Wei\u00dfgold mit einem Anh\u00e4nger in Form eines Kindes, besetzt mit Brillanten.<\/p>\n","protected":false},"featured_media":121594,"comment_status":"open","ping_status":"closed","template":"","meta":[],"product_brand":[152],"product_cat":[6015],"product_tag":[],"class_list":{"0":"post-121586","1":"product","2":"type-product","3":"status-publish","4":"has-post-thumbnail","6":"product_brand-fabio-ferro-i-gioielli","7":"product_cat-halsketten","9":"first","10":"instock","11":"sale","12":"taxable","13":"shipping-taxable","14":"purchasable","15":"product-type-simple"},"exclude_global_add_ons":[],"addons":[],"df_price":920,"df_sale_price":920,"df_regular_price":1150,"df_image_link":"https:\/\/cdn02.fabioferro.eu\/wp-content\/uploads\/virtuemart\/product\/ff53-collana-donna-oro-bianco-bambino-con-diamanti.jpg","_links":{"self":[{"href":"https:\/\/www.fabioferro.eu\/de\/wp-json\/wp\/v2\/product\/121586","targetHints":{"allow":["GET"]}}],"collection":[{"href":"https:\/\/www.fabioferro.eu\/de\/wp-json\/wp\/v2\/product"}],"about":[{"href":"https:\/\/www.fabioferro.eu\/de\/wp-json\/wp\/v2\/types\/product"}],"replies":[{"embeddable":true,"href":"https:\/\/www.fabioferro.eu\/de\/wp-json\/wp\/v2\/comments?post=121586"}],"version-history":[{"count":0,"href":"https:\/\/www.fabioferro.eu\/de\/wp-json\/wp\/v2\/product\/121586\/revisions"}],"wp:featuredmedia":[{"embeddable":true,"href":"https:\/\/www.fabioferro.eu\/de\/wp-json\/wp\/v2\/media\/121594"}],"wp:attachment":[{"href":"https:\/\/www.fabioferro.eu\/de\/wp-json\/wp\/v2\/media?parent=121586"}],"wp:term":[{"taxonomy":"product_brand","embeddable":true,"href":"https:\/\/www.fabioferro.eu\/de\/wp-json\/wp\/v2\/product_brand?post=121586"},{"taxonomy":"product_cat","embeddable":true,"href":"https:\/\/www.fabioferro.eu\/de\/wp-json\/wp\/v2\/product_cat?post=121586"},{"taxonomy":"product_tag","embeddable":true,"href":"https:\/\/www.fabioferro.eu\/de\/wp-json\/wp\/v2\/product_tag?post=121586"}],"curies":[{"name":"wp","href":"https:\/\/api.w.org\/{rel}","templated":true}]}}