{"id":121589,"date":"2022-06-01T18:54:50","date_gmt":"2022-06-01T16:54:50","guid":{"rendered":"https:\/\/www.fabioferro.eu\/vintage-lederband-farbe-schwarz-krokodil-druck-18-mm-lug-breite.html"},"modified":"2025-10-13T19:55:16","modified_gmt":"2025-10-13T17:55:16","slug":"vintage-lederband-farbe-schwarz-krokodil-druck-18-mm-lug-breite","status":"publish","type":"product","link":"https:\/\/www.fabioferro.eu\/de\/vintage-lederband-farbe-schwarz-krokodil-druck-18-mm-lug-breite.html","title":{"rendered":"Vintage Lederband Gedrucktes Krokodil Schwarz Farbe"},"content":{"rendered":"<div class=\"description\">\n<div class=\"description\">\n<div class=\"description\">\n<p>Wenn Sie die Gr\u00f6\u00dfe ausw\u00e4hlen, ber\u00fccksichtigen Sie den ersten Wert f\u00fcr den Geh\u00e4useansatz, den zweiten f\u00fcr die Gr\u00f6\u00dfe der Schlie\u00dfe. Beispiel: 18x16mm hat einen 18mm Geh\u00e4useaufsatz und eine 16mm Schlie\u00dfe. <\/p>\n<p>Schwarzes Kalbslederarmband mit Krokodilpr\u00e4gung im Vintage-Stil.<\/p>\n<p>Handgefertigt, Hergestellt in Italien.<\/p>\n<p>Standardgr\u00f6\u00dfe, der kurze Teil misst 75 mm und der lange Teil 115 mm.<\/p>\n<p>Das Armband ist 3,00 mm dick.<\/p>\n<p>Verst\u00e4rkt durch sichtbare beigefarbene N\u00e4hte, doppelte Schlaufen, von denen eine fixiert ist, und eine hypoallergene Schnalle aus Edelstahl mit polierter Oberfl\u00e4che.<\/p>\n<p>Naturlederarmb\u00e4nder k\u00f6nnen aufgrund ihrer handwerklichen Verarbeitung leichte Farbabweichungen aufweisen.<\/p>\n<\/div>\n<\/div>\n<\/div>\n","protected":false},"excerpt":{"rendered":"<p>Ein besonderes, handgefertigtes Armband aus echtem Leder, ideal f\u00fcr Uhren im Vintage-Stil!<\/p>\n","protected":false},"featured_media":121598,"comment_status":"open","ping_status":"closed","template":"","meta":[],"product_brand":[197],"product_cat":[7298],"product_tag":[],"class_list":{"0":"post-121589","1":"product","2":"type-product","3":"status-publish","4":"has-post-thumbnail","6":"product_brand-campagnolo","7":"product_cat-vintage-riemen","9":"first","10":"instock","11":"sale","12":"taxable","13":"shipping-taxable","14":"purchasable","15":"product-type-variable","16":"has-default-attributes"},"exclude_global_add_ons":[],"addons":[],"df_price":59,"df_sale_price":"","df_regular_price":59,"df_image_link":"https:\/\/cdn02.fabioferro.eu\/wp-content\/uploads\/virtuemart\/product\/448444-18-cinturino-in-pelle-nero-scaled.jpg","_links":{"self":[{"href":"https:\/\/www.fabioferro.eu\/de\/wp-json\/wp\/v2\/product\/121589","targetHints":{"allow":["GET"]}}],"collection":[{"href":"https:\/\/www.fabioferro.eu\/de\/wp-json\/wp\/v2\/product"}],"about":[{"href":"https:\/\/www.fabioferro.eu\/de\/wp-json\/wp\/v2\/types\/product"}],"replies":[{"embeddable":true,"href":"https:\/\/www.fabioferro.eu\/de\/wp-json\/wp\/v2\/comments?post=121589"}],"version-history":[{"count":1,"href":"https:\/\/www.fabioferro.eu\/de\/wp-json\/wp\/v2\/product\/121589\/revisions"}],"predecessor-version":[{"id":197886,"href":"https:\/\/www.fabioferro.eu\/de\/wp-json\/wp\/v2\/product\/121589\/revisions\/197886"}],"wp:featuredmedia":[{"embeddable":true,"href":"https:\/\/www.fabioferro.eu\/de\/wp-json\/wp\/v2\/media\/121598"}],"wp:attachment":[{"href":"https:\/\/www.fabioferro.eu\/de\/wp-json\/wp\/v2\/media?parent=121589"}],"wp:term":[{"taxonomy":"product_brand","embeddable":true,"href":"https:\/\/www.fabioferro.eu\/de\/wp-json\/wp\/v2\/product_brand?post=121589"},{"taxonomy":"product_cat","embeddable":true,"href":"https:\/\/www.fabioferro.eu\/de\/wp-json\/wp\/v2\/product_cat?post=121589"},{"taxonomy":"product_tag","embeddable":true,"href":"https:\/\/www.fabioferro.eu\/de\/wp-json\/wp\/v2\/product_tag?post=121589"}],"curies":[{"name":"wp","href":"https:\/\/api.w.org\/{rel}","templated":true}]}}