{"id":121599,"date":"2022-06-01T18:49:48","date_gmt":"2022-06-01T16:49:48","guid":{"rendered":"https:\/\/www.fabioferro.eu\/ti-sento-milano-925-sterling-silber-damen-halskette-mit-herz-anhaenger-und-cubic-zirkonia-pave.html"},"modified":"2024-10-30T09:58:11","modified_gmt":"2024-10-30T08:58:11","slug":"ti-sento-milano-925-sterling-silber-damen-halskette-mit-herz-anhaenger-und-cubic-zirkonia-pave","status":"publish","type":"product","link":"https:\/\/www.fabioferro.eu\/de\/ti-sento-milano-925-sterling-silber-damen-halskette-mit-herz-anhaenger-und-cubic-zirkonia-pave.html","title":{"rendered":"Ti Sento Milano 925 Sterling Silber Damen Halskette mit Herz-Anh\u00e4nger und Cubic Zirkonia Pav\u00e8"},"content":{"rendered":"<div class=\"description\">\n<p>Ti Sento Milano Damenhalskette aus 925\/1000 rhodiniertem und hypoallergenem Silber mit Pav\u00e9-Anh\u00e4nger mit Zirkonia.<\/p>\n<p>Rolo-Mini-Gliederkette L\u00e4nge 45,00 cm mit Karabinerverschluss und TSM-Logo.<\/p>\n<p>Herzf\u00f6rmiger Anh\u00e4nger mit den Ma\u00dfen 15,00&#215;15,00 mm, Dicke 6,00 mm. Mit dem Gegengewicht misst er insgesamt 22,00 mm. Das Herz wird durch einen Sturm von Zirkonen, die in 4 Riffs gefasst sind, zum Leuchten gebracht.<\/p>\n<p>Das charakteristische Merkmal dieses Anh\u00e4ngers ist der Karabinerverschluss, mit dem das Herz leicht abgenommen werden kann, um es an einem Armband zu befestigen oder es als Schmuck f\u00fcr die Handtasche zu verwenden.<\/p>\n<p>Der neue Artikel wird von einer eleganten Verpackung und der Ti Sento Milano Garantie begleitet.<\/p>\n<\/div>\n","protected":false},"excerpt":{"rendered":"<p>Ti Sento Milano Damenhalskette aus 925er Silber mit herzf\u00f6rmigem Zirkonia-Anh\u00e4nger in Pflasterung.<\/p>\n","protected":false},"featured_media":121605,"comment_status":"open","ping_status":"closed","template":"","meta":[],"product_brand":[158],"product_cat":[6090],"product_tag":[],"class_list":{"0":"post-121599","1":"product","2":"type-product","3":"status-publish","4":"has-post-thumbnail","6":"product_brand-ti-sento-milano","7":"product_cat-ti-sento-milano-halsketten","9":"first","10":"instock","11":"taxable","12":"shipping-taxable","13":"purchasable","14":"product-type-simple"},"exclude_global_add_ons":[],"addons":[],"df_price":109,"df_sale_price":"","df_regular_price":109,"df_image_link":"https:\/\/cdn02.fabioferro.eu\/wp-content\/uploads\/virtuemart\/product\/pendente-ti-sento-milano-donna-argento-cuore-zirconi-6745ZI.jpg","_links":{"self":[{"href":"https:\/\/www.fabioferro.eu\/de\/wp-json\/wp\/v2\/product\/121599","targetHints":{"allow":["GET"]}}],"collection":[{"href":"https:\/\/www.fabioferro.eu\/de\/wp-json\/wp\/v2\/product"}],"about":[{"href":"https:\/\/www.fabioferro.eu\/de\/wp-json\/wp\/v2\/types\/product"}],"replies":[{"embeddable":true,"href":"https:\/\/www.fabioferro.eu\/de\/wp-json\/wp\/v2\/comments?post=121599"}],"version-history":[{"count":0,"href":"https:\/\/www.fabioferro.eu\/de\/wp-json\/wp\/v2\/product\/121599\/revisions"}],"wp:featuredmedia":[{"embeddable":true,"href":"https:\/\/www.fabioferro.eu\/de\/wp-json\/wp\/v2\/media\/121605"}],"wp:attachment":[{"href":"https:\/\/www.fabioferro.eu\/de\/wp-json\/wp\/v2\/media?parent=121599"}],"wp:term":[{"taxonomy":"product_brand","embeddable":true,"href":"https:\/\/www.fabioferro.eu\/de\/wp-json\/wp\/v2\/product_brand?post=121599"},{"taxonomy":"product_cat","embeddable":true,"href":"https:\/\/www.fabioferro.eu\/de\/wp-json\/wp\/v2\/product_cat?post=121599"},{"taxonomy":"product_tag","embeddable":true,"href":"https:\/\/www.fabioferro.eu\/de\/wp-json\/wp\/v2\/product_tag?post=121599"}],"curies":[{"name":"wp","href":"https:\/\/api.w.org\/{rel}","templated":true}]}}