{"id":121601,"date":"2022-06-01T18:51:24","date_gmt":"2022-06-01T16:51:24","guid":{"rendered":"https:\/\/www.fabioferro.eu\/fabio-ferro-baby-halskette-aus-weissgold-mit-diamanten.html"},"modified":"2022-06-01T18:51:24","modified_gmt":"2022-06-01T16:51:24","slug":"fabio-ferro-baby-halskette-aus-weissgold-mit-diamanten","status":"publish","type":"product","link":"https:\/\/www.fabioferro.eu\/de\/fabio-ferro-baby-halskette-aus-weissgold-mit-diamanten.html","title":{"rendered":"Fabio Ferro Baby-Halskette aus Wei\u00dfgold mit Diamanten"},"content":{"rendered":"<div class=\"description\">\n<p>Collier Fabio Ferro, handgefertigt in unserer Goldschmiedewerkstatt aus 750\/1000 g Wei\u00dfgold und Diamanten von 2,70 g.<\/p>\n<p>Ein Schmuckst\u00fcck, um einen der aufregendsten Momente zu feiern: die Geburt eines kleinen M\u00e4dchens oder seine Taufe.<\/p>\n<p>42 cm lange Wei\u00dfgoldkette im venezianischen Stil mit Karabinerverschlu\u00df.<\/p>\n<p>Gegenstand in Form eines kleinen M\u00e4dchens mit verschiebbaren Z\u00f6pfen, L\u00e4nge 15,60 mm, Breite 8,70 mm, Dicke 1,50 mm.<\/p>\n<p>Die Vorderseite des Anh\u00e4ngers ist mit Diamanten im Brillantschliff von 0,16 Karat, Farbe G und Reinheit VVS2, besetzt.<\/p>\n<p>Das Schmuckst\u00fcck wird mit einer eleganten Geschenkbox und einem von Fabio Ferro I Gioielli unterzeichneten Garantie- und Qualit\u00e4tszertifikat geliefert.<\/p>\n<p><img decoding=\"async\" class=\"alignnone size-full wp-image-68675\" src=\"https:\/\/cdn02.fabioferro.eu\/wp-content\/uploads\/IGI-4cs-chart-IT-scaled.jpg\" alt=\"\" width=\"1864\" height=\"2560\" title=\"\" srcset=\"https:\/\/cdn02.fabioferro.eu\/wp-content\/uploads\/IGI-4cs-chart-IT-scaled.jpg 1864w, https:\/\/cdn02.fabioferro.eu\/wp-content\/uploads\/IGI-4cs-chart-IT-768x1055.jpg 768w, https:\/\/cdn02.fabioferro.eu\/wp-content\/uploads\/IGI-4cs-chart-IT-1119x1536.jpg 1119w, https:\/\/cdn02.fabioferro.eu\/wp-content\/uploads\/IGI-4cs-chart-IT-1491x2048.jpg 1491w, https:\/\/cdn02.fabioferro.eu\/wp-content\/uploads\/IGI-4cs-chart-IT-990x1359.jpg 990w, https:\/\/cdn02.fabioferro.eu\/wp-content\/uploads\/IGI-4cs-chart-IT-441x606.jpg 441w, https:\/\/cdn02.fabioferro.eu\/wp-content\/uploads\/IGI-4cs-chart-IT-600x824.jpg 600w, https:\/\/cdn02.fabioferro.eu\/wp-content\/uploads\/IGI-4cs-chart-IT-150x206.jpg 150w\" sizes=\"(max-width: 1864px) 100vw, 1864px\" \/><\/p>\n<\/div>\n","protected":false},"excerpt":{"rendered":"<p>Ein Schmuckst\u00fcck, das die Tr\u00e4gerin an einen der sch\u00f6nsten Momente im Leben erinnern m\u00f6chte.<\/p>\n","protected":false},"featured_media":121611,"comment_status":"open","ping_status":"closed","template":"","meta":[],"product_brand":[152],"product_cat":[6015],"product_tag":[7442],"class_list":{"0":"post-121601","1":"product","2":"type-product","3":"status-publish","4":"has-post-thumbnail","6":"product_brand-fabio-ferro-i-gioielli","7":"product_cat-halsketten","8":"product_tag-verfugbar","10":"first","11":"instock","12":"sale","13":"taxable","14":"shipping-taxable","15":"purchasable","16":"product-type-simple"},"exclude_global_add_ons":[],"addons":[],"df_price":1112,"df_sale_price":1112,"df_regular_price":1390,"df_image_link":"https:\/\/cdn02.fabioferro.eu\/wp-content\/uploads\/collana-fabio-ferro-bimba-in-oro-bianco-con-diamanti-ff54.jpg","_links":{"self":[{"href":"https:\/\/www.fabioferro.eu\/de\/wp-json\/wp\/v2\/product\/121601","targetHints":{"allow":["GET"]}}],"collection":[{"href":"https:\/\/www.fabioferro.eu\/de\/wp-json\/wp\/v2\/product"}],"about":[{"href":"https:\/\/www.fabioferro.eu\/de\/wp-json\/wp\/v2\/types\/product"}],"replies":[{"embeddable":true,"href":"https:\/\/www.fabioferro.eu\/de\/wp-json\/wp\/v2\/comments?post=121601"}],"version-history":[{"count":0,"href":"https:\/\/www.fabioferro.eu\/de\/wp-json\/wp\/v2\/product\/121601\/revisions"}],"wp:featuredmedia":[{"embeddable":true,"href":"https:\/\/www.fabioferro.eu\/de\/wp-json\/wp\/v2\/media\/121611"}],"wp:attachment":[{"href":"https:\/\/www.fabioferro.eu\/de\/wp-json\/wp\/v2\/media?parent=121601"}],"wp:term":[{"taxonomy":"product_brand","embeddable":true,"href":"https:\/\/www.fabioferro.eu\/de\/wp-json\/wp\/v2\/product_brand?post=121601"},{"taxonomy":"product_cat","embeddable":true,"href":"https:\/\/www.fabioferro.eu\/de\/wp-json\/wp\/v2\/product_cat?post=121601"},{"taxonomy":"product_tag","embeddable":true,"href":"https:\/\/www.fabioferro.eu\/de\/wp-json\/wp\/v2\/product_tag?post=121601"}],"curies":[{"name":"wp","href":"https:\/\/api.w.org\/{rel}","templated":true}]}}