{"id":121634,"date":"2022-06-01T18:44:28","date_gmt":"2022-06-01T16:44:28","guid":{"rendered":"https:\/\/www.fabioferro.eu\/hamilton-herren-kollektion-jazzmaster-open-heart-schwarz-automatik-stahl-und-leder-uhr.html"},"modified":"2025-04-02T21:24:05","modified_gmt":"2025-04-02T19:24:05","slug":"hamilton-herren-kollektion-jazzmaster-open-heart-schwarz-automatik-stahl-und-leder-uhr","status":"publish","type":"product","link":"https:\/\/www.fabioferro.eu\/de\/hamilton-herren-kollektion-jazzmaster-open-heart-schwarz-automatik-stahl-und-leder-uhr.html","title":{"rendered":"Hamilton Jazzmaster Offenes Herz 40mm H32565735"},"content":{"rendered":"<div class=\"description\">\n<p>Hamilton Jazzmaster H32565735 Open Heart Automatic aus Edelstahl mit schwarzem Lederband.<\/p>\n<p>Uhrwerk: mechanisches Automatikwerk Swiss Made Kaliber 2824-2<\/p>\n<p>Geh\u00e4use aus satiniertem Stahl mit poliertem Finish, Durchmesser 40,00 mm, Dicke 10,60 mm. Wasserdichte, ger\u00e4ndelte Stahlkrone mit Hamilton-Logo.<\/p>\n<p>Schwarzes Zifferblatt mit Stunden-, Minuten- und Sekundenzeiger aus poliertem Metall. Polierte Metallindizes. Das Zifferblatt &#8220;Open Heart&#8221; erlaubt einen Blick auf einen Teil des Uhrwerks in Aktion.<\/p>\n<p>Kratzfestes Saphirkristallglas.<\/p>\n<p>Schwarzes Lederband, 20,00 mm Anst\u00f6\u00dfe mit satinierter Stahlschlie\u00dfe mit Hamilton-Logo.<\/p>\n<p>Wasserdichtigkeit 5 ATM, Geh\u00e4useboden aus Saphirglas, mit 5 Schrauben gesichert.<\/p>\n<p>Neuer Artikel mit Box und original Hamilton Zweijahresgarantie.<\/p>\n<\/div>\n","protected":false},"excerpt":{"rendered":"<p>Hamilton Jazzmaster H32565735 Open Heart Automatik aus Stahl mit Lederband.<\/p>\n","protected":false},"featured_media":121660,"comment_status":"open","ping_status":"closed","template":"","meta":[],"product_brand":[161],"product_cat":[5974],"product_tag":[],"class_list":{"0":"post-121634","1":"product","2":"type-product","3":"status-publish","4":"has-post-thumbnail","6":"product_brand-hamilton","7":"product_cat-hamilton-herrenuhren","8":"pa_collezione-hamilton-jazzmaster-de","10":"first","11":"instock","12":"sale","13":"taxable","14":"shipping-taxable","15":"purchasable","16":"product-type-simple"},"exclude_global_add_ons":[],"addons":[],"df_price":852,"df_sale_price":852,"df_regular_price":1065,"df_image_link":"https:\/\/cdn02.fabioferro.eu\/wp-content\/uploads\/virtuemart\/product\/H32565735.jpg","_links":{"self":[{"href":"https:\/\/www.fabioferro.eu\/de\/wp-json\/wp\/v2\/product\/121634","targetHints":{"allow":["GET"]}}],"collection":[{"href":"https:\/\/www.fabioferro.eu\/de\/wp-json\/wp\/v2\/product"}],"about":[{"href":"https:\/\/www.fabioferro.eu\/de\/wp-json\/wp\/v2\/types\/product"}],"replies":[{"embeddable":true,"href":"https:\/\/www.fabioferro.eu\/de\/wp-json\/wp\/v2\/comments?post=121634"}],"version-history":[{"count":0,"href":"https:\/\/www.fabioferro.eu\/de\/wp-json\/wp\/v2\/product\/121634\/revisions"}],"wp:featuredmedia":[{"embeddable":true,"href":"https:\/\/www.fabioferro.eu\/de\/wp-json\/wp\/v2\/media\/121660"}],"wp:attachment":[{"href":"https:\/\/www.fabioferro.eu\/de\/wp-json\/wp\/v2\/media?parent=121634"}],"wp:term":[{"taxonomy":"product_brand","embeddable":true,"href":"https:\/\/www.fabioferro.eu\/de\/wp-json\/wp\/v2\/product_brand?post=121634"},{"taxonomy":"product_cat","embeddable":true,"href":"https:\/\/www.fabioferro.eu\/de\/wp-json\/wp\/v2\/product_cat?post=121634"},{"taxonomy":"product_tag","embeddable":true,"href":"https:\/\/www.fabioferro.eu\/de\/wp-json\/wp\/v2\/product_tag?post=121634"}],"curies":[{"name":"wp","href":"https:\/\/api.w.org\/{rel}","templated":true}]}}