{"id":121670,"date":"2022-06-01T18:48:28","date_gmt":"2022-06-01T16:48:28","guid":{"rendered":"https:\/\/www.fabioferro.eu\/giovanni-raspini-weiss-bronze-geburt-rahmen.html"},"modified":"2026-02-28T10:26:50","modified_gmt":"2026-02-28T09:26:50","slug":"giovanni-raspini-weiss-bronze-geburt-rahmen","status":"publish","type":"product","link":"https:\/\/www.fabioferro.eu\/de\/giovanni-raspini-weiss-bronze-geburt-rahmen.html","title":{"rendered":"Giovanni Raspini Wei\u00df Bronze Geburt Rahmen"},"content":{"rendered":"<p>Giovanni Raspini Geburtshaus Rahmen aus wei\u00dfer Bronze 15&#215;12 cm. Abnehmbarer Bronze-Clip-Sockel, der das Thema Geburt mit Wiege, Storch, Wickeltisch und Pl\u00fcschtier darstellt. Der Sockel kann abgenommen und waagerecht gestellt werden. Mit schwarzem Samt bezogener Holztr\u00e4ger mit \u00fcberlappendem Glas, das mit einem Clip befestigt ist. Neuer Artikel mit Box und Giovanni Raspini Garantie.  &nbsp;<\/p>\n<p>&nbsp;<\/p>\n","protected":false},"excerpt":{"rendered":"<p>Giovanni Raspini Geburtshaus Rahmen aus wei\u00dfer Bronze 15&#215;12 cm.<\/p>\n","protected":false},"featured_media":121681,"comment_status":"open","ping_status":"closed","template":"","meta":[],"product_brand":[155],"product_cat":[6213],"product_tag":[],"class_list":{"0":"post-121670","1":"product","2":"type-product","3":"status-publish","4":"has-post-thumbnail","6":"product_brand-raspini","7":"product_cat-begunstigungen","9":"first","10":"instock","11":"sale","12":"taxable","13":"shipping-taxable","14":"purchasable","15":"product-type-simple"},"exclude_global_add_ons":[],"addons":[],"df_price":126,"df_sale_price":126,"df_regular_price":140,"df_image_link":"https:\/\/cdn02.fabioferro.eu\/wp-content\/uploads\/virtuemart\/product\/b583-cornice-giovanni-raspini-bronzo-nascita.jpg","_links":{"self":[{"href":"https:\/\/www.fabioferro.eu\/de\/wp-json\/wp\/v2\/product\/121670","targetHints":{"allow":["GET"]}}],"collection":[{"href":"https:\/\/www.fabioferro.eu\/de\/wp-json\/wp\/v2\/product"}],"about":[{"href":"https:\/\/www.fabioferro.eu\/de\/wp-json\/wp\/v2\/types\/product"}],"replies":[{"embeddable":true,"href":"https:\/\/www.fabioferro.eu\/de\/wp-json\/wp\/v2\/comments?post=121670"}],"version-history":[{"count":1,"href":"https:\/\/www.fabioferro.eu\/de\/wp-json\/wp\/v2\/product\/121670\/revisions"}],"predecessor-version":[{"id":212077,"href":"https:\/\/www.fabioferro.eu\/de\/wp-json\/wp\/v2\/product\/121670\/revisions\/212077"}],"wp:featuredmedia":[{"embeddable":true,"href":"https:\/\/www.fabioferro.eu\/de\/wp-json\/wp\/v2\/media\/121681"}],"wp:attachment":[{"href":"https:\/\/www.fabioferro.eu\/de\/wp-json\/wp\/v2\/media?parent=121670"}],"wp:term":[{"taxonomy":"product_brand","embeddable":true,"href":"https:\/\/www.fabioferro.eu\/de\/wp-json\/wp\/v2\/product_brand?post=121670"},{"taxonomy":"product_cat","embeddable":true,"href":"https:\/\/www.fabioferro.eu\/de\/wp-json\/wp\/v2\/product_cat?post=121670"},{"taxonomy":"product_tag","embeddable":true,"href":"https:\/\/www.fabioferro.eu\/de\/wp-json\/wp\/v2\/product_tag?post=121670"}],"curies":[{"name":"wp","href":"https:\/\/api.w.org\/{rel}","templated":true}]}}