{"id":121678,"date":"2022-06-01T18:47:20","date_gmt":"2022-06-01T16:47:20","guid":{"rendered":"https:\/\/www.fabioferro.eu\/fabio-ferro-ring-aus-weissgold-mit-diamanten-im-brillantschliff-und-rubin-049-karat.html"},"modified":"2024-10-30T09:59:28","modified_gmt":"2024-10-30T08:59:28","slug":"fabio-ferro-ring-aus-weissgold-mit-diamanten-im-brillantschliff-und-rubin-049-karat","status":"publish","type":"product","link":"https:\/\/www.fabioferro.eu\/de\/fabio-ferro-ring-aus-weissgold-mit-diamanten-im-brillantschliff-und-rubin-049-karat.html","title":{"rendered":"Fabio Ferro Ring aus Wei\u00dfgold mit Diamanten im Brillantschliff und Rubin 0,49 Karat"},"content":{"rendered":"<div class=\"description\">\n<p>Damenring &#8211; Made in Italy &#8211; Gioielli Valenza, Aus 750\/1000 Wei\u00dfgold mit einem Gewicht von 1,40 g. Lineares Veretta-Modell mit einem Pav\u00e8 aus Diamanten im Brillantschliff von 0,14 ct, Farbe G, Reinheit VS.<\/p>\n<p>Der Rubin, der aus Burma stammt, hat einen ovalen Schliff von 0,49 ct, misst 6,00&#215;4,00 mm, die Fassung hat 4 abgerundete Riffs. Das Schmuckst\u00fcck wird kostenlos in einer speziellen Couvette verpackt und von einem Zertifikat zur Garantie der Originalit\u00e4t und Qualit\u00e4t begleitet.<\/p>\n<p>&nbsp;<\/p>\n<p>&nbsp;<\/p>\n<\/div>\n","protected":false},"excerpt":{"rendered":"<p>Damenring Jewels Modell Valenza veretta aus Wei\u00dfgold, besetzt mit Brillanten und einem burmesischen Rubin im Ovalschliff.<\/p>\n","protected":false},"featured_media":121686,"comment_status":"open","ping_status":"closed","template":"","meta":[],"product_brand":[],"product_cat":[5934],"product_tag":[],"class_list":{"0":"post-121678","1":"product","2":"type-product","3":"status-publish","4":"has-post-thumbnail","6":"product_cat-ringe","8":"first","9":"instock","10":"sale","11":"taxable","12":"shipping-taxable","13":"purchasable","14":"product-type-variable","15":"has-default-attributes"},"exclude_global_add_ons":[],"addons":[],"df_price":1152,"df_sale_price":"","df_regular_price":1152,"df_image_link":"https:\/\/cdn02.fabioferro.eu\/wp-content\/uploads\/virtuemart\/product\/anello-donna-oro-bianco-diamanti-rubino-mirco-visconti.jpg","_links":{"self":[{"href":"https:\/\/www.fabioferro.eu\/de\/wp-json\/wp\/v2\/product\/121678","targetHints":{"allow":["GET"]}}],"collection":[{"href":"https:\/\/www.fabioferro.eu\/de\/wp-json\/wp\/v2\/product"}],"about":[{"href":"https:\/\/www.fabioferro.eu\/de\/wp-json\/wp\/v2\/types\/product"}],"replies":[{"embeddable":true,"href":"https:\/\/www.fabioferro.eu\/de\/wp-json\/wp\/v2\/comments?post=121678"}],"version-history":[{"count":0,"href":"https:\/\/www.fabioferro.eu\/de\/wp-json\/wp\/v2\/product\/121678\/revisions"}],"wp:featuredmedia":[{"embeddable":true,"href":"https:\/\/www.fabioferro.eu\/de\/wp-json\/wp\/v2\/media\/121686"}],"wp:attachment":[{"href":"https:\/\/www.fabioferro.eu\/de\/wp-json\/wp\/v2\/media?parent=121678"}],"wp:term":[{"taxonomy":"product_brand","embeddable":true,"href":"https:\/\/www.fabioferro.eu\/de\/wp-json\/wp\/v2\/product_brand?post=121678"},{"taxonomy":"product_cat","embeddable":true,"href":"https:\/\/www.fabioferro.eu\/de\/wp-json\/wp\/v2\/product_cat?post=121678"},{"taxonomy":"product_tag","embeddable":true,"href":"https:\/\/www.fabioferro.eu\/de\/wp-json\/wp\/v2\/product_tag?post=121678"}],"curies":[{"name":"wp","href":"https:\/\/api.w.org\/{rel}","templated":true}]}}