{"id":121685,"date":"2022-06-01T18:44:20","date_gmt":"2022-06-01T16:44:20","guid":{"rendered":"https:\/\/www.fabioferro.eu\/hamilton-damenuhr-jazzmaster-viewmatic-skeleton-lady-automatik.html"},"modified":"2025-06-06T16:22:08","modified_gmt":"2025-06-06T14:22:08","slug":"hamilton-damenuhr-jazzmaster-viewmatic-skeleton-lady-automatik","status":"publish","type":"product","link":"https:\/\/www.fabioferro.eu\/de\/hamilton-damenuhr-jazzmaster-viewmatic-skeleton-lady-automatik.html","title":{"rendered":"Hamilton Jazzmaster Skeleton Lady 36mm H32405811"},"content":{"rendered":"<div class=\"description\">\n<div class=\"description\">\n<p>Hamilton Jazzmaster H32405811 Viewmatic Skeleton Lady Automatic in Stahl offenes Geh\u00e4use.<\/p>\n<p>Zeitgen\u00f6ssische Verzierungen, wie die skelettierten, satinierten Rotoren und ein komplexes H-Motiv auf den einzelnen Elementen, verleihen der traditionellen Pr\u00e4zision der Zeitmessung eine theatralische Note. Gro\u00dfz\u00fcgige, breite \u00d6ffnungen geben den Blick frei auf Komponenten wie Hemmung, Unruhspirale und Federhaus, die flei\u00dfig ihre Arbeit verrichten.<\/p>\n<p>Uhrwerk: Mechanisches Automatikwerk Swiss Made cal. H-20-S.<\/p>\n<p>Rundes poliertes Stahlgeh\u00e4use \u00f8 36 mm, Dicke mm.10,90 Saphirglasboden und wasserdicht 5 ATM. Wasserdichte, ger\u00e4ndelte Stahlkrone mit Hamilton-Logo.<\/p>\n<p>Wei\u00dfes Skelett-Zifferblatt mit Stunden-, Minuten- und Sekundenzeiger aus poliertem Metall.<\/p>\n<p>Leicht gew\u00f6lbtes, antireflektierendes und kratzfestes Saphirkristallglas.<\/p>\n<p>Wei\u00dfes bedrucktes Lederarmband mit Stahlschlie\u00dfe mit Hamilton-Logo. 18-mm-Schleifen.<\/p>\n<p>Neuer Artikel mit original Hamilton-Box und 2 Jahren Garantie.<\/p>\n<\/div>\n<\/div>\n","protected":false},"excerpt":{"rendered":"<p>Hamilton Jazzmaster H32405811 Viewmatic Skeleton Lady Automatic aus Stahl und Leder.<\/p>\n","protected":false},"featured_media":121710,"comment_status":"open","ping_status":"closed","template":"","meta":[],"product_brand":[161],"product_cat":[5975],"product_tag":[],"class_list":{"0":"post-121685","1":"product","2":"type-product","3":"status-publish","4":"has-post-thumbnail","6":"product_brand-hamilton","7":"product_cat-hamilton-damenuhren","8":"pa_collezione-hamilton-jazzmaster-de","10":"first","11":"instock","12":"sale","13":"taxable","14":"shipping-taxable","15":"purchasable","16":"product-type-simple"},"exclude_global_add_ons":[],"addons":[],"df_price":1028,"df_sale_price":1028,"df_regular_price":1285,"df_image_link":"https:\/\/cdn02.fabioferro.eu\/wp-content\/uploads\/virtuemart\/product\/jazzmaster_donna_skeleton_automatic_bianco.jpg","_links":{"self":[{"href":"https:\/\/www.fabioferro.eu\/de\/wp-json\/wp\/v2\/product\/121685","targetHints":{"allow":["GET"]}}],"collection":[{"href":"https:\/\/www.fabioferro.eu\/de\/wp-json\/wp\/v2\/product"}],"about":[{"href":"https:\/\/www.fabioferro.eu\/de\/wp-json\/wp\/v2\/types\/product"}],"replies":[{"embeddable":true,"href":"https:\/\/www.fabioferro.eu\/de\/wp-json\/wp\/v2\/comments?post=121685"}],"version-history":[{"count":0,"href":"https:\/\/www.fabioferro.eu\/de\/wp-json\/wp\/v2\/product\/121685\/revisions"}],"wp:featuredmedia":[{"embeddable":true,"href":"https:\/\/www.fabioferro.eu\/de\/wp-json\/wp\/v2\/media\/121710"}],"wp:attachment":[{"href":"https:\/\/www.fabioferro.eu\/de\/wp-json\/wp\/v2\/media?parent=121685"}],"wp:term":[{"taxonomy":"product_brand","embeddable":true,"href":"https:\/\/www.fabioferro.eu\/de\/wp-json\/wp\/v2\/product_brand?post=121685"},{"taxonomy":"product_cat","embeddable":true,"href":"https:\/\/www.fabioferro.eu\/de\/wp-json\/wp\/v2\/product_cat?post=121685"},{"taxonomy":"product_tag","embeddable":true,"href":"https:\/\/www.fabioferro.eu\/de\/wp-json\/wp\/v2\/product_tag?post=121685"}],"curies":[{"name":"wp","href":"https:\/\/api.w.org\/{rel}","templated":true}]}}