{"id":121709,"date":"2022-06-01T18:47:15","date_gmt":"2022-06-01T16:47:15","guid":{"rendered":"https:\/\/www.fabioferro.eu\/fabio-ferro-wave-weissgold-verlobungsring-mit-diamant-008-karat.html"},"modified":"2024-10-30T09:59:26","modified_gmt":"2024-10-30T08:59:26","slug":"fabio-ferro-wave-weissgold-verlobungsring-mit-diamant-008-karat","status":"publish","type":"product","link":"https:\/\/www.fabioferro.eu\/de\/fabio-ferro-wave-weissgold-verlobungsring-mit-diamant-008-karat.html","title":{"rendered":"Fabio Ferro Wave Wei\u00dfgold Verlobungsring mit Diamant 0,08 Karat"},"content":{"rendered":"<div class=\"description\">\n<div class=\"description\">\n<div class=\"description\">\n<div class=\"description\">\n<div class=\"description\">\n<div class=\"description\">\n<p>Handgefertigter Ring aus 18 Karat Wei\u00dfgold, oben in der N\u00e4he der L\u00fcnette gewellt.<\/p>\n<p>Solit\u00e4r-Diamant im Brillantschliff von 0,08 Karat, Farbe G und Reinheit VS2. Gesamtgewicht der Juwelen 2,50 g.<\/p>\n<p>Der Stein ist raffiniert zwischen vier Greifen gefasst, die Sicherheit und Eleganz beim Tragen des Steins garantieren.<\/p>\n<p>Der Ring wird von einem Qualit\u00e4ts- und Garantiezertifikat und einer h\u00fcbschen, dem Anlass entsprechenden Geschenkbox begleitet.<\/p>\n<p><img decoding=\"async\" class=\"alignnone size-full wp-image-68675\" src=\"https:\/\/cdn02.fabioferro.eu\/wp-content\/uploads\/IGI-4cs-chart-IT-scaled.jpg\" alt=\"\" width=\"1864\" height=\"2560\" title=\"\" srcset=\"https:\/\/cdn02.fabioferro.eu\/wp-content\/uploads\/IGI-4cs-chart-IT-scaled.jpg 1864w, https:\/\/cdn02.fabioferro.eu\/wp-content\/uploads\/IGI-4cs-chart-IT-768x1055.jpg 768w, https:\/\/cdn02.fabioferro.eu\/wp-content\/uploads\/IGI-4cs-chart-IT-1119x1536.jpg 1119w, https:\/\/cdn02.fabioferro.eu\/wp-content\/uploads\/IGI-4cs-chart-IT-1491x2048.jpg 1491w, https:\/\/cdn02.fabioferro.eu\/wp-content\/uploads\/IGI-4cs-chart-IT-990x1359.jpg 990w, https:\/\/cdn02.fabioferro.eu\/wp-content\/uploads\/IGI-4cs-chart-IT-441x606.jpg 441w, https:\/\/cdn02.fabioferro.eu\/wp-content\/uploads\/IGI-4cs-chart-IT-600x824.jpg 600w, https:\/\/cdn02.fabioferro.eu\/wp-content\/uploads\/IGI-4cs-chart-IT-150x206.jpg 150w\" sizes=\"(max-width: 1864px) 100vw, 1864px\" \/><\/p>\n<\/div>\n<\/div>\n<\/div>\n<\/div>\n<\/div>\n<\/div>\n","protected":false},"excerpt":{"rendered":"<p>Valenza Jewellery Solit\u00e4rring aus Wei\u00dfgold mit Diamant im Brillantschliff 0,08 Karat<\/p>\n","protected":false},"featured_media":121715,"comment_status":"open","ping_status":"closed","template":"","meta":[],"product_brand":[],"product_cat":[6021],"product_tag":[],"class_list":{"0":"post-121709","1":"product","2":"type-product","3":"status-publish","4":"has-post-thumbnail","6":"product_cat-verlobungsringe","8":"first","9":"instock","10":"sale","11":"taxable","12":"shipping-taxable","13":"purchasable","14":"product-type-variable","15":"has-default-attributes"},"exclude_global_add_ons":[],"addons":[],"df_price":696,"df_sale_price":"","df_regular_price":696,"df_image_link":"https:\/\/cdn02.fabioferro.eu\/wp-content\/uploads\/anello-di-fidanzamento-fabio-ferro-in-oor-bianco-con-diamante-du28.jpg","_links":{"self":[{"href":"https:\/\/www.fabioferro.eu\/de\/wp-json\/wp\/v2\/product\/121709","targetHints":{"allow":["GET"]}}],"collection":[{"href":"https:\/\/www.fabioferro.eu\/de\/wp-json\/wp\/v2\/product"}],"about":[{"href":"https:\/\/www.fabioferro.eu\/de\/wp-json\/wp\/v2\/types\/product"}],"replies":[{"embeddable":true,"href":"https:\/\/www.fabioferro.eu\/de\/wp-json\/wp\/v2\/comments?post=121709"}],"version-history":[{"count":0,"href":"https:\/\/www.fabioferro.eu\/de\/wp-json\/wp\/v2\/product\/121709\/revisions"}],"wp:featuredmedia":[{"embeddable":true,"href":"https:\/\/www.fabioferro.eu\/de\/wp-json\/wp\/v2\/media\/121715"}],"wp:attachment":[{"href":"https:\/\/www.fabioferro.eu\/de\/wp-json\/wp\/v2\/media?parent=121709"}],"wp:term":[{"taxonomy":"product_brand","embeddable":true,"href":"https:\/\/www.fabioferro.eu\/de\/wp-json\/wp\/v2\/product_brand?post=121709"},{"taxonomy":"product_cat","embeddable":true,"href":"https:\/\/www.fabioferro.eu\/de\/wp-json\/wp\/v2\/product_cat?post=121709"},{"taxonomy":"product_tag","embeddable":true,"href":"https:\/\/www.fabioferro.eu\/de\/wp-json\/wp\/v2\/product_tag?post=121709"}],"curies":[{"name":"wp","href":"https:\/\/api.w.org\/{rel}","templated":true}]}}