{"id":121719,"date":"2022-06-01T18:44:35","date_gmt":"2022-06-01T16:44:35","guid":{"rendered":"https:\/\/www.fabioferro.eu\/hamilton-herren-ventura-chrono-quartz-schwarz-stahl-uhr-mit-lederband.html"},"modified":"2025-04-02T21:24:00","modified_gmt":"2025-04-02T19:24:00","slug":"hamilton-herren-ventura-chrono-quartz-schwarz-stahl-uhr-mit-lederband","status":"publish","type":"product","link":"https:\/\/www.fabioferro.eu\/de\/hamilton-herren-ventura-chrono-quartz-schwarz-stahl-uhr-mit-lederband.html","title":{"rendered":"Hamilton Ventura Chrono Quarz H24412732"},"content":{"rendered":"<p>Die zeitgem\u00e4\u00dfe Geh\u00e4usestruktur, die raffinierten Designdetails und die Asymmetrie verbinden sich mit dem Swiss Made-Quarzwerk zu einem entschieden modernen Modell. Mit dem schwarzen Lederarmband passt sich die Uhr bequem an das Handgelenk an. So wie Elvis&#8217; Verschmelzung von Rhythm and Blues seiner Zeit voraus war, hat diese Unisex-Uhr die Zukunft im Visier. Mit ihrer Schildform ist die Ventura eine Hommage an das Originalmodell von 1957.<\/p>\n<p>Hamilton Ventura H24412732 Elvis Quartz aus Edelstahl und Leder.<\/p>\n<p>Swiss Made Quarzwerk Kal. 251.471.<\/p>\n<p>Geh\u00e4use aus Edelstahl, Abmessungen 32,3&#215;50,3 mm, Dicke 10,87 mm. Edelstahlboden mit Wasserdichtigkeit bis 5 ATM. Ger\u00e4ndelte, wasserdichte Stahlkrone und Pump-Chrono-Dr\u00fccker.<\/p>\n<p>Schwarzes Zifferblatt mit Stunden- und Minutenzeiger aus Metall, Chronosekundenzeiger in der Mitte. Angewandte polierte Metallpunktmarkierungen.<\/p>\n<p>Saphirkristallglas.<\/p>\n<p>Schwarzes Lederarmband mit Stahlfaltschlie\u00dfe mit Hamilton-Logo. 17-mm-Schleifen.<\/p>\n<p>Neuer Artikel mit original Hamilton-Box und 2 Jahren Garantie.<\/p>\n","protected":false},"excerpt":{"rendered":"<p>Hamilton Ventura H24412732 Quarz in Stahl mit schwarzem Lederband.<\/p>\n","protected":false},"featured_media":121739,"comment_status":"open","ping_status":"closed","template":"","meta":[],"product_brand":[161],"product_cat":[5974],"product_tag":[],"class_list":{"0":"post-121719","1":"product","2":"type-product","3":"status-publish","4":"has-post-thumbnail","6":"product_brand-hamilton","7":"product_cat-hamilton-herrenuhren","8":"pa_collezione-hamilton-ventura-de","10":"first","11":"instock","12":"sale","13":"taxable","14":"shipping-taxable","15":"purchasable","16":"product-type-simple"},"exclude_global_add_ons":[],"addons":[],"df_price":916,"df_sale_price":916,"df_regular_price":1145,"df_image_link":"https:\/\/cdn02.fabioferro.eu\/wp-content\/uploads\/virtuemart\/product\/H24412732_ventura_uomo_chrono_1467124172_455.jpg","_links":{"self":[{"href":"https:\/\/www.fabioferro.eu\/de\/wp-json\/wp\/v2\/product\/121719","targetHints":{"allow":["GET"]}}],"collection":[{"href":"https:\/\/www.fabioferro.eu\/de\/wp-json\/wp\/v2\/product"}],"about":[{"href":"https:\/\/www.fabioferro.eu\/de\/wp-json\/wp\/v2\/types\/product"}],"replies":[{"embeddable":true,"href":"https:\/\/www.fabioferro.eu\/de\/wp-json\/wp\/v2\/comments?post=121719"}],"version-history":[{"count":0,"href":"https:\/\/www.fabioferro.eu\/de\/wp-json\/wp\/v2\/product\/121719\/revisions"}],"wp:featuredmedia":[{"embeddable":true,"href":"https:\/\/www.fabioferro.eu\/de\/wp-json\/wp\/v2\/media\/121739"}],"wp:attachment":[{"href":"https:\/\/www.fabioferro.eu\/de\/wp-json\/wp\/v2\/media?parent=121719"}],"wp:term":[{"taxonomy":"product_brand","embeddable":true,"href":"https:\/\/www.fabioferro.eu\/de\/wp-json\/wp\/v2\/product_brand?post=121719"},{"taxonomy":"product_cat","embeddable":true,"href":"https:\/\/www.fabioferro.eu\/de\/wp-json\/wp\/v2\/product_cat?post=121719"},{"taxonomy":"product_tag","embeddable":true,"href":"https:\/\/www.fabioferro.eu\/de\/wp-json\/wp\/v2\/product_tag?post=121719"}],"curies":[{"name":"wp","href":"https:\/\/api.w.org\/{rel}","templated":true}]}}