{"id":121755,"date":"2022-06-01T18:38:26","date_gmt":"2022-06-01T16:38:26","guid":{"rendered":"https:\/\/www.fabioferro.eu\/fabio-ferro-ohrringe-mit-weissen-suesswasser-zuchtperlen-8-mm.html"},"modified":"2024-09-18T15:52:52","modified_gmt":"2024-09-18T13:52:52","slug":"fabio-ferro-ohrringe-mit-weissen-suesswasser-zuchtperlen-8-mm","status":"publish","type":"product","link":"https:\/\/www.fabioferro.eu\/de\/fabio-ferro-ohrringe-mit-weissen-suesswasser-zuchtperlen-8-mm.html","title":{"rendered":"Fabio Ferro Ohrringe mit wei\u00dfen S\u00fc\u00dfwasser-Zuchtperlen 8 mm"},"content":{"rendered":"<div class=\"description\">\n<div class=\"description\">  Fabio Ferro Ohrringe, handgefertigt in unserer Werkstatt aus 750\/1000 Wei\u00dfgold mit nat\u00fcrlichen Zuchtperlen. Festes Spangenmodell mit einem r\u00fcckseitigen Schmetterlingsverschluss mit sorgf\u00e4ltig ausgew\u00e4hlten wei\u00dfen asiatischen Zuchtperlen mit einem Durchmesser von 8 mm. Bequemer und praktischer Schmetterlingsverschluss, der als Schlie\u00dfe dient. Die Farbe der Perlen kann leicht von der Abbildung abweichen, da es sich um nat\u00fcrliche Perlen handelt und eine Perle von der anderen verschieden ist. Mit Box und Garantie-\/Qualit\u00e4tszertifikat, unterzeichnet von Fabio Ferro I Gioielli.  <\/div>\n<\/div>\n","protected":false},"excerpt":{"rendered":"<p>Ein Paar elegante Perlen, die das Geheimnis des Meeres bergen.<\/p>\n","protected":false},"featured_media":108084,"comment_status":"open","ping_status":"closed","template":"","meta":[],"product_brand":[152],"product_cat":[6022],"product_tag":[],"class_list":{"0":"post-121755","1":"product","2":"type-product","3":"status-publish","4":"has-post-thumbnail","6":"product_brand-fabio-ferro-i-gioielli","7":"product_cat-perlen-ohrringe","9":"first","10":"instock","11":"sale","12":"taxable","13":"shipping-taxable","14":"purchasable","15":"product-type-simple"},"exclude_global_add_ons":[],"addons":[],"df_price":264,"df_sale_price":264,"df_regular_price":330,"df_image_link":"https:\/\/cdn02.fabioferro.eu\/wp-content\/uploads\/orecchini-di-perle-in-oro-bianco-con-perla-ff4925-2.jpg","_links":{"self":[{"href":"https:\/\/www.fabioferro.eu\/de\/wp-json\/wp\/v2\/product\/121755","targetHints":{"allow":["GET"]}}],"collection":[{"href":"https:\/\/www.fabioferro.eu\/de\/wp-json\/wp\/v2\/product"}],"about":[{"href":"https:\/\/www.fabioferro.eu\/de\/wp-json\/wp\/v2\/types\/product"}],"replies":[{"embeddable":true,"href":"https:\/\/www.fabioferro.eu\/de\/wp-json\/wp\/v2\/comments?post=121755"}],"version-history":[{"count":0,"href":"https:\/\/www.fabioferro.eu\/de\/wp-json\/wp\/v2\/product\/121755\/revisions"}],"wp:featuredmedia":[{"embeddable":true,"href":"https:\/\/www.fabioferro.eu\/de\/wp-json\/wp\/v2\/media\/108084"}],"wp:attachment":[{"href":"https:\/\/www.fabioferro.eu\/de\/wp-json\/wp\/v2\/media?parent=121755"}],"wp:term":[{"taxonomy":"product_brand","embeddable":true,"href":"https:\/\/www.fabioferro.eu\/de\/wp-json\/wp\/v2\/product_brand?post=121755"},{"taxonomy":"product_cat","embeddable":true,"href":"https:\/\/www.fabioferro.eu\/de\/wp-json\/wp\/v2\/product_cat?post=121755"},{"taxonomy":"product_tag","embeddable":true,"href":"https:\/\/www.fabioferro.eu\/de\/wp-json\/wp\/v2\/product_tag?post=121755"}],"curies":[{"name":"wp","href":"https:\/\/api.w.org\/{rel}","templated":true}]}}