{"id":121757,"date":"2022-06-01T18:40:09","date_gmt":"2022-06-01T16:40:09","guid":{"rendered":"https:\/\/www.fabioferro.eu\/festina-damenuhr-classic-mit-elektro-blauem-zifferblatt.html"},"modified":"2025-06-06T16:04:33","modified_gmt":"2025-06-06T14:04:33","slug":"festina-damenuhr-classic-mit-elektro-blauem-zifferblatt","status":"publish","type":"product","link":"https:\/\/www.fabioferro.eu\/de\/festina-damenuhr-classic-mit-elektro-blauem-zifferblatt.html","title":{"rendered":"Festina Damenuhr Classic mit elektro-blauem Zifferblatt"},"content":{"rendered":"<p>Festina Damenuhr Modell Classic aus poliertem Edelstahl<\/p>\n<p>Analoges Quarz-Uhrwerk mit reiner Zeitmessung<\/p>\n<p>Geh\u00e4use aus poliertem Stahl, Durchmesser 31,00 mm, Dicke 7,00 mm. Gesch\u00fctzte, wasserdichte Krone aus ger\u00e4ndeltem Stahl mit einem druckverschlossenen Stahlboden, wasserdicht bis 5 ATM.<\/p>\n<p>Mineralglas<\/p>\n<p>Elektrisch blaues Zifferblatt mit polierten Metallindexen und r\u00f6mischen Ziffern. Stunden- und Minutenzeiger aus poliertem Metall mit Datumsfeld bei 3 Uhr.<\/p>\n<p>Armband aus poliertem, weichem Stahlgewebe, Faltschlie\u00dfe aus poliertem Stahl und zwei Druckkn\u00f6pfe zum \u00d6ffnen.<\/p>\n<p>Neuware mit Box und original Festina Zweijahresgarantie<\/p>\n<p>Ausstellen einer Quittung und\/oder Rechnung<\/p>\n","protected":false},"excerpt":{"rendered":"<p>Festina Damenuhr Classic collection in Stahl mit elektro-blauem Zifferblatt<\/p>\n","protected":false},"featured_media":121767,"comment_status":"open","ping_status":"closed","template":"","meta":[],"product_brand":[171],"product_cat":[5976],"product_tag":[7442],"class_list":{"0":"post-121757","1":"product","2":"type-product","3":"status-publish","4":"has-post-thumbnail","6":"product_brand-festina","7":"product_cat-festina-damenuhren","8":"product_tag-verfugbar","10":"first","11":"instock","12":"sale","13":"taxable","14":"shipping-taxable","15":"purchasable","16":"product-type-simple"},"exclude_global_add_ons":[],"addons":[],"df_price":79.2,"df_sale_price":79.2,"df_regular_price":99,"df_image_link":"https:\/\/cdn02.fabioferro.eu\/wp-content\/uploads\/virtuemart\/product\/F16748-3.jpg","_links":{"self":[{"href":"https:\/\/www.fabioferro.eu\/de\/wp-json\/wp\/v2\/product\/121757","targetHints":{"allow":["GET"]}}],"collection":[{"href":"https:\/\/www.fabioferro.eu\/de\/wp-json\/wp\/v2\/product"}],"about":[{"href":"https:\/\/www.fabioferro.eu\/de\/wp-json\/wp\/v2\/types\/product"}],"replies":[{"embeddable":true,"href":"https:\/\/www.fabioferro.eu\/de\/wp-json\/wp\/v2\/comments?post=121757"}],"version-history":[{"count":0,"href":"https:\/\/www.fabioferro.eu\/de\/wp-json\/wp\/v2\/product\/121757\/revisions"}],"wp:featuredmedia":[{"embeddable":true,"href":"https:\/\/www.fabioferro.eu\/de\/wp-json\/wp\/v2\/media\/121767"}],"wp:attachment":[{"href":"https:\/\/www.fabioferro.eu\/de\/wp-json\/wp\/v2\/media?parent=121757"}],"wp:term":[{"taxonomy":"product_brand","embeddable":true,"href":"https:\/\/www.fabioferro.eu\/de\/wp-json\/wp\/v2\/product_brand?post=121757"},{"taxonomy":"product_cat","embeddable":true,"href":"https:\/\/www.fabioferro.eu\/de\/wp-json\/wp\/v2\/product_cat?post=121757"},{"taxonomy":"product_tag","embeddable":true,"href":"https:\/\/www.fabioferro.eu\/de\/wp-json\/wp\/v2\/product_tag?post=121757"}],"curies":[{"name":"wp","href":"https:\/\/api.w.org\/{rel}","templated":true}]}}