{"id":121761,"date":"2022-06-01T18:43:21","date_gmt":"2022-06-01T16:43:21","guid":{"rendered":"https:\/\/www.fabioferro.eu\/giovanni-raspini-maglia-bizantina-armband.html"},"modified":"2026-03-19T09:27:59","modified_gmt":"2026-03-19T08:27:59","slug":"giovanni-raspini-maglia-bizantina-armband","status":"publish","type":"product","link":"https:\/\/www.fabioferro.eu\/de\/giovanni-raspini-maglia-bizantina-armband.html","title":{"rendered":"Giovanni Raspini Maglia Bizantina Armband"},"content":{"rendered":"<p>925\/1000 Silberarmband Giovanni Raspini Maglia Bizantina Gefertigt aus einem byzantinischen Geflecht, das aus vielen ineinander verschlungenen Ringen besteht. Das Armband hat eine Dicke von \u00d8 10,50 mm und eine Gesamtl\u00e4nge von 21,00 cm und wiegt 43,40 Gramm. Logo-Karabinerverschluss mit Endring auf der gegen\u00fcberliegenden Seite, Logo Giovanni Raspini \u00d8 26 mm. Neuer Artikel mit original Giovanni Raspini Box und Garantie.<\/p>\n","protected":false},"excerpt":{"rendered":"<p>Giovanni Raspini Damenarmband aus Silber 925 Byzantinisches Netz \u00d8 10 mm. L\u00e4nge 22 cm.<\/p>\n","protected":false},"featured_media":121771,"comment_status":"open","ping_status":"closed","template":"","meta":[],"product_brand":[],"product_cat":[7569],"product_tag":[7442],"class_list":{"0":"post-121761","1":"product","2":"type-product","3":"status-publish","4":"has-post-thumbnail","6":"product_cat-armbander-giovanni-raspini","7":"product_tag-verfugbar","9":"first","10":"instock","11":"sale","12":"taxable","13":"shipping-taxable","14":"purchasable","15":"product-type-simple"},"exclude_global_add_ons":[],"addons":[],"df_price":364.5,"df_sale_price":364.5,"df_regular_price":405,"df_image_link":"https:\/\/cdn02.fabioferro.eu\/wp-content\/uploads\/virtuemart\/product\/6863BRACCIALE_BIZANTINA.jpg","_links":{"self":[{"href":"https:\/\/www.fabioferro.eu\/de\/wp-json\/wp\/v2\/product\/121761","targetHints":{"allow":["GET"]}}],"collection":[{"href":"https:\/\/www.fabioferro.eu\/de\/wp-json\/wp\/v2\/product"}],"about":[{"href":"https:\/\/www.fabioferro.eu\/de\/wp-json\/wp\/v2\/types\/product"}],"replies":[{"embeddable":true,"href":"https:\/\/www.fabioferro.eu\/de\/wp-json\/wp\/v2\/comments?post=121761"}],"version-history":[{"count":0,"href":"https:\/\/www.fabioferro.eu\/de\/wp-json\/wp\/v2\/product\/121761\/revisions"}],"wp:featuredmedia":[{"embeddable":true,"href":"https:\/\/www.fabioferro.eu\/de\/wp-json\/wp\/v2\/media\/121771"}],"wp:attachment":[{"href":"https:\/\/www.fabioferro.eu\/de\/wp-json\/wp\/v2\/media?parent=121761"}],"wp:term":[{"taxonomy":"product_brand","embeddable":true,"href":"https:\/\/www.fabioferro.eu\/de\/wp-json\/wp\/v2\/product_brand?post=121761"},{"taxonomy":"product_cat","embeddable":true,"href":"https:\/\/www.fabioferro.eu\/de\/wp-json\/wp\/v2\/product_cat?post=121761"},{"taxonomy":"product_tag","embeddable":true,"href":"https:\/\/www.fabioferro.eu\/de\/wp-json\/wp\/v2\/product_tag?post=121761"}],"curies":[{"name":"wp","href":"https:\/\/api.w.org\/{rel}","templated":true}]}}