{"id":121772,"date":"2022-06-01T18:40:58","date_gmt":"2022-06-01T16:40:58","guid":{"rendered":"https:\/\/www.fabioferro.eu\/giovanni-raspini-925-sterling-silber-herz-mit-schleife-charme.html"},"modified":"2024-09-20T10:26:04","modified_gmt":"2024-09-20T08:26:04","slug":"giovanni-raspini-925-sterling-silber-herz-mit-schleife-charme","status":"publish","type":"product","link":"https:\/\/www.fabioferro.eu\/de\/giovanni-raspini-925-sterling-silber-herz-mit-schleife-charme.html","title":{"rendered":"Giovanni Raspini 925 Sterling Silber Herz mit Schleife Charme"},"content":{"rendered":"<div class=\"description\">  Herzf\u00f6rmiger Giovanni Raspini Anh\u00e4nger aus 925\/1000 Silber mit Schleife. Der Anh\u00e4nger hat die Ma\u00dfe 18&#215;16 mm und ist mit einer offenen Perle versehen, so dass er als Anh\u00e4nger an einem Armband oder an einer Halskette befestigt werden kann. Neuer Artikel mit original Giovanni Raspini Box und Garantie.  <\/div>\n","protected":false},"excerpt":{"rendered":"<p>Herzf\u00f6rmiger 925 Sterling Silber Giovanni Raspini Anh\u00e4nger mit Schleife<\/p>\n","protected":false},"featured_media":121798,"comment_status":"open","ping_status":"closed","template":"","meta":[],"product_brand":[155],"product_cat":[7575,7576,7578],"product_tag":[7442],"class_list":{"0":"post-121772","1":"product","2":"type-product","3":"status-publish","4":"has-post-thumbnail","6":"product_brand-raspini","7":"product_cat-do-it-yourself-schmuck-giovanni-raspini","8":"product_cat-giovanni-raspini-reize","9":"product_cat-raspini-charms-fur-veranstaltung-de","10":"product_tag-verfugbar","12":"first","13":"instock","14":"sale","15":"taxable","16":"shipping-taxable","17":"purchasable","18":"product-type-simple"},"exclude_global_add_ons":[],"addons":[],"df_price":36,"df_sale_price":36,"df_regular_price":40,"df_image_link":"https:\/\/cdn02.fabioferro.eu\/wp-content\/uploads\/virtuemart\/product\/9464.jpg","_links":{"self":[{"href":"https:\/\/www.fabioferro.eu\/de\/wp-json\/wp\/v2\/product\/121772","targetHints":{"allow":["GET"]}}],"collection":[{"href":"https:\/\/www.fabioferro.eu\/de\/wp-json\/wp\/v2\/product"}],"about":[{"href":"https:\/\/www.fabioferro.eu\/de\/wp-json\/wp\/v2\/types\/product"}],"replies":[{"embeddable":true,"href":"https:\/\/www.fabioferro.eu\/de\/wp-json\/wp\/v2\/comments?post=121772"}],"version-history":[{"count":0,"href":"https:\/\/www.fabioferro.eu\/de\/wp-json\/wp\/v2\/product\/121772\/revisions"}],"wp:featuredmedia":[{"embeddable":true,"href":"https:\/\/www.fabioferro.eu\/de\/wp-json\/wp\/v2\/media\/121798"}],"wp:attachment":[{"href":"https:\/\/www.fabioferro.eu\/de\/wp-json\/wp\/v2\/media?parent=121772"}],"wp:term":[{"taxonomy":"product_brand","embeddable":true,"href":"https:\/\/www.fabioferro.eu\/de\/wp-json\/wp\/v2\/product_brand?post=121772"},{"taxonomy":"product_cat","embeddable":true,"href":"https:\/\/www.fabioferro.eu\/de\/wp-json\/wp\/v2\/product_cat?post=121772"},{"taxonomy":"product_tag","embeddable":true,"href":"https:\/\/www.fabioferro.eu\/de\/wp-json\/wp\/v2\/product_tag?post=121772"}],"curies":[{"name":"wp","href":"https:\/\/api.w.org\/{rel}","templated":true}]}}