{"id":121779,"date":"2022-06-01T18:41:13","date_gmt":"2022-06-01T16:41:13","guid":{"rendered":"https:\/\/www.fabioferro.eu\/armband-basis-giovanni-raspini-schmetterling-roulette-kollektion-in-925-silber.html"},"modified":"2026-02-04T08:07:08","modified_gmt":"2026-02-04T07:07:08","slug":"armband-basis-giovanni-raspini-schmetterling-roulette-kollektion-in-925-silber","status":"publish","type":"product","link":"https:\/\/www.fabioferro.eu\/de\/armband-basis-giovanni-raspini-schmetterling-roulette-kollektion-in-925-silber.html","title":{"rendered":"Giovanni Raspini Roulette Schmetterlingsarmband"},"content":{"rendered":"<div class=\"description\">  Der neue modulare Schmuck &#8216;Roulette&#8217; von Giovanni Raspini ist f\u00fcr all diejenigen gedacht, die es lieben, ihren Schmuck zu kreieren und zu personalisieren. Das neue Basisarmband l\u00e4sst sich n\u00e4mlich nach Belieben \u00f6ffnen und mit einem Bris\u00e9 versehen, in das verschiedene Roulettini&#8221;-Anh\u00e4nger eingesetzt werden k\u00f6nnen. Armband Giovanni Raspini Roulette Kollektion in 925\/1000 Silber mit Schmetterling Bestehend aus Basis Armband in mittlerem rol\u00f2 Mesh Durchmesser mm. 4,00 L\u00e4nge cm. 20,00. Verschluss mit praktischem Karabinerhaken mit Giovanni Raspini-Logo. Bereits mit vier glatten Spulen und einem Schmetterling geliefert. Dieses Armband kann mit einer unendlichen Anzahl von Anh\u00e4ngern von Giovanni Raspini individuell gestaltet werden. Offizielle Giovanni Raspini Box und Garantie.  <\/div>\n","protected":false},"excerpt":{"rendered":"<p>Basic Armband Giovanni Raspini Roulette Kollektion mit Schmetterling in 925 Silber<\/p>\n","protected":false},"featured_media":121813,"comment_status":"open","ping_status":"closed","template":"","meta":[],"product_brand":[155],"product_cat":[7569,7575],"product_tag":[],"class_list":{"0":"post-121779","1":"product","2":"type-product","3":"status-publish","4":"has-post-thumbnail","6":"product_brand-raspini","7":"product_cat-armbander-giovanni-raspini","8":"product_cat-do-it-yourself-schmuck-giovanni-raspini","10":"first","11":"instock","12":"sale","13":"taxable","14":"shipping-taxable","15":"purchasable","16":"product-type-simple"},"exclude_global_add_ons":[],"addons":[],"df_price":99,"df_sale_price":99,"df_regular_price":110,"df_image_link":"https:\/\/cdn02.fabioferro.eu\/wp-content\/uploads\/virtuemart\/product\/9441_bis.jpg","_links":{"self":[{"href":"https:\/\/www.fabioferro.eu\/de\/wp-json\/wp\/v2\/product\/121779","targetHints":{"allow":["GET"]}}],"collection":[{"href":"https:\/\/www.fabioferro.eu\/de\/wp-json\/wp\/v2\/product"}],"about":[{"href":"https:\/\/www.fabioferro.eu\/de\/wp-json\/wp\/v2\/types\/product"}],"replies":[{"embeddable":true,"href":"https:\/\/www.fabioferro.eu\/de\/wp-json\/wp\/v2\/comments?post=121779"}],"version-history":[{"count":0,"href":"https:\/\/www.fabioferro.eu\/de\/wp-json\/wp\/v2\/product\/121779\/revisions"}],"wp:featuredmedia":[{"embeddable":true,"href":"https:\/\/www.fabioferro.eu\/de\/wp-json\/wp\/v2\/media\/121813"}],"wp:attachment":[{"href":"https:\/\/www.fabioferro.eu\/de\/wp-json\/wp\/v2\/media?parent=121779"}],"wp:term":[{"taxonomy":"product_brand","embeddable":true,"href":"https:\/\/www.fabioferro.eu\/de\/wp-json\/wp\/v2\/product_brand?post=121779"},{"taxonomy":"product_cat","embeddable":true,"href":"https:\/\/www.fabioferro.eu\/de\/wp-json\/wp\/v2\/product_cat?post=121779"},{"taxonomy":"product_tag","embeddable":true,"href":"https:\/\/www.fabioferro.eu\/de\/wp-json\/wp\/v2\/product_tag?post=121779"}],"curies":[{"name":"wp","href":"https:\/\/api.w.org\/{rel}","templated":true}]}}