{"id":121804,"date":"2022-06-01T18:41:05","date_gmt":"2022-06-01T16:41:05","guid":{"rendered":"https:\/\/www.fabioferro.eu\/giovanni-raspini-1-lira-muenzanhaenger-aus-925er-silber.html"},"modified":"2024-09-18T15:52:37","modified_gmt":"2024-09-18T13:52:37","slug":"giovanni-raspini-1-lira-muenzanhaenger-aus-925er-silber","status":"publish","type":"product","link":"https:\/\/www.fabioferro.eu\/de\/giovanni-raspini-1-lira-muenzanhaenger-aus-925er-silber.html","title":{"rendered":"Giovanni Raspini 1-Lira M\u00fcnzanh\u00e4nger aus 925er Silber"},"content":{"rendered":"<div class=\"description\">  Giovanni Raspini 925\/1000 Sterling Silber Anh\u00e4nger in Form einer 1 Lira M\u00fcnze Datiert 1954, dem Jahr, in dem mehr M\u00fcnzen dieses Nennwerts gepr\u00e4gt wurden. Die M\u00fcnze hat einen Durchmesser von 15 mm. und eine Dicke von 1 mm. Ausgestattet mit einem offenen Ring zur Befestigung an einem Armband oder an einer Halskette. Neuer Artikel mit original Giovanni Raspini Box und Garantie  &nbsp;<\/p>\n<\/div>\n","protected":false},"excerpt":{"rendered":"<p>Giovanni Raspini 925 Silber Anh\u00e4nger in Form einer 1 Lira M\u00fcnze<\/p>\n","protected":false},"featured_media":121816,"comment_status":"open","ping_status":"closed","template":"","meta":[],"product_brand":[155],"product_cat":[7575,7576,7578],"product_tag":[],"class_list":{"0":"post-121804","1":"product","2":"type-product","3":"status-publish","4":"has-post-thumbnail","6":"product_brand-raspini","7":"product_cat-do-it-yourself-schmuck-giovanni-raspini","8":"product_cat-giovanni-raspini-reize","9":"product_cat-raspini-charms-fur-veranstaltung-de","11":"first","12":"instock","13":"sale","14":"taxable","15":"shipping-taxable","16":"purchasable","17":"product-type-simple"},"exclude_global_add_ons":[],"addons":[],"df_price":36,"df_sale_price":36,"df_regular_price":40,"df_image_link":"https:\/\/cdn02.fabioferro.eu\/wp-content\/uploads\/virtuemart\/product\/9454-1-lira.jpg","_links":{"self":[{"href":"https:\/\/www.fabioferro.eu\/de\/wp-json\/wp\/v2\/product\/121804","targetHints":{"allow":["GET"]}}],"collection":[{"href":"https:\/\/www.fabioferro.eu\/de\/wp-json\/wp\/v2\/product"}],"about":[{"href":"https:\/\/www.fabioferro.eu\/de\/wp-json\/wp\/v2\/types\/product"}],"replies":[{"embeddable":true,"href":"https:\/\/www.fabioferro.eu\/de\/wp-json\/wp\/v2\/comments?post=121804"}],"version-history":[{"count":0,"href":"https:\/\/www.fabioferro.eu\/de\/wp-json\/wp\/v2\/product\/121804\/revisions"}],"wp:featuredmedia":[{"embeddable":true,"href":"https:\/\/www.fabioferro.eu\/de\/wp-json\/wp\/v2\/media\/121816"}],"wp:attachment":[{"href":"https:\/\/www.fabioferro.eu\/de\/wp-json\/wp\/v2\/media?parent=121804"}],"wp:term":[{"taxonomy":"product_brand","embeddable":true,"href":"https:\/\/www.fabioferro.eu\/de\/wp-json\/wp\/v2\/product_brand?post=121804"},{"taxonomy":"product_cat","embeddable":true,"href":"https:\/\/www.fabioferro.eu\/de\/wp-json\/wp\/v2\/product_cat?post=121804"},{"taxonomy":"product_tag","embeddable":true,"href":"https:\/\/www.fabioferro.eu\/de\/wp-json\/wp\/v2\/product_tag?post=121804"}],"curies":[{"name":"wp","href":"https:\/\/api.w.org\/{rel}","templated":true}]}}