{"id":121810,"date":"2022-06-01T18:37:03","date_gmt":"2022-06-01T16:37:03","guid":{"rendered":"https:\/\/www.fabioferro.eu\/basis-armband-giovanni-raspini-roulette-kollektion-mit-herz-in-925-sterling-silber.html"},"modified":"2026-03-02T09:08:30","modified_gmt":"2026-03-02T08:08:30","slug":"basis-armband-giovanni-raspini-roulette-kollektion-mit-herz-in-925-sterling-silber","status":"publish","type":"product","link":"https:\/\/www.fabioferro.eu\/de\/basis-armband-giovanni-raspini-roulette-kollektion-mit-herz-in-925-sterling-silber.html","title":{"rendered":"Basis-Armband Giovanni Raspini Roulette Kollektion mit Herz in 925 Sterling Silber"},"content":{"rendered":"<p>Der neue modulare Schmuck &#8216;Roulette&#8217; von Giovanni Raspini ist f\u00fcr all diejenigen gedacht, die ihren Schmuck gerne kreieren und personalisieren. Das neue Basisarmband l\u00e4sst sich n\u00e4mlich nach Belieben \u00f6ffnen und mit einem Bris\u00e9 versehen, in das verschiedene Roulettini&#8221;-Anh\u00e4nger eingesetzt werden k\u00f6nnen. Armband Giovanni Raspini Roulette Kollektion in Sterling Silber 925\/1000 mit Herz Bestehend aus Basis Armband in mittlerem rol\u00f2 Mesh Durchmesser mm. 4,00 L\u00e4nge cm. 20,00. Verschluss mit praktischem Karabinerhaken mit Giovanni Raspini-Logo. Bereits mit vier glatten kleinen Spulen und einem kleinen Herz versehen. Dieses Armband kann mit einer unendlichen Anzahl von Anh\u00e4ngern von Giovanni Raspini individuell gestaltet werden. Offizielle Giovanni Raspini Box, Handtasche und Garantie  &nbsp;<\/p>\n","protected":false},"excerpt":{"rendered":"<p>Basic Armband Giovanni Raspini Roulette Kollektion mit Herz in 925 Silber<\/p>\n","protected":false},"featured_media":121821,"comment_status":"open","ping_status":"closed","template":"","meta":[],"product_brand":[155],"product_cat":[7569,7575],"product_tag":[7442],"class_list":{"0":"post-121810","1":"product","2":"type-product","3":"status-publish","4":"has-post-thumbnail","6":"product_brand-raspini","7":"product_cat-armbander-giovanni-raspini","8":"product_cat-do-it-yourself-schmuck-giovanni-raspini","9":"product_tag-verfugbar","11":"first","12":"instock","13":"sale","14":"taxable","15":"shipping-taxable","16":"purchasable","17":"product-type-simple"},"exclude_global_add_ons":[],"addons":[],"df_price":99,"df_sale_price":99,"df_regular_price":110,"df_image_link":"https:\/\/cdn02.fabioferro.eu\/wp-content\/uploads\/virtuemart\/product\/9211.jpg","_links":{"self":[{"href":"https:\/\/www.fabioferro.eu\/de\/wp-json\/wp\/v2\/product\/121810","targetHints":{"allow":["GET"]}}],"collection":[{"href":"https:\/\/www.fabioferro.eu\/de\/wp-json\/wp\/v2\/product"}],"about":[{"href":"https:\/\/www.fabioferro.eu\/de\/wp-json\/wp\/v2\/types\/product"}],"replies":[{"embeddable":true,"href":"https:\/\/www.fabioferro.eu\/de\/wp-json\/wp\/v2\/comments?post=121810"}],"version-history":[{"count":0,"href":"https:\/\/www.fabioferro.eu\/de\/wp-json\/wp\/v2\/product\/121810\/revisions"}],"wp:featuredmedia":[{"embeddable":true,"href":"https:\/\/www.fabioferro.eu\/de\/wp-json\/wp\/v2\/media\/121821"}],"wp:attachment":[{"href":"https:\/\/www.fabioferro.eu\/de\/wp-json\/wp\/v2\/media?parent=121810"}],"wp:term":[{"taxonomy":"product_brand","embeddable":true,"href":"https:\/\/www.fabioferro.eu\/de\/wp-json\/wp\/v2\/product_brand?post=121810"},{"taxonomy":"product_cat","embeddable":true,"href":"https:\/\/www.fabioferro.eu\/de\/wp-json\/wp\/v2\/product_cat?post=121810"},{"taxonomy":"product_tag","embeddable":true,"href":"https:\/\/www.fabioferro.eu\/de\/wp-json\/wp\/v2\/product_tag?post=121810"}],"curies":[{"name":"wp","href":"https:\/\/api.w.org\/{rel}","templated":true}]}}