{"id":121814,"date":"2022-06-01T18:42:28","date_gmt":"2022-06-01T16:42:28","guid":{"rendered":"https:\/\/www.fabioferro.eu\/giovanni-raspini-cuore-charme.html"},"modified":"2024-09-18T15:51:04","modified_gmt":"2024-09-18T13:51:04","slug":"giovanni-raspini-cuore-charme","status":"publish","type":"product","link":"https:\/\/www.fabioferro.eu\/de\/giovanni-raspini-cuore-charme.html","title":{"rendered":"Giovanni Raspini Cuore Charme"},"content":{"rendered":"<p>Herzf\u00f6rmiger Giovanni Raspini Charm aus 925\/1000 Silber mit Schmetterling. Abmessungen mm. 22&#215;22, Dicke mm. 1. Der Schmetterling ist als Relief angebracht und erreicht eine Dicke von 5,00 mm. Der Anh\u00e4nger ist mit einem offenen, runden Haken ausgestattet, damit er leicht an einem Rollarmband befestigt werden kann. Neuer Artikel mit Box und Giovanni Raspini Garantie.<\/p>\n","protected":false},"excerpt":{"rendered":"<p>Herzf\u00f6rmiger Anh\u00e4nger von Giovanni Raspini mit Schmetterling aus 925er Silber. Auch erh\u00e4ltlich: Herz mit Marienk\u00e4fer, Herz mit Frosch, Herz mit Engel.<\/p>\n","protected":false},"featured_media":121828,"comment_status":"open","ping_status":"closed","template":"","meta":[],"product_brand":[155],"product_cat":[7575,7576],"product_tag":[],"class_list":{"0":"post-121814","1":"product","2":"type-product","3":"status-publish","4":"has-post-thumbnail","6":"product_brand-raspini","7":"product_cat-do-it-yourself-schmuck-giovanni-raspini","8":"product_cat-giovanni-raspini-reize","10":"first","11":"instock","12":"sale","13":"taxable","14":"shipping-taxable","15":"purchasable","16":"product-type-simple"},"exclude_global_add_ons":[],"addons":[],"df_price":49.5,"df_sale_price":49.5,"df_regular_price":55,"df_image_link":"https:\/\/cdn02.fabioferro.eu\/wp-content\/uploads\/virtuemart\/product\/8741cuore_farfalla.jpg","_links":{"self":[{"href":"https:\/\/www.fabioferro.eu\/de\/wp-json\/wp\/v2\/product\/121814","targetHints":{"allow":["GET"]}}],"collection":[{"href":"https:\/\/www.fabioferro.eu\/de\/wp-json\/wp\/v2\/product"}],"about":[{"href":"https:\/\/www.fabioferro.eu\/de\/wp-json\/wp\/v2\/types\/product"}],"replies":[{"embeddable":true,"href":"https:\/\/www.fabioferro.eu\/de\/wp-json\/wp\/v2\/comments?post=121814"}],"version-history":[{"count":0,"href":"https:\/\/www.fabioferro.eu\/de\/wp-json\/wp\/v2\/product\/121814\/revisions"}],"wp:featuredmedia":[{"embeddable":true,"href":"https:\/\/www.fabioferro.eu\/de\/wp-json\/wp\/v2\/media\/121828"}],"wp:attachment":[{"href":"https:\/\/www.fabioferro.eu\/de\/wp-json\/wp\/v2\/media?parent=121814"}],"wp:term":[{"taxonomy":"product_brand","embeddable":true,"href":"https:\/\/www.fabioferro.eu\/de\/wp-json\/wp\/v2\/product_brand?post=121814"},{"taxonomy":"product_cat","embeddable":true,"href":"https:\/\/www.fabioferro.eu\/de\/wp-json\/wp\/v2\/product_cat?post=121814"},{"taxonomy":"product_tag","embeddable":true,"href":"https:\/\/www.fabioferro.eu\/de\/wp-json\/wp\/v2\/product_tag?post=121814"}],"curies":[{"name":"wp","href":"https:\/\/api.w.org\/{rel}","templated":true}]}}