{"id":121815,"date":"2022-06-01T18:41:10","date_gmt":"2022-06-01T16:41:10","guid":{"rendered":"https:\/\/www.fabioferro.eu\/giovanni-raspini-50-lira-muenze-anhaenger-aus-925er-silber.html"},"modified":"2024-09-18T15:52:31","modified_gmt":"2024-09-18T13:52:31","slug":"giovanni-raspini-50-lira-muenze-anhaenger-aus-925er-silber","status":"publish","type":"product","link":"https:\/\/www.fabioferro.eu\/de\/giovanni-raspini-50-lira-muenze-anhaenger-aus-925er-silber.html","title":{"rendered":"Giovanni Raspini 50-Lira-M\u00fcnze Anh\u00e4nger aus 925er Silber"},"content":{"rendered":"<div class=\"description\">\n<div class=\"description\">\n<div class=\"description\">  Giovanni Raspini 925\/1000 Sterling Silber Anh\u00e4nger in Form einer 50 Lire M\u00fcnze Er zeigt den Gott Vulkan auf der einen Seite und Vittorio Emanuele auf der anderen Seite. Die M\u00fcnze hat einen Durchmesser von 22 mm und eine Dicke von 1,50 mm. Ausgestattet mit einem offenen Ring zur Befestigung an einem Armband oder an einer Halskette. Artikel neu mit Originalverpackung von Giovanni Raspini und Garantie Ausstellung einer Quittung und\/oder Rechnung  <\/div>\n<\/div>\n<\/div>\n","protected":false},"excerpt":{"rendered":"<p>Giovanni Raspini aus 925er Silber in Form einer 50-Lire-M\u00fcnze<\/p>\n","protected":false},"featured_media":121825,"comment_status":"open","ping_status":"closed","template":"","meta":[],"product_brand":[155],"product_cat":[7575,7576],"product_tag":[7442],"class_list":{"0":"post-121815","1":"product","2":"type-product","3":"status-publish","4":"has-post-thumbnail","6":"product_brand-raspini","7":"product_cat-do-it-yourself-schmuck-giovanni-raspini","8":"product_cat-giovanni-raspini-reize","9":"product_tag-verfugbar","11":"first","12":"instock","13":"sale","14":"taxable","15":"shipping-taxable","16":"purchasable","17":"product-type-simple"},"exclude_global_add_ons":[],"addons":[],"df_price":49.5,"df_sale_price":49.5,"df_regular_price":55,"df_image_link":"https:\/\/cdn02.fabioferro.eu\/wp-content\/uploads\/virtuemart\/product\/9459-50-lire.jpg","_links":{"self":[{"href":"https:\/\/www.fabioferro.eu\/de\/wp-json\/wp\/v2\/product\/121815","targetHints":{"allow":["GET"]}}],"collection":[{"href":"https:\/\/www.fabioferro.eu\/de\/wp-json\/wp\/v2\/product"}],"about":[{"href":"https:\/\/www.fabioferro.eu\/de\/wp-json\/wp\/v2\/types\/product"}],"replies":[{"embeddable":true,"href":"https:\/\/www.fabioferro.eu\/de\/wp-json\/wp\/v2\/comments?post=121815"}],"version-history":[{"count":0,"href":"https:\/\/www.fabioferro.eu\/de\/wp-json\/wp\/v2\/product\/121815\/revisions"}],"wp:featuredmedia":[{"embeddable":true,"href":"https:\/\/www.fabioferro.eu\/de\/wp-json\/wp\/v2\/media\/121825"}],"wp:attachment":[{"href":"https:\/\/www.fabioferro.eu\/de\/wp-json\/wp\/v2\/media?parent=121815"}],"wp:term":[{"taxonomy":"product_brand","embeddable":true,"href":"https:\/\/www.fabioferro.eu\/de\/wp-json\/wp\/v2\/product_brand?post=121815"},{"taxonomy":"product_cat","embeddable":true,"href":"https:\/\/www.fabioferro.eu\/de\/wp-json\/wp\/v2\/product_cat?post=121815"},{"taxonomy":"product_tag","embeddable":true,"href":"https:\/\/www.fabioferro.eu\/de\/wp-json\/wp\/v2\/product_tag?post=121815"}],"curies":[{"name":"wp","href":"https:\/\/api.w.org\/{rel}","templated":true}]}}