{"id":121832,"date":"2022-06-01T18:37:02","date_gmt":"2022-06-01T16:37:02","guid":{"rendered":"https:\/\/www.fabioferro.eu\/damenarmband-giovanni-raspini-roulette-kollektion-mit-zwei-brises-in-925-sterling-silber.html"},"modified":"2024-08-08T08:47:42","modified_gmt":"2024-08-08T06:47:42","slug":"damenarmband-giovanni-raspini-roulette-kollektion-mit-zwei-brises-in-925-sterling-silber","status":"publish","type":"product","link":"https:\/\/www.fabioferro.eu\/de\/damenarmband-giovanni-raspini-roulette-kollektion-mit-zwei-brises-in-925-sterling-silber.html","title":{"rendered":"Armband Giovanni Raspini Roulette Kollektion mit zwei Bris\u00e9s"},"content":{"rendered":"<p>Der neue modulare Schmuck &#8216;Roulette&#8217; von Giovanni Raspini ist f\u00fcr all diejenigen gedacht, die ihren Schmuck gerne kreieren und personalisieren. Das neue Basisarmband l\u00e4sst sich n\u00e4mlich nach Belieben \u00f6ffnen und mit einem Bris\u00e9 versehen, in das verschiedene Roulettini&#8221;-Anh\u00e4nger eingesetzt werden k\u00f6nnen. Basisarmband Giovanni Raspini Roulette Collection 925\/1000 mit Due Bris\u00e8 Bestehend aus einem Basisarmband aus mittlerem Rollo-Mesh mit einem Durchmesser von 4 mm, L\u00e4nge 20 cm. Verschluss mit praktischem Karabinerhaken mit Giovanni Raspini-Logo. Zwei Bris\u00e9s am Anfang und am Ende des Armbands erm\u00f6glichen die individuelle Gestaltung mit Anh\u00e4ngern. Offizielle Giovanni Raspini-Box und Garantie.<\/p>\n","protected":false},"excerpt":{"rendered":"<p>Basic-Armband Giovanni Raspini Roulette Kollektion in 925\/1000 Silber mit zwei Bris\u00e9s<\/p>\n","protected":false},"featured_media":121841,"comment_status":"open","ping_status":"closed","template":"","meta":[],"product_brand":[],"product_cat":[7569,7575],"product_tag":[7442],"class_list":{"0":"post-121832","1":"product","2":"type-product","3":"status-publish","4":"has-post-thumbnail","6":"product_cat-armbander-giovanni-raspini","7":"product_cat-do-it-yourself-schmuck-giovanni-raspini","8":"product_tag-verfugbar","10":"first","11":"instock","12":"sale","13":"taxable","14":"shipping-taxable","15":"purchasable","16":"product-type-simple"},"exclude_global_add_ons":[],"addons":[],"df_price":85.5,"df_sale_price":85.5,"df_regular_price":95,"df_image_link":"https:\/\/cdn02.fabioferro.eu\/wp-content\/uploads\/virtuemart\/product\/9208.jpg","_links":{"self":[{"href":"https:\/\/www.fabioferro.eu\/de\/wp-json\/wp\/v2\/product\/121832","targetHints":{"allow":["GET"]}}],"collection":[{"href":"https:\/\/www.fabioferro.eu\/de\/wp-json\/wp\/v2\/product"}],"about":[{"href":"https:\/\/www.fabioferro.eu\/de\/wp-json\/wp\/v2\/types\/product"}],"replies":[{"embeddable":true,"href":"https:\/\/www.fabioferro.eu\/de\/wp-json\/wp\/v2\/comments?post=121832"}],"version-history":[{"count":0,"href":"https:\/\/www.fabioferro.eu\/de\/wp-json\/wp\/v2\/product\/121832\/revisions"}],"wp:featuredmedia":[{"embeddable":true,"href":"https:\/\/www.fabioferro.eu\/de\/wp-json\/wp\/v2\/media\/121841"}],"wp:attachment":[{"href":"https:\/\/www.fabioferro.eu\/de\/wp-json\/wp\/v2\/media?parent=121832"}],"wp:term":[{"taxonomy":"product_brand","embeddable":true,"href":"https:\/\/www.fabioferro.eu\/de\/wp-json\/wp\/v2\/product_brand?post=121832"},{"taxonomy":"product_cat","embeddable":true,"href":"https:\/\/www.fabioferro.eu\/de\/wp-json\/wp\/v2\/product_cat?post=121832"},{"taxonomy":"product_tag","embeddable":true,"href":"https:\/\/www.fabioferro.eu\/de\/wp-json\/wp\/v2\/product_tag?post=121832"}],"curies":[{"name":"wp","href":"https:\/\/api.w.org\/{rel}","templated":true}]}}