{"id":121836,"date":"2022-06-01T18:39:33","date_gmt":"2022-06-01T16:39:33","guid":{"rendered":"https:\/\/www.fabioferro.eu\/fabio-ferro-unsichtbarer-ring-aus-weissgold-mit-diamanten-058-karat.html"},"modified":"2024-10-30T09:59:19","modified_gmt":"2024-10-30T08:59:19","slug":"fabio-ferro-unsichtbarer-ring-aus-weissgold-mit-diamanten-058-karat","status":"publish","type":"product","link":"https:\/\/www.fabioferro.eu\/de\/fabio-ferro-unsichtbarer-ring-aus-weissgold-mit-diamanten-058-karat.html","title":{"rendered":"Fabio Ferro Unsichtbarer Ring aus Wei\u00dfgold mit Diamanten 0,58 Karat"},"content":{"rendered":"<p>Ring aus 750\/1000 Wei\u00dfgold mit einem Gewicht von 4,30 g und Diamanten im Brillantschliff.<\/p>\n<p>Der Ring wird in unserer Werkstatt entworfen und hergestellt. Was es zu einem einzigartigen St\u00fcck macht, ist die spezielle Einbettungstechnik, die als &#8220;Invisible&#8221; bekannt ist, da sie f\u00fcr das Auge fast unsichtbar wird, um die R\u00e4nder des Rahmens zu erkennen.<\/p>\n<p>Der Ring ist mit 7 Diamanten im Brillantschliff von insgesamt 0,58 Karat, Farbe G und Reinheit VS2 besetzt.<\/p>\n<p>Jeder Stein wird von einem fachkundigen Fasser von Hand gefasst, der seine Sicherheit und h\u00f6chste Qualit\u00e4t garantiert.<\/p>\n<p>Ein von Fabio Ferro unterzeichnetes Qualit\u00e4tszertifikat und eine Garantie begleiten die h\u00fcbsche Couvette, die in einer Geschenkbox geliefert wird.<\/p>\n<p><img decoding=\"async\" class=\"alignnone size-full wp-image-68675\" src=\"https:\/\/cdn02.fabioferro.eu\/wp-content\/uploads\/IGI-4cs-chart-IT-scaled.jpg\" alt=\"\" width=\"1864\" height=\"2560\" title=\"\" srcset=\"https:\/\/cdn02.fabioferro.eu\/wp-content\/uploads\/IGI-4cs-chart-IT-scaled.jpg 1864w, https:\/\/cdn02.fabioferro.eu\/wp-content\/uploads\/IGI-4cs-chart-IT-768x1055.jpg 768w, https:\/\/cdn02.fabioferro.eu\/wp-content\/uploads\/IGI-4cs-chart-IT-1119x1536.jpg 1119w, https:\/\/cdn02.fabioferro.eu\/wp-content\/uploads\/IGI-4cs-chart-IT-1491x2048.jpg 1491w, https:\/\/cdn02.fabioferro.eu\/wp-content\/uploads\/IGI-4cs-chart-IT-990x1359.jpg 990w, https:\/\/cdn02.fabioferro.eu\/wp-content\/uploads\/IGI-4cs-chart-IT-441x606.jpg 441w, https:\/\/cdn02.fabioferro.eu\/wp-content\/uploads\/IGI-4cs-chart-IT-600x824.jpg 600w, https:\/\/cdn02.fabioferro.eu\/wp-content\/uploads\/IGI-4cs-chart-IT-150x206.jpg 150w\" sizes=\"(max-width: 1864px) 100vw, 1864px\" \/><\/p>\n","protected":false},"excerpt":{"rendered":"<p>Ein elegantes Juwel, das in seinem eigenen Licht erstrahlt<\/p>\n","protected":false},"featured_media":121846,"comment_status":"open","ping_status":"closed","template":"","meta":[],"product_brand":[152],"product_cat":[6021],"product_tag":[],"class_list":{"0":"post-121836","1":"product","2":"type-product","3":"status-publish","4":"has-post-thumbnail","6":"product_brand-fabio-ferro-i-gioielli","7":"product_cat-verlobungsringe","9":"first","10":"instock","11":"sale","12":"taxable","13":"shipping-taxable","14":"purchasable","15":"product-type-variable","16":"has-default-attributes"},"exclude_global_add_ons":[],"addons":[],"df_price":2312,"df_sale_price":"","df_regular_price":2312,"df_image_link":"https:\/\/cdn02.fabioferro.eu\/wp-content\/uploads\/anello-fabio-ferro-solitario-pave-in-oro-bianco-con-diamanti-ff40.jpg","_links":{"self":[{"href":"https:\/\/www.fabioferro.eu\/de\/wp-json\/wp\/v2\/product\/121836","targetHints":{"allow":["GET"]}}],"collection":[{"href":"https:\/\/www.fabioferro.eu\/de\/wp-json\/wp\/v2\/product"}],"about":[{"href":"https:\/\/www.fabioferro.eu\/de\/wp-json\/wp\/v2\/types\/product"}],"replies":[{"embeddable":true,"href":"https:\/\/www.fabioferro.eu\/de\/wp-json\/wp\/v2\/comments?post=121836"}],"version-history":[{"count":0,"href":"https:\/\/www.fabioferro.eu\/de\/wp-json\/wp\/v2\/product\/121836\/revisions"}],"wp:featuredmedia":[{"embeddable":true,"href":"https:\/\/www.fabioferro.eu\/de\/wp-json\/wp\/v2\/media\/121846"}],"wp:attachment":[{"href":"https:\/\/www.fabioferro.eu\/de\/wp-json\/wp\/v2\/media?parent=121836"}],"wp:term":[{"taxonomy":"product_brand","embeddable":true,"href":"https:\/\/www.fabioferro.eu\/de\/wp-json\/wp\/v2\/product_brand?post=121836"},{"taxonomy":"product_cat","embeddable":true,"href":"https:\/\/www.fabioferro.eu\/de\/wp-json\/wp\/v2\/product_cat?post=121836"},{"taxonomy":"product_tag","embeddable":true,"href":"https:\/\/www.fabioferro.eu\/de\/wp-json\/wp\/v2\/product_tag?post=121836"}],"curies":[{"name":"wp","href":"https:\/\/api.w.org\/{rel}","templated":true}]}}