{"id":121870,"date":"2022-06-01T18:37:01","date_gmt":"2022-06-01T16:37:01","guid":{"rendered":"https:\/\/www.fabioferro.eu\/giovanni-raspini-base-brise-armband.html"},"modified":"2025-07-08T05:46:28","modified_gmt":"2025-07-08T03:46:28","slug":"giovanni-raspini-base-brise-armband","status":"publish","type":"product","link":"https:\/\/www.fabioferro.eu\/de\/giovanni-raspini-base-brise-armband.html","title":{"rendered":"Giovanni Raspini Base Bris\u00e8 Armband"},"content":{"rendered":"<p>Basisarmband Giovanni Raspini Roulette Kollektion in 925\/1000 Silber mit Bris\u00e8. Durchmesser 4 mm, L\u00e4nge 20 cm. Verschluss mit praktischem Karabinerhaken mit Giovanni Raspini-Logo. Ein Bris\u00e8 wird als Endst\u00fcck platziert. Offizielle Giovanni Raspini-Box und Garantie.<\/p>\n","protected":false},"excerpt":{"rendered":"<p>Das Armband, mit dem du deine eigene Geschichte kreieren kannst, die unter allen anderen einzigartig sein wird.<\/p>\n","protected":false},"featured_media":121871,"comment_status":"open","ping_status":"closed","template":"","meta":[],"product_brand":[155],"product_cat":[7569,7575],"product_tag":[7442],"class_list":{"0":"post-121870","1":"product","2":"type-product","3":"status-publish","4":"has-post-thumbnail","6":"product_brand-raspini","7":"product_cat-armbander-giovanni-raspini","8":"product_cat-do-it-yourself-schmuck-giovanni-raspini","9":"product_tag-verfugbar","11":"first","12":"instock","13":"sale","14":"taxable","15":"shipping-taxable","16":"purchasable","17":"product-type-simple"},"exclude_global_add_ons":[],"addons":[],"df_price":72,"df_sale_price":72,"df_regular_price":80,"df_image_link":"https:\/\/cdn02.fabioferro.eu\/wp-content\/uploads\/virtuemart\/product\/bracciale-base-raspini-9207.jpg","_links":{"self":[{"href":"https:\/\/www.fabioferro.eu\/de\/wp-json\/wp\/v2\/product\/121870","targetHints":{"allow":["GET"]}}],"collection":[{"href":"https:\/\/www.fabioferro.eu\/de\/wp-json\/wp\/v2\/product"}],"about":[{"href":"https:\/\/www.fabioferro.eu\/de\/wp-json\/wp\/v2\/types\/product"}],"replies":[{"embeddable":true,"href":"https:\/\/www.fabioferro.eu\/de\/wp-json\/wp\/v2\/comments?post=121870"}],"version-history":[{"count":0,"href":"https:\/\/www.fabioferro.eu\/de\/wp-json\/wp\/v2\/product\/121870\/revisions"}],"wp:featuredmedia":[{"embeddable":true,"href":"https:\/\/www.fabioferro.eu\/de\/wp-json\/wp\/v2\/media\/121871"}],"wp:attachment":[{"href":"https:\/\/www.fabioferro.eu\/de\/wp-json\/wp\/v2\/media?parent=121870"}],"wp:term":[{"taxonomy":"product_brand","embeddable":true,"href":"https:\/\/www.fabioferro.eu\/de\/wp-json\/wp\/v2\/product_brand?post=121870"},{"taxonomy":"product_cat","embeddable":true,"href":"https:\/\/www.fabioferro.eu\/de\/wp-json\/wp\/v2\/product_cat?post=121870"},{"taxonomy":"product_tag","embeddable":true,"href":"https:\/\/www.fabioferro.eu\/de\/wp-json\/wp\/v2\/product_tag?post=121870"}],"curies":[{"name":"wp","href":"https:\/\/api.w.org\/{rel}","templated":true}]}}