{"id":121874,"date":"2022-06-01T18:36:42","date_gmt":"2022-06-01T16:36:42","guid":{"rendered":"https:\/\/www.fabioferro.eu\/damen-ohrringe-giovanni-raspini-collezione-bolle-in-sterling-silber-925.html"},"modified":"2024-09-18T15:53:17","modified_gmt":"2024-09-18T13:53:17","slug":"damen-ohrringe-giovanni-raspini-collezione-bolle-in-sterling-silber-925","status":"publish","type":"product","link":"https:\/\/www.fabioferro.eu\/de\/damen-ohrringe-giovanni-raspini-collezione-bolle-in-sterling-silber-925.html","title":{"rendered":"Damen Ohrringe Giovanni Raspini Collezione Bolle In Sterling Silber 925"},"content":{"rendered":"<p>Tropfenohrringe Giovanni Raspini Bolle Kollektion aus 925\/1000 Silber Typ Ohrring f\u00fcr durchstochene Ohren Eine weiche Kaskade aus kreisf\u00f6rmigen Ketten, der maximale Durchmesser betr\u00e4gt 20 mm. Diamantbearbeitung, die dem Silber einen au\u00dfergew\u00f6hnlichen Glanz verleiht. Gesamtl\u00e4nge des Ohrrings 7,50 cm Schmetterlingsverschluss Offizielle Giovanni Raspini Box und Garantie Ausstellung einer Quittung und\/oder Rechnung<\/p>\n","protected":false},"excerpt":{"rendered":"<p>Damen Ohrringe Giovanni Raspini Bolle Kollektion in 925 Silber<\/p>\n","protected":false},"featured_media":121878,"comment_status":"open","ping_status":"closed","template":"","meta":[],"product_brand":[155],"product_cat":[7570],"product_tag":[],"class_list":{"0":"post-121874","1":"product","2":"type-product","3":"status-publish","4":"has-post-thumbnail","6":"product_brand-raspini","7":"product_cat-giovanni-raspini-ohrringe","9":"first","10":"instock","11":"sale","12":"taxable","13":"shipping-taxable","14":"purchasable","15":"product-type-simple"},"exclude_global_add_ons":[],"addons":[],"df_price":229.5,"df_sale_price":229.5,"df_regular_price":255,"df_image_link":"https:\/\/cdn02.fabioferro.eu\/wp-content\/uploads\/virtuemart\/product\/9308-bollebis.jpg","_links":{"self":[{"href":"https:\/\/www.fabioferro.eu\/de\/wp-json\/wp\/v2\/product\/121874","targetHints":{"allow":["GET"]}}],"collection":[{"href":"https:\/\/www.fabioferro.eu\/de\/wp-json\/wp\/v2\/product"}],"about":[{"href":"https:\/\/www.fabioferro.eu\/de\/wp-json\/wp\/v2\/types\/product"}],"replies":[{"embeddable":true,"href":"https:\/\/www.fabioferro.eu\/de\/wp-json\/wp\/v2\/comments?post=121874"}],"version-history":[{"count":0,"href":"https:\/\/www.fabioferro.eu\/de\/wp-json\/wp\/v2\/product\/121874\/revisions"}],"wp:featuredmedia":[{"embeddable":true,"href":"https:\/\/www.fabioferro.eu\/de\/wp-json\/wp\/v2\/media\/121878"}],"wp:attachment":[{"href":"https:\/\/www.fabioferro.eu\/de\/wp-json\/wp\/v2\/media?parent=121874"}],"wp:term":[{"taxonomy":"product_brand","embeddable":true,"href":"https:\/\/www.fabioferro.eu\/de\/wp-json\/wp\/v2\/product_brand?post=121874"},{"taxonomy":"product_cat","embeddable":true,"href":"https:\/\/www.fabioferro.eu\/de\/wp-json\/wp\/v2\/product_cat?post=121874"},{"taxonomy":"product_tag","embeddable":true,"href":"https:\/\/www.fabioferro.eu\/de\/wp-json\/wp\/v2\/product_tag?post=121874"}],"curies":[{"name":"wp","href":"https:\/\/api.w.org\/{rel}","templated":true}]}}