{"id":121875,"date":"2022-06-01T18:35:45","date_gmt":"2022-06-01T16:35:45","guid":{"rendered":"https:\/\/www.fabioferro.eu\/fabio-ferro-halskette-aus-weissen-suesswasser-zuchtperlen-7-8-mm.html"},"modified":"2025-07-12T12:23:17","modified_gmt":"2025-07-12T10:23:17","slug":"fabio-ferro-halskette-aus-weissen-suesswasser-zuchtperlen-7-8-mm","status":"publish","type":"product","link":"https:\/\/www.fabioferro.eu\/de\/fabio-ferro-halskette-aus-weissen-suesswasser-zuchtperlen-7-8-mm.html","title":{"rendered":"Fabio Ferro Halskette aus wei\u00dfen S\u00fc\u00dfwasser-Zuchtperlen 7-8 mm"},"content":{"rendered":"<p>Fabio Ferro Halskette aus S\u00fc\u00dfwasser-Zuchtperlen mit 7-8 mm Durchmesser und Verschluss aus Ros\u00e9gold und Diamanten.<\/p>\n<p>Dieser besondere Perlenstrang besteht aus 53 wei\u00dfen S\u00fc\u00dfwasser-Zuchtperlen mit einem Durchmesser von 7\u00bd-8 mm.<\/p>\n<p>Diese Methode ist vorzuziehen, da jede einzelne Perle fester und sicherer ist, sie reiben nicht aneinander und verschlei\u00dfen nicht durch den st\u00e4ndigen Kontakt, nicht zuletzt, wenn der Strang der Kette rei\u00dfen sollte, so dass nicht alle Perlen aufgerollt werden m\u00fcssen, was die Gefahr birgt, sie zu verlieren oder zu zerst\u00f6ren.<\/p>\n<p>Der Logo-Verschluss aus 18 Karat Ros\u00e9gold in Form einer Blume ist mit einem Diamanten im Brillantschliff von 0,03 Karat auf dem zentralen Stempel besetzt. Er ist handgefertigt und erm\u00f6glicht es, das Collier in der gew\u00fcnschten L\u00e4nge zu tragen, da es mit einem Verschluss ausgestattet ist, der die L\u00e4nge nach Belieben moduliert.<\/p>\n<p>Die Gesamtl\u00e4nge der Kette betr\u00e4gt 45 cm einschlie\u00dflich des Verschlusses.<\/p>\n<p>Die Farbe der Perlen kann leicht von der Abbildung abweichen, da es sich um nat\u00fcrliche Perlen handelt und eine Perle von der anderen verschieden ist.<\/p>\n<p>Die Halskette wird mit einer eleganten Geschenkbox und dem Garantie- und Qualit\u00e4tszertifikat &#8220;Fabio Ferro I Gioielli&#8221; geliefert.<\/p>\n<p>&nbsp;<\/p>\n<p><img decoding=\"async\" class=\"alignnone size-full wp-image-68675\" src=\"https:\/\/cdn02.fabioferro.eu\/wp-content\/uploads\/IGI-4cs-chart-IT-scaled.jpg\" alt=\"\" width=\"1864\" height=\"2560\" title=\"\" srcset=\"https:\/\/cdn02.fabioferro.eu\/wp-content\/uploads\/IGI-4cs-chart-IT-scaled.jpg 1864w, https:\/\/cdn02.fabioferro.eu\/wp-content\/uploads\/IGI-4cs-chart-IT-768x1055.jpg 768w, https:\/\/cdn02.fabioferro.eu\/wp-content\/uploads\/IGI-4cs-chart-IT-1119x1536.jpg 1119w, https:\/\/cdn02.fabioferro.eu\/wp-content\/uploads\/IGI-4cs-chart-IT-1491x2048.jpg 1491w, https:\/\/cdn02.fabioferro.eu\/wp-content\/uploads\/IGI-4cs-chart-IT-990x1359.jpg 990w, https:\/\/cdn02.fabioferro.eu\/wp-content\/uploads\/IGI-4cs-chart-IT-441x606.jpg 441w, https:\/\/cdn02.fabioferro.eu\/wp-content\/uploads\/IGI-4cs-chart-IT-600x824.jpg 600w, https:\/\/cdn02.fabioferro.eu\/wp-content\/uploads\/IGI-4cs-chart-IT-150x206.jpg 150w\" sizes=\"(max-width: 1864px) 100vw, 1864px\" \/><\/p>\n","protected":false},"excerpt":{"rendered":"<p>Halskette aus wei\u00dfen S\u00fc\u00dfwasser-Zuchtperlen Durchmesser 7\u00bd-8 mm mit Ros\u00e9goldverschluss und Diamanten<\/p>\n","protected":false},"featured_media":121888,"comment_status":"open","ping_status":"closed","template":"","meta":[],"product_brand":[152],"product_cat":[6301],"product_tag":[],"class_list":{"0":"post-121875","1":"product","2":"type-product","3":"status-publish","4":"has-post-thumbnail","6":"product_brand-fabio-ferro-i-gioielli","7":"product_cat-perlenketten","9":"first","10":"outofstock","11":"sale","12":"taxable","13":"shipping-taxable","14":"purchasable","15":"product-type-simple"},"exclude_global_add_ons":[],"addons":[],"df_price":799.2,"df_sale_price":799.2,"df_regular_price":999,"df_image_link":"https:\/\/cdn02.fabioferro.eu\/wp-content\/uploads\/collana-di-perle-fabio-ferro-acqua-dolce-chiusura-oro-diamante-pcfk16910-5.jpg","_links":{"self":[{"href":"https:\/\/www.fabioferro.eu\/de\/wp-json\/wp\/v2\/product\/121875","targetHints":{"allow":["GET"]}}],"collection":[{"href":"https:\/\/www.fabioferro.eu\/de\/wp-json\/wp\/v2\/product"}],"about":[{"href":"https:\/\/www.fabioferro.eu\/de\/wp-json\/wp\/v2\/types\/product"}],"replies":[{"embeddable":true,"href":"https:\/\/www.fabioferro.eu\/de\/wp-json\/wp\/v2\/comments?post=121875"}],"version-history":[{"count":0,"href":"https:\/\/www.fabioferro.eu\/de\/wp-json\/wp\/v2\/product\/121875\/revisions"}],"wp:featuredmedia":[{"embeddable":true,"href":"https:\/\/www.fabioferro.eu\/de\/wp-json\/wp\/v2\/media\/121888"}],"wp:attachment":[{"href":"https:\/\/www.fabioferro.eu\/de\/wp-json\/wp\/v2\/media?parent=121875"}],"wp:term":[{"taxonomy":"product_brand","embeddable":true,"href":"https:\/\/www.fabioferro.eu\/de\/wp-json\/wp\/v2\/product_brand?post=121875"},{"taxonomy":"product_cat","embeddable":true,"href":"https:\/\/www.fabioferro.eu\/de\/wp-json\/wp\/v2\/product_cat?post=121875"},{"taxonomy":"product_tag","embeddable":true,"href":"https:\/\/www.fabioferro.eu\/de\/wp-json\/wp\/v2\/product_tag?post=121875"}],"curies":[{"name":"wp","href":"https:\/\/api.w.org\/{rel}","templated":true}]}}