{"id":121901,"date":"2022-06-01T18:36:42","date_gmt":"2022-06-01T16:36:42","guid":{"rendered":"https:\/\/www.fabioferro.eu\/damenhalsband-giovanni-raspini-bolle-kollektion-in-925-silber.html"},"modified":"2025-06-06T15:59:46","modified_gmt":"2025-06-06T13:59:46","slug":"damenhalsband-giovanni-raspini-bolle-kollektion-in-925-silber","status":"publish","type":"product","link":"https:\/\/www.fabioferro.eu\/de\/damenhalsband-giovanni-raspini-bolle-kollektion-in-925-silber.html","title":{"rendered":"Damenhalsband Giovanni Raspini Bolle Kollektion in 925 Silber"},"content":{"rendered":"<p>Damenhalskette Giovanni Raspini Collezione Bolle In Sterling Silber 925\/1000 Modell chanelle 90.00 cm lang Hergestellt aus weicher kreisf\u00f6rmiger Kette mit verschiedenen Durchmessern. Diamantbearbeitung, die dem Silber einen au\u00dfergew\u00f6hnlichen Glanz verleiht. Die Halskette endet mit einem niedlichen Gl\u00fccksbringer in Form einer Chilischote, einem unverwechselbaren Detail bei Giovanni Raspini Schmuck. Verschluss mit praktischem Karabinerhaken Etui und offizielle Giovanni Raspini-Garantie Ausstellung einer Quittung und\/oder Rechnung<\/p>\n","protected":false},"excerpt":{"rendered":"<p>Damenhalskette Giovanni Raspini Bolle Kollektion in 925 Silber<\/p>\n","protected":false},"featured_media":121905,"comment_status":"open","ping_status":"closed","template":"","meta":[],"product_brand":[155],"product_cat":[7568],"product_tag":[],"class_list":{"0":"post-121901","1":"product","2":"type-product","3":"status-publish","4":"has-post-thumbnail","6":"product_brand-raspini","7":"product_cat-giovanni-raspini-halsketten","9":"first","10":"instock","11":"sale","12":"taxable","13":"shipping-taxable","14":"purchasable","15":"product-type-simple"},"exclude_global_add_ons":[],"addons":[],"df_price":328.5,"df_sale_price":328.5,"df_regular_price":365,"df_image_link":"https:\/\/cdn02.fabioferro.eu\/wp-content\/uploads\/virtuemart\/product\/9306-bolle.jpg","_links":{"self":[{"href":"https:\/\/www.fabioferro.eu\/de\/wp-json\/wp\/v2\/product\/121901","targetHints":{"allow":["GET"]}}],"collection":[{"href":"https:\/\/www.fabioferro.eu\/de\/wp-json\/wp\/v2\/product"}],"about":[{"href":"https:\/\/www.fabioferro.eu\/de\/wp-json\/wp\/v2\/types\/product"}],"replies":[{"embeddable":true,"href":"https:\/\/www.fabioferro.eu\/de\/wp-json\/wp\/v2\/comments?post=121901"}],"version-history":[{"count":0,"href":"https:\/\/www.fabioferro.eu\/de\/wp-json\/wp\/v2\/product\/121901\/revisions"}],"wp:featuredmedia":[{"embeddable":true,"href":"https:\/\/www.fabioferro.eu\/de\/wp-json\/wp\/v2\/media\/121905"}],"wp:attachment":[{"href":"https:\/\/www.fabioferro.eu\/de\/wp-json\/wp\/v2\/media?parent=121901"}],"wp:term":[{"taxonomy":"product_brand","embeddable":true,"href":"https:\/\/www.fabioferro.eu\/de\/wp-json\/wp\/v2\/product_brand?post=121901"},{"taxonomy":"product_cat","embeddable":true,"href":"https:\/\/www.fabioferro.eu\/de\/wp-json\/wp\/v2\/product_cat?post=121901"},{"taxonomy":"product_tag","embeddable":true,"href":"https:\/\/www.fabioferro.eu\/de\/wp-json\/wp\/v2\/product_tag?post=121901"}],"curies":[{"name":"wp","href":"https:\/\/api.w.org\/{rel}","templated":true}]}}