{"id":121912,"date":"2022-06-01T18:36:41","date_gmt":"2022-06-01T16:36:41","guid":{"rendered":"https:\/\/www.fabioferro.eu\/giovanni-raspini-giovanni-raspini-kollektion-bubbles-armband-aus-925-silber.html"},"modified":"2025-02-03T09:32:09","modified_gmt":"2025-02-03T08:32:09","slug":"giovanni-raspini-giovanni-raspini-kollektion-bubbles-armband-aus-925-silber","status":"publish","type":"product","link":"https:\/\/www.fabioferro.eu\/de\/giovanni-raspini-giovanni-raspini-kollektion-bubbles-armband-aus-925-silber.html","title":{"rendered":"Giovanni Raspini Bubbles Armband"},"content":{"rendered":"<p>Damenarmband Giovanni Raspini Collezione Bolle Aus 925\/1000 Silber Hergestellt aus weicher, kreisf\u00f6rmiger Kette in verschiedenen Durchmessern. Diamantbearbeitung, die dem Silber einen au\u00dfergew\u00f6hnlichen Glanz verleiht. Gesamtl\u00e4nge cm. 20.00 mit Karabinerverschlu\u00df. Das Armband endet mit einem niedlichen Anh\u00e4nger in Form einer Chilischote, ein unverwechselbares Detail bei Giovanni Raspini-Schmuck. Offizielle Giovanni Raspini Box und Garantie  &nbsp;<\/p>\n<p>&nbsp;<\/p>\n","protected":false},"excerpt":{"rendered":"<p>Giovanni Raspini Giovanni Raspini Kollektion Bubbles Armband aus 925 Silber<\/p>\n","protected":false},"featured_media":121923,"comment_status":"open","ping_status":"closed","template":"","meta":[],"product_brand":[155],"product_cat":[7569],"product_tag":[],"class_list":{"0":"post-121912","1":"product","2":"type-product","3":"status-publish","4":"has-post-thumbnail","6":"product_brand-raspini","7":"product_cat-armbander-giovanni-raspini","9":"first","10":"instock","11":"sale","12":"taxable","13":"shipping-taxable","14":"purchasable","15":"product-type-simple"},"exclude_global_add_ons":[],"addons":[],"df_price":171,"df_sale_price":171,"df_regular_price":190,"df_image_link":"https:\/\/cdn02.fabioferro.eu\/wp-content\/uploads\/virtuemart\/product\/9307bolle.jpg","_links":{"self":[{"href":"https:\/\/www.fabioferro.eu\/de\/wp-json\/wp\/v2\/product\/121912","targetHints":{"allow":["GET"]}}],"collection":[{"href":"https:\/\/www.fabioferro.eu\/de\/wp-json\/wp\/v2\/product"}],"about":[{"href":"https:\/\/www.fabioferro.eu\/de\/wp-json\/wp\/v2\/types\/product"}],"replies":[{"embeddable":true,"href":"https:\/\/www.fabioferro.eu\/de\/wp-json\/wp\/v2\/comments?post=121912"}],"version-history":[{"count":0,"href":"https:\/\/www.fabioferro.eu\/de\/wp-json\/wp\/v2\/product\/121912\/revisions"}],"wp:featuredmedia":[{"embeddable":true,"href":"https:\/\/www.fabioferro.eu\/de\/wp-json\/wp\/v2\/media\/121923"}],"wp:attachment":[{"href":"https:\/\/www.fabioferro.eu\/de\/wp-json\/wp\/v2\/media?parent=121912"}],"wp:term":[{"taxonomy":"product_brand","embeddable":true,"href":"https:\/\/www.fabioferro.eu\/de\/wp-json\/wp\/v2\/product_brand?post=121912"},{"taxonomy":"product_cat","embeddable":true,"href":"https:\/\/www.fabioferro.eu\/de\/wp-json\/wp\/v2\/product_cat?post=121912"},{"taxonomy":"product_tag","embeddable":true,"href":"https:\/\/www.fabioferro.eu\/de\/wp-json\/wp\/v2\/product_tag?post=121912"}],"curies":[{"name":"wp","href":"https:\/\/api.w.org\/{rel}","templated":true}]}}