{"id":121926,"date":"2022-06-01T18:35:47","date_gmt":"2022-06-01T16:35:47","guid":{"rendered":"https:\/\/www.fabioferro.eu\/fabio-ferro-halskette-aus-weissen-suesswasser-zuchtperlen-11-12-mm.html"},"modified":"2025-06-06T15:59:29","modified_gmt":"2025-06-06T13:59:29","slug":"fabio-ferro-halskette-aus-weissen-suesswasser-zuchtperlen-11-12-mm","status":"publish","type":"product","link":"https:\/\/www.fabioferro.eu\/de\/fabio-ferro-halskette-aus-weissen-suesswasser-zuchtperlen-11-12-mm.html","title":{"rendered":"Fabio Ferro Halskette aus wei\u00dfen S\u00fc\u00dfwasser-Zuchtperlen 11-12 mm"},"content":{"rendered":"<p>Fabio Ferro Halskette aus nat\u00fcrlichen wei\u00dfen Zuchtperlen mit einem Durchmesser von 11-12 mm und nat\u00fcrlichem Meerwasser-Verschluss.<\/p>\n<p>Dieser Perlenstrang besteht aus 36 wei\u00dfen S\u00fc\u00dfwasser-Zuchtperlen.<\/p>\n<p>Die Perlen wurden Knoten f\u00fcr Knoten fachm\u00e4nnisch von Hand poliert, eine Methode, die aus dem einfachen Grund bevorzugt wird, dass jede einzelne Perle solider und sicherer ist.<\/p>\n<p>Die Perlen reiben nicht aneinander und nutzen sich durch den st\u00e4ndigen Kontakt nicht ab.<\/p>\n<p>Sollte die Kette auf diese Weise geknotet werden und rei\u00dfen, w\u00fcrde dies verhindern, dass alle Perlen aufgerollt werden, was die Gefahr birgt, dass sie verloren gehen oder besch\u00e4digt werden.<\/p>\n<p>Das Collier ist mit einem eleganten und unverwechselbaren kugelf\u00f6rmigen Verschluss aus poliertem nat\u00fcrlichem Aqua Marina mit einem Durchmesser von 14 mm verziert.<\/p>\n<p>Die Gesamtl\u00e4nge der Halskette betr\u00e4gt 46,00 einschlie\u00dflich des Verschlusses.<\/p>\n<p>Die Halskette wird in einer eleganten Schachtel mit dem Echtheitszertifikat von Fabio Ferro I Gioielli geliefert.<\/p>\n<p>Das Garantie- und Qualit\u00e4tszertifikat wird von einer wertvollen Geschenkbox begleitet.<\/p>\n","protected":false},"excerpt":{"rendered":"<p>Fabio Ferro Halskette aus wei\u00dfen S\u00fc\u00dfwasser-Zuchtperlen, Durchmesser 11\/12 mm, mit nat\u00fcrlichem Seewasser-Verschluss.<\/p>\n","protected":false},"featured_media":121929,"comment_status":"open","ping_status":"closed","template":"","meta":[],"product_brand":[152],"product_cat":[6301],"product_tag":[7442],"class_list":{"0":"post-121926","1":"product","2":"type-product","3":"status-publish","4":"has-post-thumbnail","6":"product_brand-fabio-ferro-i-gioielli","7":"product_cat-perlenketten","8":"product_tag-verfugbar","10":"first","11":"outofstock","12":"sale","13":"taxable","14":"shipping-taxable","15":"purchasable","16":"product-type-simple"},"exclude_global_add_ons":[],"addons":[],"df_price":760,"df_sale_price":760,"df_regular_price":950,"df_image_link":"https:\/\/cdn02.fabioferro.eu\/wp-content\/uploads\/collana-di-perle-fabio-ferro-acqua-dolce-acquamarina-ff1176-1.jpg","_links":{"self":[{"href":"https:\/\/www.fabioferro.eu\/de\/wp-json\/wp\/v2\/product\/121926","targetHints":{"allow":["GET"]}}],"collection":[{"href":"https:\/\/www.fabioferro.eu\/de\/wp-json\/wp\/v2\/product"}],"about":[{"href":"https:\/\/www.fabioferro.eu\/de\/wp-json\/wp\/v2\/types\/product"}],"replies":[{"embeddable":true,"href":"https:\/\/www.fabioferro.eu\/de\/wp-json\/wp\/v2\/comments?post=121926"}],"version-history":[{"count":0,"href":"https:\/\/www.fabioferro.eu\/de\/wp-json\/wp\/v2\/product\/121926\/revisions"}],"wp:featuredmedia":[{"embeddable":true,"href":"https:\/\/www.fabioferro.eu\/de\/wp-json\/wp\/v2\/media\/121929"}],"wp:attachment":[{"href":"https:\/\/www.fabioferro.eu\/de\/wp-json\/wp\/v2\/media?parent=121926"}],"wp:term":[{"taxonomy":"product_brand","embeddable":true,"href":"https:\/\/www.fabioferro.eu\/de\/wp-json\/wp\/v2\/product_brand?post=121926"},{"taxonomy":"product_cat","embeddable":true,"href":"https:\/\/www.fabioferro.eu\/de\/wp-json\/wp\/v2\/product_cat?post=121926"},{"taxonomy":"product_tag","embeddable":true,"href":"https:\/\/www.fabioferro.eu\/de\/wp-json\/wp\/v2\/product_tag?post=121926"}],"curies":[{"name":"wp","href":"https:\/\/api.w.org\/{rel}","templated":true}]}}