{"id":121934,"date":"2022-06-01T18:34:09","date_gmt":"2022-06-01T16:34:09","guid":{"rendered":"https:\/\/www.fabioferro.eu\/hamilton-herren-ventura-xxl-automatik-in-stahl-und-kautschuk.html"},"modified":"2025-04-02T21:23:49","modified_gmt":"2025-04-02T19:23:49","slug":"hamilton-herren-ventura-xxl-automatik-in-stahl-und-kautschuk","status":"publish","type":"product","link":"https:\/\/www.fabioferro.eu\/de\/hamilton-herren-ventura-xxl-automatik-in-stahl-und-kautschuk.html","title":{"rendered":"Hamilton Ventura XXL Auto H24655331"},"content":{"rendered":"<p>Die bekannte Schildform des Geh\u00e4uses erh\u00e4lt durch die glatten Oberfl\u00e4chen und die extragro\u00dfen Abmessungen ein besonders modernes Aussehen. Die eckige Krone ist in das Geh\u00e4use integriert und liegt bei 3 Uhr. Ein Hauch von leuchtendem Rot durchquert das Zifferblatt von 12 bis 3 Uhr, um an der Spitze des Sekundenzeigers wieder aufzutauchen. Als Hommage an die Modernit\u00e4t f\u00fcgt sich das Geh\u00e4use in das elegante schwarze Kautschukarmband ein.<\/p>\n<p>Hamilton Ventura XXL H24655331 aus Edelstahl mit schwarzem Kautschukband<\/p>\n<p>Uhrwerk: mechanisches Automatikwerk Swiss Made Kaliber H-10 mit 80 Stunden Gangreserve.<\/p>\n<p><span style=\"font-family: georgia, palatino, serif; font-size: 12pt;\">Geh\u00e4use aus poliertem Edelstahl, Breite 50 mm (einschlie\u00dflich Krone), H\u00f6he 49 mm, Dicke 12 mm, Geh\u00e4useboden aus Saphirglas, mit drei Schrauben befestigt, wasserdicht bis 5 atm, sichtbares Uhrwerk.  <\/span><\/p>\n<p><span style=\"font-family: arial, helvetica, sans-serif; font-size: 12pt;\"><span style=\"font-family: 'Times New Roman';\"><span style=\"font-family: arial, helvetica, sans-serif;\"><span style=\"font-family: georgia, palatino, serif;\">Zifferblatt aus Karbongewebe, das einen Blick auf das Uhrwerk erm\u00f6glicht<\/span> <\/span><\/span><\/span><\/p>\n<p>Glas: kratzfestes und entspiegeltes Saphirglas<\/p>\n<p>Armband: schwarzes Kautschukband, Bandanst\u00f6\u00dfe 23,50 mm<\/p>\n<p>Wasserdichtigkeit: 5 ATM mit Saphirglas-Geh\u00e4useboden<\/p>\n<p>Original Hamilton Zwei-Jahres-Box und Garantie<\/p>\n","protected":false},"excerpt":{"rendered":"<p>Hamilton Ventura XXL H24655331 mechanisches Automatikwerk.<\/p>\n","protected":false},"featured_media":121941,"comment_status":"open","ping_status":"closed","template":"","meta":[],"product_brand":[161],"product_cat":[5974],"product_tag":[],"class_list":{"0":"post-121934","1":"product","2":"type-product","3":"status-publish","4":"has-post-thumbnail","6":"product_brand-hamilton","7":"product_cat-hamilton-herrenuhren","8":"pa_collezione-hamilton-ventura-de","10":"first","11":"instock","12":"sale","13":"taxable","14":"shipping-taxable","15":"purchasable","16":"product-type-simple"},"exclude_global_add_ons":[],"addons":[],"df_price":1316,"df_sale_price":1316,"df_regular_price":1645,"df_image_link":"https:\/\/cdn02.fabioferro.eu\/wp-content\/uploads\/virtuemart\/product\/h24655331-ventura-xxl.jpg","_links":{"self":[{"href":"https:\/\/www.fabioferro.eu\/de\/wp-json\/wp\/v2\/product\/121934","targetHints":{"allow":["GET"]}}],"collection":[{"href":"https:\/\/www.fabioferro.eu\/de\/wp-json\/wp\/v2\/product"}],"about":[{"href":"https:\/\/www.fabioferro.eu\/de\/wp-json\/wp\/v2\/types\/product"}],"replies":[{"embeddable":true,"href":"https:\/\/www.fabioferro.eu\/de\/wp-json\/wp\/v2\/comments?post=121934"}],"version-history":[{"count":0,"href":"https:\/\/www.fabioferro.eu\/de\/wp-json\/wp\/v2\/product\/121934\/revisions"}],"wp:featuredmedia":[{"embeddable":true,"href":"https:\/\/www.fabioferro.eu\/de\/wp-json\/wp\/v2\/media\/121941"}],"wp:attachment":[{"href":"https:\/\/www.fabioferro.eu\/de\/wp-json\/wp\/v2\/media?parent=121934"}],"wp:term":[{"taxonomy":"product_brand","embeddable":true,"href":"https:\/\/www.fabioferro.eu\/de\/wp-json\/wp\/v2\/product_brand?post=121934"},{"taxonomy":"product_cat","embeddable":true,"href":"https:\/\/www.fabioferro.eu\/de\/wp-json\/wp\/v2\/product_cat?post=121934"},{"taxonomy":"product_tag","embeddable":true,"href":"https:\/\/www.fabioferro.eu\/de\/wp-json\/wp\/v2\/product_tag?post=121934"}],"curies":[{"name":"wp","href":"https:\/\/api.w.org\/{rel}","templated":true}]}}