{"id":121938,"date":"2022-06-01T18:31:48","date_gmt":"2022-06-01T16:31:48","guid":{"rendered":"https:\/\/www.fabioferro.eu\/fabio-ferro-weissgold-tennisarmband-mit-diamanten-127-karat.html"},"modified":"2025-03-13T10:21:35","modified_gmt":"2025-03-13T09:21:35","slug":"fabio-ferro-weissgold-tennisarmband-mit-diamanten-127-karat","status":"publish","type":"product","link":"https:\/\/www.fabioferro.eu\/de\/fabio-ferro-weissgold-tennisarmband-mit-diamanten-127-karat.html","title":{"rendered":"Fabio Ferro Wei\u00dfgold Tennisarmband mit Diamanten 1,27 Karat"},"content":{"rendered":"<p>Tennisarmband Fabio Ferro, entworfen und handgefertigt in unserer Goldschmiedewerkstatt.<\/p>\n<p>Vollst\u00e4ndig aus 750\/1000er Wei\u00dfgold gefertigt, mit einem Gesamtgewicht von 10,39 g.<\/p>\n<p>Die L\u00e4nge betr\u00e4gt 17,5 Zentimeter, die Breite der L\u00fcnette, in der sich jeder Diamant befindet, 2,30 mm.<\/p>\n<p>4 Riffelungen, besetzt mit nat\u00fcrlichen Diamanten im Brillantschliff von insgesamt 1,27 Karat, Farbe F und Reinheit SI1.<\/p>\n<p>Unsichtbarer Bajonettverschluss mit 2 zus\u00e4tzlichen Sicherungen an den Seiten, Fabio Ferro-Logo.<\/p>\n<p>Bitte verlassen Sie sich auf die Beschreibung f\u00fcr die tats\u00e4chlichen Eigenschaften des Juwels, das Foto ist nur zu Demonstrationszwecken.<\/p>\n<p>Garantie- und Qualit\u00e4tszertifikat mit der Unterschrift von Fabio Ferro, Couvette und Geschenkbox f\u00fcr jeden besonderen Anlass als Geschenk.<\/p>\n<p><img decoding=\"async\" class=\"alignnone size-full wp-image-68675\" src=\"https:\/\/cdn02.fabioferro.eu\/wp-content\/uploads\/IGI-4cs-chart-IT-scaled.jpg\" alt=\"\" width=\"1864\" height=\"2560\" title=\"\" srcset=\"https:\/\/cdn02.fabioferro.eu\/wp-content\/uploads\/IGI-4cs-chart-IT-scaled.jpg 1864w, https:\/\/cdn02.fabioferro.eu\/wp-content\/uploads\/IGI-4cs-chart-IT-768x1055.jpg 768w, https:\/\/cdn02.fabioferro.eu\/wp-content\/uploads\/IGI-4cs-chart-IT-1119x1536.jpg 1119w, https:\/\/cdn02.fabioferro.eu\/wp-content\/uploads\/IGI-4cs-chart-IT-1491x2048.jpg 1491w, https:\/\/cdn02.fabioferro.eu\/wp-content\/uploads\/IGI-4cs-chart-IT-990x1359.jpg 990w, https:\/\/cdn02.fabioferro.eu\/wp-content\/uploads\/IGI-4cs-chart-IT-441x606.jpg 441w, https:\/\/cdn02.fabioferro.eu\/wp-content\/uploads\/IGI-4cs-chart-IT-600x824.jpg 600w, https:\/\/cdn02.fabioferro.eu\/wp-content\/uploads\/IGI-4cs-chart-IT-150x206.jpg 150w\" sizes=\"(max-width: 1864px) 100vw, 1864px\" \/><\/p>\n","protected":false},"excerpt":{"rendered":"<p>Fabio Ferro Tennisarmband aus Wei\u00dfgold mit Diamanten im Brillantschliff 1,23 Karat<\/p>\n","protected":false},"featured_media":121964,"comment_status":"open","ping_status":"closed","template":"","meta":[],"product_brand":[152],"product_cat":[5933],"product_tag":[],"class_list":{"0":"post-121938","1":"product","2":"type-product","3":"status-publish","4":"has-post-thumbnail","6":"product_brand-fabio-ferro-i-gioielli","7":"product_cat-tennis-armbander","9":"first","10":"instock","11":"sale","12":"taxable","13":"shipping-taxable","14":"purchasable","15":"product-type-simple"},"exclude_global_add_ons":[],"addons":[],"df_price":4160,"df_sale_price":4160,"df_regular_price":5200,"df_image_link":"https:\/\/cdn02.fabioferro.eu\/wp-content\/uploads\/bracciale-tennis-fabio-ferro-in-oro-bianco-e-diamanti-ff4812-3.jpg","_links":{"self":[{"href":"https:\/\/www.fabioferro.eu\/de\/wp-json\/wp\/v2\/product\/121938","targetHints":{"allow":["GET"]}}],"collection":[{"href":"https:\/\/www.fabioferro.eu\/de\/wp-json\/wp\/v2\/product"}],"about":[{"href":"https:\/\/www.fabioferro.eu\/de\/wp-json\/wp\/v2\/types\/product"}],"replies":[{"embeddable":true,"href":"https:\/\/www.fabioferro.eu\/de\/wp-json\/wp\/v2\/comments?post=121938"}],"version-history":[{"count":0,"href":"https:\/\/www.fabioferro.eu\/de\/wp-json\/wp\/v2\/product\/121938\/revisions"}],"wp:featuredmedia":[{"embeddable":true,"href":"https:\/\/www.fabioferro.eu\/de\/wp-json\/wp\/v2\/media\/121964"}],"wp:attachment":[{"href":"https:\/\/www.fabioferro.eu\/de\/wp-json\/wp\/v2\/media?parent=121938"}],"wp:term":[{"taxonomy":"product_brand","embeddable":true,"href":"https:\/\/www.fabioferro.eu\/de\/wp-json\/wp\/v2\/product_brand?post=121938"},{"taxonomy":"product_cat","embeddable":true,"href":"https:\/\/www.fabioferro.eu\/de\/wp-json\/wp\/v2\/product_cat?post=121938"},{"taxonomy":"product_tag","embeddable":true,"href":"https:\/\/www.fabioferro.eu\/de\/wp-json\/wp\/v2\/product_tag?post=121938"}],"curies":[{"name":"wp","href":"https:\/\/api.w.org\/{rel}","templated":true}]}}