{"id":122000,"date":"2022-06-01T18:31:43","date_gmt":"2022-06-01T16:31:43","guid":{"rendered":"https:\/\/www.fabioferro.eu\/giovanni-raspini-chanel-langes-ovales-mesh-halsband.html"},"modified":"2025-02-05T00:00:04","modified_gmt":"2025-02-04T23:00:04","slug":"giovanni-raspini-chanel-langes-ovales-mesh-halsband","status":"publish","type":"product","link":"https:\/\/www.fabioferro.eu\/de\/giovanni-raspini-chanel-langes-ovales-mesh-halsband.html","title":{"rendered":"Giovanni Raspini Chanel Langes ovales Mesh-Halsband"},"content":{"rendered":"<p>Giovanni Raspini 925\/1000 Silber Chanel lange Halskette aus geh\u00e4mmertem ovalem Maschenwerk Es gibt 74 Ovale von ungef\u00e4hr 1,5 x 0,8 cm Gesamtl\u00e4nge 104 cm Karabinerverschluss Original Giovanni Raspini Box und Garantie<\/p>\n","protected":false},"excerpt":{"rendered":"<p>Giovanni Raspini oval geh\u00e4mmertes Silber Halskette cm 104<\/p>\n","protected":false},"featured_media":122009,"comment_status":"open","ping_status":"closed","template":"","meta":[],"product_brand":[155],"product_cat":[7568],"product_tag":[],"class_list":{"0":"post-122000","1":"product","2":"type-product","3":"status-publish","4":"has-post-thumbnail","6":"product_brand-raspini","7":"product_cat-giovanni-raspini-halsketten","9":"first","10":"instock","11":"sale","12":"taxable","13":"shipping-taxable","14":"purchasable","15":"product-type-variable"},"exclude_global_add_ons":[],"addons":[],"df_price":126,"df_sale_price":"","df_regular_price":126,"df_image_link":"https:\/\/cdn02.fabioferro.eu\/wp-content\/uploads\/virtuemart\/product\/collana_giovanni_raspini_maglia_piatta__1586271778_735.jpg","_links":{"self":[{"href":"https:\/\/www.fabioferro.eu\/de\/wp-json\/wp\/v2\/product\/122000","targetHints":{"allow":["GET"]}}],"collection":[{"href":"https:\/\/www.fabioferro.eu\/de\/wp-json\/wp\/v2\/product"}],"about":[{"href":"https:\/\/www.fabioferro.eu\/de\/wp-json\/wp\/v2\/types\/product"}],"replies":[{"embeddable":true,"href":"https:\/\/www.fabioferro.eu\/de\/wp-json\/wp\/v2\/comments?post=122000"}],"version-history":[{"count":0,"href":"https:\/\/www.fabioferro.eu\/de\/wp-json\/wp\/v2\/product\/122000\/revisions"}],"wp:featuredmedia":[{"embeddable":true,"href":"https:\/\/www.fabioferro.eu\/de\/wp-json\/wp\/v2\/media\/122009"}],"wp:attachment":[{"href":"https:\/\/www.fabioferro.eu\/de\/wp-json\/wp\/v2\/media?parent=122000"}],"wp:term":[{"taxonomy":"product_brand","embeddable":true,"href":"https:\/\/www.fabioferro.eu\/de\/wp-json\/wp\/v2\/product_brand?post=122000"},{"taxonomy":"product_cat","embeddable":true,"href":"https:\/\/www.fabioferro.eu\/de\/wp-json\/wp\/v2\/product_cat?post=122000"},{"taxonomy":"product_tag","embeddable":true,"href":"https:\/\/www.fabioferro.eu\/de\/wp-json\/wp\/v2\/product_tag?post=122000"}],"curies":[{"name":"wp","href":"https:\/\/api.w.org\/{rel}","templated":true}]}}