{"id":122013,"date":"2022-06-01T18:34:33","date_gmt":"2022-06-01T16:34:33","guid":{"rendered":"https:\/\/www.fabioferro.eu\/fabio-ferro-weissgoldring-mit-meerwasser-und-014-karat-diamanten-2.html"},"modified":"2025-06-06T16:22:46","modified_gmt":"2025-06-06T14:22:46","slug":"fabio-ferro-weissgoldring-mit-meerwasser-und-014-karat-diamanten-2","status":"publish","type":"product","link":"https:\/\/www.fabioferro.eu\/de\/fabio-ferro-weissgoldring-mit-meerwasser-und-014-karat-diamanten-2.html","title":{"rendered":"Fabio Ferro Wei\u00dfgoldring mit Meerwasser und 0,14 Karat Diamanten"},"content":{"rendered":"<p>Damenring von Fabio Ferro I Gioielli, entworfen und handgefertigt in unserem Atelier aus 750\/1000 Wei\u00dfgold mit einem Gewicht von 4,20 Gramm mit nat\u00fcrlichen Aquamarinen und Diamanten.<\/p>\n<p>Korbf\u00f6rmige L\u00fcnette besetzt mit nat\u00fcrlichem Aqua Marina im Smaragdschliff mit insgesamt 2,14 Karat, an den Seiten zwei Diamanten im Brillantschliff mit insgesamt 0,14 Karat Farbe F VS. Acqua Marina Gr\u00f6\u00dfe mm. 9,00 x 7,00 Dicke einschlie\u00dflich L\u00fcnette mm. 6,00. Begleitet von einer Echtheitsgarantie, kostbarem Couvert mit kostenloser Geschenkbox.<\/p>\n<p>&nbsp;<\/p>\n","protected":false},"excerpt":{"rendered":"<p>Fabio Ferro I Gioielli Ring aus Wei\u00dfgold, nat\u00fcrlichem Aquamarin und Diamanten im Brillantschliff<\/p>\n","protected":false},"featured_media":199995,"comment_status":"open","ping_status":"closed","template":"","meta":[],"product_brand":[152],"product_cat":[5934],"product_tag":[],"class_list":{"0":"post-122013","1":"product","2":"type-product","3":"status-publish","4":"has-post-thumbnail","6":"product_brand-fabio-ferro-i-gioielli","7":"product_cat-ringe","9":"first","10":"instock","11":"sale","12":"taxable","13":"shipping-taxable","14":"purchasable","15":"product-type-variable","16":"has-default-attributes"},"exclude_global_add_ons":[],"addons":[],"df_price":1267.5,"df_sale_price":"","df_regular_price":1267.5,"df_image_link":"https:\/\/cdn02.fabioferro.eu\/wp-content\/uploads\/anello-fabio-ferro-acquamarina-in-oro-bianco-con-diamanti-ff1225-1.jpg","_links":{"self":[{"href":"https:\/\/www.fabioferro.eu\/de\/wp-json\/wp\/v2\/product\/122013","targetHints":{"allow":["GET"]}}],"collection":[{"href":"https:\/\/www.fabioferro.eu\/de\/wp-json\/wp\/v2\/product"}],"about":[{"href":"https:\/\/www.fabioferro.eu\/de\/wp-json\/wp\/v2\/types\/product"}],"replies":[{"embeddable":true,"href":"https:\/\/www.fabioferro.eu\/de\/wp-json\/wp\/v2\/comments?post=122013"}],"version-history":[{"count":0,"href":"https:\/\/www.fabioferro.eu\/de\/wp-json\/wp\/v2\/product\/122013\/revisions"}],"wp:featuredmedia":[{"embeddable":true,"href":"https:\/\/www.fabioferro.eu\/de\/wp-json\/wp\/v2\/media\/199995"}],"wp:attachment":[{"href":"https:\/\/www.fabioferro.eu\/de\/wp-json\/wp\/v2\/media?parent=122013"}],"wp:term":[{"taxonomy":"product_brand","embeddable":true,"href":"https:\/\/www.fabioferro.eu\/de\/wp-json\/wp\/v2\/product_brand?post=122013"},{"taxonomy":"product_cat","embeddable":true,"href":"https:\/\/www.fabioferro.eu\/de\/wp-json\/wp\/v2\/product_cat?post=122013"},{"taxonomy":"product_tag","embeddable":true,"href":"https:\/\/www.fabioferro.eu\/de\/wp-json\/wp\/v2\/product_tag?post=122013"}],"curies":[{"name":"wp","href":"https:\/\/api.w.org\/{rel}","templated":true}]}}