{"id":122015,"date":"2022-06-01T18:31:08","date_gmt":"2022-06-01T16:31:08","guid":{"rendered":"https:\/\/www.fabioferro.eu\/ti-sento-milano-silberring-mit-solitaer-2.html"},"modified":"2024-10-08T08:59:19","modified_gmt":"2024-10-08T06:59:19","slug":"ti-sento-milano-silberring-mit-solitaer-2","status":"publish","type":"product","link":"https:\/\/www.fabioferro.eu\/de\/ti-sento-milano-silberring-mit-solitaer-2.html","title":{"rendered":"Ti Sento Milano Silberring mit Solit\u00e4r"},"content":{"rendered":"<p>Damenring Ti Sento Milano aus 925\/1000 rhodiniertem und hypoallergenem Silber mit Solit\u00e4r aus Zirkoniumoxid<strong><br \/>\n<\/strong>  Montiert mit 4 Riffs, besetzt mit einem Zirkon im Brillantschliff, Durchmesser 8,0 mm, Dicke 6,0 mm. Schaftbreite mm. 3.00 Dicke mm. 2.00. Gr\u00f6\u00dfe sofort verf\u00fcgbar Nr. 12 Neuware mit eleganter Verpackung und entsprechender Ti Sento Milano Garantie.<\/p>\n","protected":false},"excerpt":{"rendered":"<p>Ti Sento Milano Silber Damenring mit Zirkon Solit\u00e4r<\/p>\n","protected":false},"featured_media":122030,"comment_status":"open","ping_status":"closed","template":"","meta":[],"product_brand":[158],"product_cat":[6343],"product_tag":[7551,7442],"class_list":{"0":"post-122015","1":"product","2":"type-product","3":"status-publish","4":"has-post-thumbnail","6":"product_brand-ti-sento-milano","7":"product_cat-ti-sento-milano-ringe","8":"product_tag-ausschlusse","9":"product_tag-verfugbar","11":"first","12":"instock","13":"taxable","14":"shipping-taxable","15":"purchasable","16":"product-type-simple"},"exclude_global_add_ons":[],"addons":[],"df_price":55,"df_sale_price":"","df_regular_price":55,"df_image_link":"https:\/\/cdn02.fabioferro.eu\/wp-content\/uploads\/virtuemart\/product\/1464zi.jpg","_links":{"self":[{"href":"https:\/\/www.fabioferro.eu\/de\/wp-json\/wp\/v2\/product\/122015","targetHints":{"allow":["GET"]}}],"collection":[{"href":"https:\/\/www.fabioferro.eu\/de\/wp-json\/wp\/v2\/product"}],"about":[{"href":"https:\/\/www.fabioferro.eu\/de\/wp-json\/wp\/v2\/types\/product"}],"replies":[{"embeddable":true,"href":"https:\/\/www.fabioferro.eu\/de\/wp-json\/wp\/v2\/comments?post=122015"}],"version-history":[{"count":0,"href":"https:\/\/www.fabioferro.eu\/de\/wp-json\/wp\/v2\/product\/122015\/revisions"}],"wp:featuredmedia":[{"embeddable":true,"href":"https:\/\/www.fabioferro.eu\/de\/wp-json\/wp\/v2\/media\/122030"}],"wp:attachment":[{"href":"https:\/\/www.fabioferro.eu\/de\/wp-json\/wp\/v2\/media?parent=122015"}],"wp:term":[{"taxonomy":"product_brand","embeddable":true,"href":"https:\/\/www.fabioferro.eu\/de\/wp-json\/wp\/v2\/product_brand?post=122015"},{"taxonomy":"product_cat","embeddable":true,"href":"https:\/\/www.fabioferro.eu\/de\/wp-json\/wp\/v2\/product_cat?post=122015"},{"taxonomy":"product_tag","embeddable":true,"href":"https:\/\/www.fabioferro.eu\/de\/wp-json\/wp\/v2\/product_tag?post=122015"}],"curies":[{"name":"wp","href":"https:\/\/api.w.org\/{rel}","templated":true}]}}