{"id":122055,"date":"2022-06-01T18:25:44","date_gmt":"2022-06-01T16:25:44","guid":{"rendered":"https:\/\/www.fabioferro.eu\/ti-sento-milano-solitaer-zirkon-ring-gross.html"},"modified":"2024-11-09T11:48:32","modified_gmt":"2024-11-09T10:48:32","slug":"ti-sento-milano-solitaer-zirkon-ring-gross","status":"publish","type":"product","link":"https:\/\/www.fabioferro.eu\/de\/ti-sento-milano-solitaer-zirkon-ring-gross.html","title":{"rendered":"Ti Sento Milano Solit\u00e4r Zirkon Ring Gro\u00df"},"content":{"rendered":"<p>Ti Sento Milano Ring aus rhodiniertem 925\/1000 Silber und hypoallergen. Ring mit zentralem Solit\u00e4r aus farblosem Zirkoniumdioxid. Zirkonia Durchmesser mm. 6 Schaftbreite mm. 3 Verf\u00fcgbare Gr\u00f6\u00dfen 14-16 Neuer Artikel wird mit eleganter Satinverpackung und entsprechender Garantie geliefert.<\/p>\n","protected":false},"excerpt":{"rendered":"<p>Damen Silber Ring mit farblosem Zirkonia Solit\u00e4r Ti Sento Milano<\/p>\n","protected":false},"featured_media":122080,"comment_status":"open","ping_status":"closed","template":"","meta":[],"product_brand":[158],"product_cat":[6343],"product_tag":[7551],"class_list":{"0":"post-122055","1":"product","2":"type-product","3":"status-publish","4":"has-post-thumbnail","6":"product_brand-ti-sento-milano","7":"product_cat-ti-sento-milano-ringe","8":"product_tag-ausschlusse","10":"first","11":"outofstock","12":"taxable","13":"shipping-taxable","14":"purchasable","15":"product-type-simple"},"exclude_global_add_ons":[],"addons":[],"df_price":49,"df_sale_price":"","df_regular_price":49,"df_image_link":"https:\/\/cdn02.fabioferro.eu\/wp-content\/uploads\/virtuemart\/product\/anello-ti-sento-milano-solitario-1463zi.jpg","_links":{"self":[{"href":"https:\/\/www.fabioferro.eu\/de\/wp-json\/wp\/v2\/product\/122055","targetHints":{"allow":["GET"]}}],"collection":[{"href":"https:\/\/www.fabioferro.eu\/de\/wp-json\/wp\/v2\/product"}],"about":[{"href":"https:\/\/www.fabioferro.eu\/de\/wp-json\/wp\/v2\/types\/product"}],"replies":[{"embeddable":true,"href":"https:\/\/www.fabioferro.eu\/de\/wp-json\/wp\/v2\/comments?post=122055"}],"version-history":[{"count":0,"href":"https:\/\/www.fabioferro.eu\/de\/wp-json\/wp\/v2\/product\/122055\/revisions"}],"wp:featuredmedia":[{"embeddable":true,"href":"https:\/\/www.fabioferro.eu\/de\/wp-json\/wp\/v2\/media\/122080"}],"wp:attachment":[{"href":"https:\/\/www.fabioferro.eu\/de\/wp-json\/wp\/v2\/media?parent=122055"}],"wp:term":[{"taxonomy":"product_brand","embeddable":true,"href":"https:\/\/www.fabioferro.eu\/de\/wp-json\/wp\/v2\/product_brand?post=122055"},{"taxonomy":"product_cat","embeddable":true,"href":"https:\/\/www.fabioferro.eu\/de\/wp-json\/wp\/v2\/product_cat?post=122055"},{"taxonomy":"product_tag","embeddable":true,"href":"https:\/\/www.fabioferro.eu\/de\/wp-json\/wp\/v2\/product_tag?post=122055"}],"curies":[{"name":"wp","href":"https:\/\/api.w.org\/{rel}","templated":true}]}}