{"id":122090,"date":"2024-02-03T18:26:27","date_gmt":"2024-02-03T17:26:27","guid":{"rendered":"https:\/\/www.fabioferro.eu\/fabio-ferro-punto-luce-halskette-aus-weissgold-mit-diamant-015-karat.html"},"modified":"2024-02-09T14:54:57","modified_gmt":"2024-02-09T13:54:57","slug":"fabio-ferro-punto-luce-halskette-aus-weissgold-mit-diamant-015-karat","status":"publish","type":"product","link":"https:\/\/www.fabioferro.eu\/de\/fabio-ferro-punto-luce-halskette-aus-weissgold-mit-diamant-015-karat.html","title":{"rendered":"Fabio Ferro Punto Luce Halskette aus Wei\u00dfgold mit Diamant 0,15 Karat"},"content":{"rendered":"<p>In unserer Goldschmiedewerkstatt handgefertigtes Collier aus Wei\u00dfgold mit einem Gewicht von 2,82 Gramm.<\/p>\n<p>Die Halskette mit runder Zwiebelfassung misst 5 mm im Durchmesser und 3,60 mm in der Dicke. Sie ist mit einem Diamanten im Brillantschliff von 0,15 Karat besetzt. Farbe F und Reinheit VS1.<\/p>\n<p>Die venezianische Kette aus Wei\u00dfgold mit Karabinerverschluss hat eine Gesamtl\u00e4nge von 45 cm und kann mit den dazwischen liegenden Gliedern auf 42 cm verk\u00fcrzt werden.<\/p>\n<p>Das Schmuckst\u00fcck wird mit einem eleganten Etui und einem von Fabio Ferro unterzeichneten Garantie- und Qualit\u00e4tszertifikat geliefert.<\/p>\n<p><img decoding=\"async\" class=\"alignnone size-full wp-image-68675\" src=\"https:\/\/cdn02.fabioferro.eu\/wp-content\/uploads\/IGI-4cs-chart-IT-scaled.jpg\" alt=\"\" width=\"1864\" height=\"2560\" title=\"\" srcset=\"https:\/\/cdn02.fabioferro.eu\/wp-content\/uploads\/IGI-4cs-chart-IT-scaled.jpg 1864w, https:\/\/cdn02.fabioferro.eu\/wp-content\/uploads\/IGI-4cs-chart-IT-768x1055.jpg 768w, https:\/\/cdn02.fabioferro.eu\/wp-content\/uploads\/IGI-4cs-chart-IT-1119x1536.jpg 1119w, https:\/\/cdn02.fabioferro.eu\/wp-content\/uploads\/IGI-4cs-chart-IT-1491x2048.jpg 1491w, https:\/\/cdn02.fabioferro.eu\/wp-content\/uploads\/IGI-4cs-chart-IT-990x1359.jpg 990w, https:\/\/cdn02.fabioferro.eu\/wp-content\/uploads\/IGI-4cs-chart-IT-441x606.jpg 441w, https:\/\/cdn02.fabioferro.eu\/wp-content\/uploads\/IGI-4cs-chart-IT-600x824.jpg 600w, https:\/\/cdn02.fabioferro.eu\/wp-content\/uploads\/IGI-4cs-chart-IT-150x206.jpg 150w\" sizes=\"(max-width: 1864px) 100vw, 1864px\" \/><\/p>\n","protected":false},"excerpt":{"rendered":"<p>Puntoluce-Halskette aus Wei\u00dfgold in Zwiebelfassung mit einem Solit\u00e4rdiamanten mit Brillantschliff von 0,15 Karat.<\/p>\n","protected":false},"featured_media":122115,"comment_status":"open","ping_status":"closed","template":"","meta":[],"product_brand":[152],"product_cat":[6016],"product_tag":[7442],"class_list":{"0":"post-122090","1":"product","2":"type-product","3":"status-publish","4":"has-post-thumbnail","6":"product_brand-fabio-ferro-i-gioielli","7":"product_cat-dot-light-halsketten","8":"product_tag-verfugbar","10":"first","11":"instock","12":"sale","13":"taxable","14":"shipping-taxable","15":"purchasable","16":"product-type-simple"},"exclude_global_add_ons":[],"addons":[],"df_price":1180,"df_sale_price":1180,"df_regular_price":1475,"df_image_link":"https:\/\/cdn02.fabioferro.eu\/wp-content\/uploads\/collana-punto-luce-in-oro-bianco-con-diamante-ff1141.jpg","_links":{"self":[{"href":"https:\/\/www.fabioferro.eu\/de\/wp-json\/wp\/v2\/product\/122090","targetHints":{"allow":["GET"]}}],"collection":[{"href":"https:\/\/www.fabioferro.eu\/de\/wp-json\/wp\/v2\/product"}],"about":[{"href":"https:\/\/www.fabioferro.eu\/de\/wp-json\/wp\/v2\/types\/product"}],"replies":[{"embeddable":true,"href":"https:\/\/www.fabioferro.eu\/de\/wp-json\/wp\/v2\/comments?post=122090"}],"version-history":[{"count":0,"href":"https:\/\/www.fabioferro.eu\/de\/wp-json\/wp\/v2\/product\/122090\/revisions"}],"wp:featuredmedia":[{"embeddable":true,"href":"https:\/\/www.fabioferro.eu\/de\/wp-json\/wp\/v2\/media\/122115"}],"wp:attachment":[{"href":"https:\/\/www.fabioferro.eu\/de\/wp-json\/wp\/v2\/media?parent=122090"}],"wp:term":[{"taxonomy":"product_brand","embeddable":true,"href":"https:\/\/www.fabioferro.eu\/de\/wp-json\/wp\/v2\/product_brand?post=122090"},{"taxonomy":"product_cat","embeddable":true,"href":"https:\/\/www.fabioferro.eu\/de\/wp-json\/wp\/v2\/product_cat?post=122090"},{"taxonomy":"product_tag","embeddable":true,"href":"https:\/\/www.fabioferro.eu\/de\/wp-json\/wp\/v2\/product_tag?post=122090"}],"curies":[{"name":"wp","href":"https:\/\/api.w.org\/{rel}","templated":true}]}}